{"id":733767,"date":"2025-08-27T22:16:19","date_gmt":"2025-08-27T19:16:19","guid":{"rendered":"https:\/\/roveyayinevi.com.tr\/index.php\/urun\/kadinla\/"},"modified":"2026-03-12T02:52:17","modified_gmt":"2026-03-11T23:52:17","slug":"kadinla","status":"publish","type":"product","link":"https:\/\/roveyayinevi.com.tr\/index.php\/urun\/kadinla\/","title":{"rendered":"Kad\u0131nla"},"content":{"rendered":"<p>\u0130nsan umutlu olunca yazar hayat hikayesini. Film karelerinde g\u00f6rmek istedi\u011fi bir \u00e7ok \u015fey eksilirken, y\u00fcr\u00fcr hedefine. \u00d6l\u00fcmlerin ard\u0131ndan s\u00f6zc\u00fcklerin h\u00fczn\u00fc kald\u0131. Her \u015feyin bozulmas\u0131, t\u00fckenmesi yar\u0131\u015f\u0131yor zamanla.    Gece yaln\u0131zl\u0131\u011f\u0131yd\u0131 g\u00f6zlerindeki \u00e7ocuk bak\u0131\u015flar\u0131n\u0131 t\u00fcketen. Belle\u011fini geli\u015ftiren filmler, sonuna dek sevdi\u011fi kitaplar, ilkgen\u00e7li\u011fi kadar h\u00fcz\u00fcnl\u00fcyd\u00fc. \u0130\u00e7indeki resimleri \u00e7o\u011faltt\u0131, i\u00e7i s\u0131k\u0131ld\u0131\u011f\u0131nda saatlere isimler se\u00e7ti, g\u00fcnlere yolculuklar. Ya\u015fad\u0131\u011f\u0131 \u015fehrin ya\u011fmalanan tarihinde, s\u00f6z\u00fcn\u00fc sak\u0131nmad\u0131. Dokunakl\u0131 ve yal\u0131n i\u00e7indeki s\u00f6zc\u00fckleri \u00e7izdi geceye&#8230; <\/p>\n","protected":false},"excerpt":{"rendered":"<p>\u0130nsan umutlu olunca yazar hayat hikayesini. Film karelerinde g\u00f6rmek istedi\u011fi bir \u00e7ok \u015fey eksilirken, y\u00fcr\u00fcr hedefine. \u00d6l\u00fcmlerin ard\u0131ndan s\u00f6zc\u00fcklerin h\u00fczn\u00fc kald\u0131. Her \u015feyin bozulmas\u0131, t\u00fckenmesi yar\u0131\u015f\u0131yor<span class=\"excerpt-hellip\"> [\u2026]<\/span><\/p>\n","protected":false},"featured_media":0,"template":"","meta":{"_monsterinsights_skip_tracking":false,"_monsterinsights_sitenote_active":false,"_monsterinsights_sitenote_note":"","_monsterinsights_sitenote_category":0},"product_brand":[],"product_cat":[12291,12711],"product_tag":[],"class_list":{"0":"post-733767","1":"product","2":"type-product","3":"status-publish","5":"product_cat-edebiyat","6":"product_cat-roman-oyku","7":"pa_cilt-ciltsiz","8":"pa_tur-kitap","9":"pa_yayinevi-kirmizi-cati-yayinlari","10":"pa_yazar-muserref-kaya","12":"first","13":"instock","14":"sale","15":"shipping-taxable","16":"purchasable","17":"product-type-simple"},"_links":{"self":[{"href":"https:\/\/roveyayinevi.com.tr\/index.php\/wp-json\/wp\/v2\/product\/733767","targetHints":{"allow":["GET"]}}],"collection":[{"href":"https:\/\/roveyayinevi.com.tr\/index.php\/wp-json\/wp\/v2\/product"}],"about":[{"href":"https:\/\/roveyayinevi.com.tr\/index.php\/wp-json\/wp\/v2\/types\/product"}],"wp:attachment":[{"href":"https:\/\/roveyayinevi.com.tr\/index.php\/wp-json\/wp\/v2\/media?parent=733767"}],"wp:term":[{"taxonomy":"product_brand","embeddable":true,"href":"https:\/\/roveyayinevi.com.tr\/index.php\/wp-json\/wp\/v2\/product_brand?post=733767"},{"taxonomy":"product_cat","embeddable":true,"href":"https:\/\/roveyayinevi.com.tr\/index.php\/wp-json\/wp\/v2\/product_cat?post=733767"},{"taxonomy":"product_tag","embeddable":true,"href":"https:\/\/roveyayinevi.com.tr\/index.php\/wp-json\/wp\/v2\/product_tag?post=733767"}],"curies":[{"name":"wp","href":"https:\/\/api.w.org\/{rel}","templated":true}]}}