{"id":733762,"date":"2025-08-27T22:16:13","date_gmt":"2025-08-27T19:16:13","guid":{"rendered":"https:\/\/roveyayinevi.com.tr\/index.php\/urun\/en-guzel-yildiz\/"},"modified":"2026-04-16T02:41:35","modified_gmt":"2026-04-15T23:41:35","slug":"en-guzel-yildiz","status":"publish","type":"product","link":"https:\/\/roveyayinevi.com.tr\/index.php\/urun\/en-guzel-yildiz\/","title":{"rendered":"En G\u00fczel Y\u0131ld\u0131z"},"content":{"rendered":"<p>Salamis \u00c7ocuk Yay\u0131nlar\u0131 T\u00fcrkiye&#8217;de ve K\u0131br\u0131s&#8217;ta ayn\u0131 anda yay\u0131mlad\u0131\u011f\u0131 kitaplarda \u00e7ocuklara do\u011fa ve \u00e7evre bilinci kazand\u0131rmay\u0131 hedefliyor. Bar\u0131\u015f, dostluk ve karde\u015flik tohumlar\u0131 ekmeye devam ediyoruz. Yeni kitab\u0131m\u0131z;  En G\u00fczel Y\u0131ld\u0131z Bu kitapta minik Lao ile bir Deniz Y\u0131ld\u0131z\u0131n\u0131n dostlu\u011fu var. Bir de sihirli oldu\u011funa inan\u0131lan kaplumba\u011flar. \u00c7ocuklar\u0131n do\u011fayla, denizle ve canl\u0131larla dostlu\u011fu kitaplara s\u0131\u011fmaz elbet. Bu kitapta da miniklerimiz bu dostlu\u011fun bir k\u0131sm\u0131n\u0131 okuyacak ve birbirinden g\u00fczel \u00e7izimlerle bunu zihinlerine kaz\u0131yacak. Her \u015fey \u00e7evre bilinci olan bar\u0131\u015f ve karde\u015flik duygular\u0131yla donanm\u0131\u015f yeni bir nesil i\u00e7in! <\/p>\n","protected":false},"excerpt":{"rendered":"<p>Salamis \u00c7ocuk Yay\u0131nlar\u0131 T\u00fcrkiye&#8217;de ve K\u0131br\u0131s&#8217;ta ayn\u0131 anda yay\u0131mlad\u0131\u011f\u0131 kitaplarda \u00e7ocuklara do\u011fa ve \u00e7evre bilinci kazand\u0131rmay\u0131 hedefliyor. Bar\u0131\u015f, dostluk ve karde\u015flik tohumlar\u0131 ekmeye devam ediyoruz. Yeni<span class=\"excerpt-hellip\"> [\u2026]<\/span><\/p>\n","protected":false},"featured_media":0,"template":"","meta":{"_monsterinsights_skip_tracking":false,"_monsterinsights_sitenote_active":false,"_monsterinsights_sitenote_note":"","_monsterinsights_sitenote_category":0},"product_brand":[],"product_cat":[12274,12284],"product_tag":[],"class_list":{"0":"post-733762","1":"product","2":"type-product","3":"status-publish","5":"product_cat-cocuk-ve-genclik-kitaplari","6":"product_cat-hikayeler","7":"pa_cilt-ciltsiz","8":"pa_tur-kitap","9":"pa_yayinevi-salamis-yayinlari","10":"pa_yazar-simona-barba","12":"first","13":"instock","14":"sale","15":"shipping-taxable","16":"purchasable","17":"product-type-simple"},"_links":{"self":[{"href":"https:\/\/roveyayinevi.com.tr\/index.php\/wp-json\/wp\/v2\/product\/733762","targetHints":{"allow":["GET"]}}],"collection":[{"href":"https:\/\/roveyayinevi.com.tr\/index.php\/wp-json\/wp\/v2\/product"}],"about":[{"href":"https:\/\/roveyayinevi.com.tr\/index.php\/wp-json\/wp\/v2\/types\/product"}],"wp:attachment":[{"href":"https:\/\/roveyayinevi.com.tr\/index.php\/wp-json\/wp\/v2\/media?parent=733762"}],"wp:term":[{"taxonomy":"product_brand","embeddable":true,"href":"https:\/\/roveyayinevi.com.tr\/index.php\/wp-json\/wp\/v2\/product_brand?post=733762"},{"taxonomy":"product_cat","embeddable":true,"href":"https:\/\/roveyayinevi.com.tr\/index.php\/wp-json\/wp\/v2\/product_cat?post=733762"},{"taxonomy":"product_tag","embeddable":true,"href":"https:\/\/roveyayinevi.com.tr\/index.php\/wp-json\/wp\/v2\/product_tag?post=733762"}],"curies":[{"name":"wp","href":"https:\/\/api.w.org\/{rel}","templated":true}]}}