{"id":733759,"date":"2025-08-27T22:16:10","date_gmt":"2025-08-27T19:16:10","guid":{"rendered":"https:\/\/roveyayinevi.com.tr\/index.php\/urun\/english-100-words-ingilizce-100-kelime\/"},"modified":"2026-04-16T02:41:35","modified_gmt":"2026-04-15T23:41:35","slug":"english-100-words-ingilizce-100-kelime","status":"publish","type":"product","link":"https:\/\/roveyayinevi.com.tr\/index.php\/urun\/english-100-words-ingilizce-100-kelime\/","title":{"rendered":"English 100 Words &#8211; \u0130ngilizce 100 Kelime"},"content":{"rendered":"<p>Hadi \u00f6\u011frenmeye!   \u00c7ocu\u011funuzun s\u0131k kullan\u0131lan 100 \u0130ngilizce kelimeyi kolayca \u00f6\u011frenmesini sa\u011flay\u0131n.   Kelimeleri tan\u0131t\u0131n. Nesnelerin resimlerini parma\u011f\u0131n\u0131zla g\u00f6sterin ve resmi tan\u0131mlayan kelimeyi iki kez okuyun.   Peki\u015ftirin. Nesnenin ad\u0131n\u0131 s\u00f6yleyip \u00e7ocu\u011funuzdan kitapta bulmas\u0131n\u0131 isteyin.   S\u00f6zel yeteneklerin geli\u015fimini sa\u011flay\u0131n. Resimleri i\u015faret edip \u00e7ocu\u011funuzdan ne oldu\u011funu s\u00f6ylemesini isteyin.  \u0130ngilizce 100 Kelime dizisinin reng\u00e2renk ve c\u0131v\u0131l c\u0131v\u0131l kitaplar\u0131 \u00f6\u011frenmeyi basit ve e\u011flenceli hale getirmekle kalm\u0131yor, ayn\u0131 zamanda \u00e7ocu\u011funuzun \u0130ngilizce kelime da\u011farc\u0131\u011f\u0131n\u0131 kolayca olu\u015fturup geli\u015ftirmesini de sa\u011fl\u0131yor. <\/p>\n","protected":false},"excerpt":{"rendered":"<p>Hadi \u00f6\u011frenmeye! \u00c7ocu\u011funuzun s\u0131k kullan\u0131lan 100 \u0130ngilizce kelimeyi kolayca \u00f6\u011frenmesini sa\u011flay\u0131n. Kelimeleri tan\u0131t\u0131n. Nesnelerin resimlerini parma\u011f\u0131n\u0131zla g\u00f6sterin ve resmi tan\u0131mlayan kelimeyi iki kez okuyun. Peki\u015ftirin. Nesnenin<span class=\"excerpt-hellip\"> [\u2026]<\/span><\/p>\n","protected":false},"featured_media":0,"template":"","meta":{"_monsterinsights_skip_tracking":false,"_monsterinsights_sitenote_active":false,"_monsterinsights_sitenote_note":"","_monsterinsights_sitenote_category":0},"product_brand":[],"product_cat":[12274,15842],"product_tag":[],"class_list":{"0":"post-733759","1":"product","2":"type-product","3":"status-publish","5":"product_cat-cocuk-ve-genclik-kitaplari","6":"product_cat-egitici-kitaplar","7":"pa_cilt-ciltsiz","8":"pa_tur-kitap","9":"pa_yayinevi-1001-cicek-kitaplar","10":"pa_yazar-1001-cicek-kitaplar-kolektif","12":"first","13":"instock","14":"sale","15":"shipping-taxable","16":"purchasable","17":"product-type-simple"},"_links":{"self":[{"href":"https:\/\/roveyayinevi.com.tr\/index.php\/wp-json\/wp\/v2\/product\/733759","targetHints":{"allow":["GET"]}}],"collection":[{"href":"https:\/\/roveyayinevi.com.tr\/index.php\/wp-json\/wp\/v2\/product"}],"about":[{"href":"https:\/\/roveyayinevi.com.tr\/index.php\/wp-json\/wp\/v2\/types\/product"}],"wp:attachment":[{"href":"https:\/\/roveyayinevi.com.tr\/index.php\/wp-json\/wp\/v2\/media?parent=733759"}],"wp:term":[{"taxonomy":"product_brand","embeddable":true,"href":"https:\/\/roveyayinevi.com.tr\/index.php\/wp-json\/wp\/v2\/product_brand?post=733759"},{"taxonomy":"product_cat","embeddable":true,"href":"https:\/\/roveyayinevi.com.tr\/index.php\/wp-json\/wp\/v2\/product_cat?post=733759"},{"taxonomy":"product_tag","embeddable":true,"href":"https:\/\/roveyayinevi.com.tr\/index.php\/wp-json\/wp\/v2\/product_tag?post=733759"}],"curies":[{"name":"wp","href":"https:\/\/api.w.org\/{rel}","templated":true}]}}