{"id":733740,"date":"2025-08-27T22:15:49","date_gmt":"2025-08-27T19:15:49","guid":{"rendered":"https:\/\/roveyayinevi.com.tr\/index.php\/urun\/laya-2\/"},"modified":"2026-04-16T02:41:35","modified_gmt":"2026-04-15T23:41:35","slug":"laya-2","status":"publish","type":"product","link":"https:\/\/roveyayinevi.com.tr\/index.php\/urun\/laya-2\/","title":{"rendered":"Laya 2"},"content":{"rendered":"<p>Hen\u00fcz kundakta bir bebek iken tan\u0131\u015ft\u0131\u011f\u0131m\u0131z ele avuca s\u0131\u011fmaz, afacan k\u0131z\u0131m\u0131z Laya art\u0131k gen\u00e7 bir k\u0131zd\u0131r. Laya, \u015eenjoylar\u0131n \u0131srarlar\u0131 \u00fczerine Budabu a\u011fac\u0131na t\u0131rmanmaya karar verir. Concus k\u00e2hinlerinin haber verdi\u011fi, krallar\u0131n\u0131 devirebilecek ola\u011fan\u00fcst\u00fc \u00f6zelliklere sahip olan, herkesin bekledi\u011fi, o muhte\u015fem k\u0131z BUDABU, Laya m\u0131d\u0131r? Laya, Budabu olsun olmas\u0131n Deblos&#8217;a gitmeye kesin kararl\u0131d\u0131r. Sadece Laya de\u011fil bu yolculu\u011fa kesin kararl\u0131 olan ba\u015fkalar\u0131 da vard\u0131r: 1 Concus, 3 Bigem, 3 Rami, gemi m\u00fcrettebat\u0131 olarak Bigem ve Ramiler aras\u0131ndan se\u00e7ilen 45 adam ve 1 \u015fenjoy olarak Deblos&#8217;u kurtarmak u\u011fruna \u00e7\u0131kt\u0131klar\u0131 deniz yolculu\u011fu sonunda kahramanlar\u0131m\u0131z Deblos saray\u0131na girmeyi ba\u015far\u0131r. Laya ve arkada\u015flar\u0131 art\u0131k sarayl\u0131 olmu\u015ftur. Deblos saray hayat\u0131na uyum sa\u011flayabilecekler mi? D\u00fczenlenen g\u00fczellik yar\u0131\u015fmas\u0131n\u0131n kazanan\u0131 kim olacak? Kraliyet balolar\u0131nda neler ya\u015fanacak? Entrika sava\u015flar\u0131n\u0131 kim kazanacak? T\u00fcm bunlar ya\u015fan\u0131rken ger\u00e7ek a\u015fk\u0131 kimler kimlerde bulacak? Sayfalar\u0131 \u00e7evirdik\u00e7e: A\u015fk gemisine d\u00f6nen bir kad\u0131rga, \u00f6fkeli Vikingler, kocaman bir saray, balolar, \u015f\u0131kl\u0131k yar\u0131\u015f\u0131na giren aristokratlar, valsler, saray entrikalar\u0131, s\u00fcrpriz a\u015fklar, k\u0131skan\u00e7l\u0131klar, \u00f6l\u00fcm\u00fcne sevdalar ve \u00e7ok daha fazlas\u0131n\u0131 bulacaks\u0131n\u0131z,      \u201cG\u00fc\u00e7 erke\u011fe, g\u00fczellik kad\u0131na verilir. Ama her \u015feyi yenen g\u00fc\u00e7, yaln\u0131z g\u00fczelli\u011fe yenilir.\u201d Oscar Wilde  <\/p>\n","protected":false},"excerpt":{"rendered":"<p>Hen\u00fcz kundakta bir bebek iken tan\u0131\u015ft\u0131\u011f\u0131m\u0131z ele avuca s\u0131\u011fmaz, afacan k\u0131z\u0131m\u0131z Laya art\u0131k gen\u00e7 bir k\u0131zd\u0131r. Laya, \u015eenjoylar\u0131n \u0131srarlar\u0131 \u00fczerine Budabu a\u011fac\u0131na t\u0131rmanmaya karar verir. Concus<span class=\"excerpt-hellip\"> [\u2026]<\/span><\/p>\n","protected":false},"featured_media":0,"template":"","meta":{"_monsterinsights_skip_tracking":false,"_monsterinsights_sitenote_active":false,"_monsterinsights_sitenote_note":"","_monsterinsights_sitenote_category":0},"product_brand":[],"product_cat":[12291,14777],"product_tag":[],"class_list":{"0":"post-733740","1":"product","2":"type-product","3":"status-publish","5":"product_cat-edebiyat","6":"product_cat-fantastik","7":"pa_cilt-ciltsiz","8":"pa_tur-kitap","9":"pa_yayinevi-perseus","10":"pa_yazar-aytul-degerli","12":"first","13":"instock","14":"sale","15":"shipping-taxable","16":"purchasable","17":"product-type-simple"},"_links":{"self":[{"href":"https:\/\/roveyayinevi.com.tr\/index.php\/wp-json\/wp\/v2\/product\/733740","targetHints":{"allow":["GET"]}}],"collection":[{"href":"https:\/\/roveyayinevi.com.tr\/index.php\/wp-json\/wp\/v2\/product"}],"about":[{"href":"https:\/\/roveyayinevi.com.tr\/index.php\/wp-json\/wp\/v2\/types\/product"}],"wp:attachment":[{"href":"https:\/\/roveyayinevi.com.tr\/index.php\/wp-json\/wp\/v2\/media?parent=733740"}],"wp:term":[{"taxonomy":"product_brand","embeddable":true,"href":"https:\/\/roveyayinevi.com.tr\/index.php\/wp-json\/wp\/v2\/product_brand?post=733740"},{"taxonomy":"product_cat","embeddable":true,"href":"https:\/\/roveyayinevi.com.tr\/index.php\/wp-json\/wp\/v2\/product_cat?post=733740"},{"taxonomy":"product_tag","embeddable":true,"href":"https:\/\/roveyayinevi.com.tr\/index.php\/wp-json\/wp\/v2\/product_tag?post=733740"}],"curies":[{"name":"wp","href":"https:\/\/api.w.org\/{rel}","templated":true}]}}