{"id":733739,"date":"2025-08-27T22:15:48","date_gmt":"2025-08-27T19:15:48","guid":{"rendered":"https:\/\/roveyayinevi.com.tr\/index.php\/urun\/her-sey-mumkun\/"},"modified":"2026-04-16T02:41:35","modified_gmt":"2026-04-15T23:41:35","slug":"her-sey-mumkun","status":"publish","type":"product","link":"https:\/\/roveyayinevi.com.tr\/index.php\/urun\/her-sey-mumkun\/","title":{"rendered":"Her \u015eey M\u00fcmk\u00fcn"},"content":{"rendered":"<p>\u201cOysa konu\u015fsak. Ayn\u0131 dili. Belki a\u011f\u0131r. Belki mesafeli. Belki \u00e7ok yak\u0131n ama yak\u0131c\u0131, y\u0131k\u0131c\u0131. Olsun. Belki ba\u011f\u0131r\u0131r\u0131z da, t\u00fcm h\u0131nc\u0131m\u0131z\u0131. A\u011fz\u0131m\u0131 bir a\u00e7ar\u0131m, deliklerimden s\u0131zan kanlar \u00e7ekilir, nehir olup a\u011fz\u0131mdan d\u0131\u015far\u0131 f\u0131\u015fk\u0131r\u0131r. Bir kerede. Ne s\u00f6yleyeceksem s\u00f6ylerim. Ta\u015f ta\u015f \u00fcst\u00fcnde kalmaz. Olsun. D\u00f6k\u00fclen s\u0131valarla kendimi yamar\u0131m. Belki bir d\u00f6kt\u00fck m\u00fc i\u00e7imizi, bir konu\u015ftuk mu, k\u00fc\u00e7\u00fcl\u00fcverir meseleler. Bu muymu\u015f, deriz. Belki g\u00fclebiliriz halimize, kim bilir? \u00c7ay koyar\u0131z, girer battaniyenin alt\u0131na sevi\u015firiz. Kim bilir? Sonu mutlak g\u00fczel olacak. Ya \u00f6yle, ya b\u00f6yle. Ya beraber, ya ayr\u0131. Ama bir sonu olacak bu kendi zihinlerimizde tuttu\u011fumuz n\u00f6betlerin. Bu duvarlara \u00e7entik atmay\u0131 b\u0131rakaca\u011f\u0131z. Benim beneklerim kaybolacak; o, limonlar\u0131 unutacak. Vazge\u00e7ece\u011fiz. Ya da inad\u0131na.\u201d<\/p>\n","protected":false},"excerpt":{"rendered":"<p>\u201cOysa konu\u015fsak. Ayn\u0131 dili. Belki a\u011f\u0131r. Belki mesafeli. Belki \u00e7ok yak\u0131n ama yak\u0131c\u0131, y\u0131k\u0131c\u0131. Olsun. Belki ba\u011f\u0131r\u0131r\u0131z da, t\u00fcm h\u0131nc\u0131m\u0131z\u0131. A\u011fz\u0131m\u0131 bir a\u00e7ar\u0131m, deliklerimden s\u0131zan kanlar<span class=\"excerpt-hellip\"> [\u2026]<\/span><\/p>\n","protected":false},"featured_media":0,"template":"","meta":{"_monsterinsights_skip_tracking":false,"_monsterinsights_sitenote_active":false,"_monsterinsights_sitenote_note":"","_monsterinsights_sitenote_category":0},"product_brand":[],"product_cat":[12291,12711],"product_tag":[],"class_list":{"0":"post-733739","1":"product","2":"type-product","3":"status-publish","5":"product_cat-edebiyat","6":"product_cat-roman-oyku","7":"pa_cilt-ciltsiz","8":"pa_tur-kitap","9":"pa_yayinevi-perseus","10":"pa_yazar-ilke-mirik","12":"first","13":"instock","14":"sale","15":"shipping-taxable","16":"purchasable","17":"product-type-simple"},"_links":{"self":[{"href":"https:\/\/roveyayinevi.com.tr\/index.php\/wp-json\/wp\/v2\/product\/733739","targetHints":{"allow":["GET"]}}],"collection":[{"href":"https:\/\/roveyayinevi.com.tr\/index.php\/wp-json\/wp\/v2\/product"}],"about":[{"href":"https:\/\/roveyayinevi.com.tr\/index.php\/wp-json\/wp\/v2\/types\/product"}],"wp:attachment":[{"href":"https:\/\/roveyayinevi.com.tr\/index.php\/wp-json\/wp\/v2\/media?parent=733739"}],"wp:term":[{"taxonomy":"product_brand","embeddable":true,"href":"https:\/\/roveyayinevi.com.tr\/index.php\/wp-json\/wp\/v2\/product_brand?post=733739"},{"taxonomy":"product_cat","embeddable":true,"href":"https:\/\/roveyayinevi.com.tr\/index.php\/wp-json\/wp\/v2\/product_cat?post=733739"},{"taxonomy":"product_tag","embeddable":true,"href":"https:\/\/roveyayinevi.com.tr\/index.php\/wp-json\/wp\/v2\/product_tag?post=733739"}],"curies":[{"name":"wp","href":"https:\/\/api.w.org\/{rel}","templated":true}]}}