{"id":733737,"date":"2025-08-27T22:15:46","date_gmt":"2025-08-27T19:15:46","guid":{"rendered":"https:\/\/roveyayinevi.com.tr\/index.php\/urun\/spermler-erkekten-yumurtalar-kadindan\/"},"modified":"2026-04-16T02:41:35","modified_gmt":"2026-04-15T23:41:35","slug":"spermler-erkekten-yumurtalar-kadindan","status":"publish","type":"product","link":"https:\/\/roveyayinevi.com.tr\/index.php\/urun\/spermler-erkekten-yumurtalar-kadindan\/","title":{"rendered":"Spermler Erkekten Yumurtalar Kad\u0131ndan"},"content":{"rendered":"<p>\u0130li\u015fkiler s\u00f6z konusu oldu\u011funda kad\u0131nlar ve erkekler birbirinden olduk\u00e7a farkl\u0131d\u0131r. \u00d6zellikle de konu romantizm ve cinsellik oldu\u011funda erkeklerin neden giri\u015fken, kad\u0131nlar\u0131nsa \u00e7ekingen davrand\u0131\u011f\u0131n\u0131 anlamak i\u00e7in art\u0131k yorumlardan ziyade bilimsel ger\u00e7eklere ihtiyac\u0131m\u0131z var! T\u00fcm cinsel ve sosyal davran\u0131\u015flar\u0131m\u0131z\u0131n, hatta fiziksel g\u00f6r\u00fcn\u00fcm\u00fcm\u00fcz\u00fcn bile minik \u00fcreme h\u00fccrelerimizin yapt\u0131klar\u0131na ba\u011flanabilece\u011fini kim tahmin edebilirdi?    Evet, Spermler Erkekten, Yumurtalar Kad\u0131ndan bilimsel bir kitap; ama erkeklerin ba\u011flanmaya kad\u0131nlar\u0131nsa sekse temkinli yakla\u015fmalar\u0131n\u0131n sebepleri, aldatmayla ilgili ger\u00e7ekler, k\u0131skan\u00e7l\u0131klar\u0131m\u0131z\u0131n ard\u0131ndaki nedenler, cinsel ihtiya\u00e7lar gibi konularda Quirk\u2019\u00fcn sade bir dille aktard\u0131\u011f\u0131 hakikatleri herkes rahatl\u0131kla anlayabilir.    Bu ger\u00e7eklere dayal\u0131 e\u011flenceli kitap, erkekler ve kad\u0131nlar aras\u0131ndaki davran\u0131\u015flar\u0131 ve etkile\u015fimleri ger\u00e7ekten neyin y\u00f6nlendirdi\u011fi konusuna mizahi bir bak\u0131\u015f getiriyor!   \u201cQuirk\u2019\u00fcn muzip, ki\u015fisel tarz\u0131 sosyobiyoloji \u00f6\u011frenmeyi e\u011flenceli k\u0131l\u0131yor! \u015eoke olmaya, hayrete d\u00fc\u015fmeye, ne\u015felenmeye ve sonunda kar\u015f\u0131 cins \u00fcyelerini biraz daha bilgece de\u011ferlendirebilir hale gelmeye haz\u0131r olun.\u201d  -Steve M. Potter, Georgia Teknoloji Enstit\u00fcs\u00fc Biyomedikal M\u00fchendislik B\u00f6l\u00fcm\u00fc Profes\u00f6r\u00fc <\/p>\n","protected":false},"excerpt":{"rendered":"<p>\u0130li\u015fkiler s\u00f6z konusu oldu\u011funda kad\u0131nlar ve erkekler birbirinden olduk\u00e7a farkl\u0131d\u0131r. \u00d6zellikle de konu romantizm ve cinsellik oldu\u011funda erkeklerin neden giri\u015fken, kad\u0131nlar\u0131nsa \u00e7ekingen davrand\u0131\u011f\u0131n\u0131 anlamak i\u00e7in art\u0131k<span class=\"excerpt-hellip\"> [\u2026]<\/span><\/p>\n","protected":false},"featured_media":0,"template":"","meta":{"_monsterinsights_skip_tracking":false,"_monsterinsights_sitenote_active":false,"_monsterinsights_sitenote_note":"","_monsterinsights_sitenote_category":0},"product_brand":[],"product_cat":[26396,13488],"product_tag":[],"class_list":{"0":"post-733737","1":"product","2":"type-product","3":"status-publish","5":"product_cat-kadin-erkek-iliskileri","6":"product_cat-toplum-ve-insan","7":"pa_cilt-ciltsiz","8":"pa_tur-kitap","9":"pa_yayinevi-indigo-kitap","10":"pa_yazar-joe-quirk","12":"first","13":"instock","14":"sale","15":"shipping-taxable","16":"purchasable","17":"product-type-simple"},"_links":{"self":[{"href":"https:\/\/roveyayinevi.com.tr\/index.php\/wp-json\/wp\/v2\/product\/733737","targetHints":{"allow":["GET"]}}],"collection":[{"href":"https:\/\/roveyayinevi.com.tr\/index.php\/wp-json\/wp\/v2\/product"}],"about":[{"href":"https:\/\/roveyayinevi.com.tr\/index.php\/wp-json\/wp\/v2\/types\/product"}],"wp:attachment":[{"href":"https:\/\/roveyayinevi.com.tr\/index.php\/wp-json\/wp\/v2\/media?parent=733737"}],"wp:term":[{"taxonomy":"product_brand","embeddable":true,"href":"https:\/\/roveyayinevi.com.tr\/index.php\/wp-json\/wp\/v2\/product_brand?post=733737"},{"taxonomy":"product_cat","embeddable":true,"href":"https:\/\/roveyayinevi.com.tr\/index.php\/wp-json\/wp\/v2\/product_cat?post=733737"},{"taxonomy":"product_tag","embeddable":true,"href":"https:\/\/roveyayinevi.com.tr\/index.php\/wp-json\/wp\/v2\/product_tag?post=733737"}],"curies":[{"name":"wp","href":"https:\/\/api.w.org\/{rel}","templated":true}]}}