{"id":733736,"date":"2025-08-27T22:15:45","date_gmt":"2025-08-27T19:15:45","guid":{"rendered":"https:\/\/roveyayinevi.com.tr\/index.php\/urun\/oluye-yatma-sanati\/"},"modified":"2026-04-16T02:41:35","modified_gmt":"2026-04-15T23:41:35","slug":"oluye-yatma-sanati","status":"publish","type":"product","link":"https:\/\/roveyayinevi.com.tr\/index.php\/urun\/oluye-yatma-sanati\/","title":{"rendered":"\u00d6l\u00fcye Yatma Sanat\u0131"},"content":{"rendered":"<p>\u00d6l\u00fcm Sahtek\u00e2rl\u0131\u011f\u0131 D\u00fcnyas\u0131nda Bir Yolculuk   \u0130nsan\u0131n en b\u00fcy\u00fck m\u00fccadelesi, var olma sava\u015f\u0131. Peki ya varl\u0131\u011f\u0131m\u0131zdan memnun de\u011filsek? Yeni bir hayat\u0131 kendi ellerimizle in\u015fa etmek i\u00e7in neler yapar\u0131z?    Elizabeth Greenwood, alt\u0131 haneyi bulan \u00f6\u011frenim borcunu \u00f6deyemeyince kendi \u00f6l\u00fcm\u00fcn\u00fc kurgulay\u0131p b\u00fct\u00fcn bor\u00e7lar\u0131ndan kurtulmay\u0131 umar. Bir dizi ara\u015ft\u0131rman\u0131n ard\u0131ndan bu konuda somut ad\u0131mlar da atar ama hesap etmeyi unuttu\u011fu baz\u0131 ger\u00e7ekler vard\u0131r\u2026   Greenwood, \u00d6l\u00fcye Yatma Sanat\u0131\u2019nda kaybolurken yok olmak istemeyenlerin hik\u00e2yesini kaleme al\u0131yor. Ba\u015ftan sona s\u00fcr\u00fckleyici bubiyografik eserde \u00f6lmeden ortadan kaybolman\u0131n yollar\u0131n\u0131 g\u00f6rebilirsiniz. Bunca u\u011fra\u015f\u0131n sonunda kendinden ka\u00e7man\u0131n m\u00fcmk\u00fcn olup olmad\u0131\u011f\u0131 ise \u00f6l\u00fcye yatma sanat\u0131n\u0131n inceliklerinde sakl\u0131\u2026 <\/p>\n","protected":false},"excerpt":{"rendered":"<p>\u00d6l\u00fcm Sahtek\u00e2rl\u0131\u011f\u0131 D\u00fcnyas\u0131nda Bir Yolculuk \u0130nsan\u0131n en b\u00fcy\u00fck m\u00fccadelesi, var olma sava\u015f\u0131. Peki ya varl\u0131\u011f\u0131m\u0131zdan memnun de\u011filsek? Yeni bir hayat\u0131 kendi ellerimizle in\u015fa etmek i\u00e7in neler<span class=\"excerpt-hellip\"> [\u2026]<\/span><\/p>\n","protected":false},"featured_media":0,"template":"","meta":{"_monsterinsights_skip_tracking":false,"_monsterinsights_sitenote_active":false,"_monsterinsights_sitenote_note":"","_monsterinsights_sitenote_category":0},"product_brand":[],"product_cat":[13005,13006],"product_tag":[],"class_list":{"0":"post-733736","1":"product","2":"type-product","3":"status-publish","5":"product_cat-bilim-muhendislik","6":"product_cat-populer-bilim","7":"pa_cilt-ciltsiz","8":"pa_tur-kitap","9":"pa_yayinevi-indigo-kitap","10":"pa_yazar-elizabeth-greenwood","12":"first","13":"instock","14":"sale","15":"shipping-taxable","16":"purchasable","17":"product-type-simple"},"_links":{"self":[{"href":"https:\/\/roveyayinevi.com.tr\/index.php\/wp-json\/wp\/v2\/product\/733736","targetHints":{"allow":["GET"]}}],"collection":[{"href":"https:\/\/roveyayinevi.com.tr\/index.php\/wp-json\/wp\/v2\/product"}],"about":[{"href":"https:\/\/roveyayinevi.com.tr\/index.php\/wp-json\/wp\/v2\/types\/product"}],"wp:attachment":[{"href":"https:\/\/roveyayinevi.com.tr\/index.php\/wp-json\/wp\/v2\/media?parent=733736"}],"wp:term":[{"taxonomy":"product_brand","embeddable":true,"href":"https:\/\/roveyayinevi.com.tr\/index.php\/wp-json\/wp\/v2\/product_brand?post=733736"},{"taxonomy":"product_cat","embeddable":true,"href":"https:\/\/roveyayinevi.com.tr\/index.php\/wp-json\/wp\/v2\/product_cat?post=733736"},{"taxonomy":"product_tag","embeddable":true,"href":"https:\/\/roveyayinevi.com.tr\/index.php\/wp-json\/wp\/v2\/product_tag?post=733736"}],"curies":[{"name":"wp","href":"https:\/\/api.w.org\/{rel}","templated":true}]}}