{"id":733734,"date":"2025-08-27T22:15:44","date_gmt":"2025-08-27T19:15:44","guid":{"rendered":"https:\/\/roveyayinevi.com.tr\/index.php\/urun\/gelecegi-anlamak-icin-yakin-tarih-dersleri-ciltli\/"},"modified":"2026-04-16T02:41:35","modified_gmt":"2026-04-15T23:41:35","slug":"gelecegi-anlamak-icin-yakin-tarih-dersleri-ciltli","status":"publish","type":"product","link":"https:\/\/roveyayinevi.com.tr\/index.php\/urun\/gelecegi-anlamak-icin-yakin-tarih-dersleri-ciltli\/","title":{"rendered":"Gelece\u011fi Anlamak \u0130\u00e7in Yak\u0131n Tarih Dersleri (Ciltli)"},"content":{"rendered":"<p>G\u00fcn\u00fcm\u00fczde cereyan eden bir\u00e7ok mesele ge\u00e7en as\u0131rda da hemen hemen ayn\u0131 \u015fekilde ya\u015fanm\u0131\u015ft\u0131. Ba\u015ftadevlet adamlar\u0131m\u0131z olmak \u00fczere okuma-yazma bilen her T\u00fcrk\u2019\u00fcn imparatorlu\u011fun 19. y\u00fczy\u0131l ve 20. y\u00fczy\u0131l\u0131nba\u015f\u0131ndaki da\u011f\u0131lma s\u00fcrecini, ayakta kalabilmek i\u00e7in yapt\u0131\u011f\u0131m\u0131z m\u00fccadeleyi, izledi\u011fimiz yanl\u0131\u015f siyasetler veyapt\u0131\u011f\u0131m\u0131z hatalar ile o d\u00f6nemde Avrupa\u2019n\u0131n bize kar\u015f\u0131 izledi\u011fi siyaseti b\u00fct\u00fcn teferruat\u0131yla okumas\u0131gerekir.Bu kitapta Osmanl\u0131 \u0130mparatorlu\u011fu\u2019nun son d\u00f6neminde ya\u015fanan ve g\u00fcn\u00fcm\u00fczde de yans\u0131malar\u0131 olan ilgin\u00e7hadiseleri okuyacaks\u0131n\u0131z.<\/p>\n","protected":false},"excerpt":{"rendered":"<p>G\u00fcn\u00fcm\u00fczde cereyan eden bir\u00e7ok mesele ge\u00e7en as\u0131rda da hemen hemen ayn\u0131 \u015fekilde ya\u015fanm\u0131\u015ft\u0131. Ba\u015ftadevlet adamlar\u0131m\u0131z olmak \u00fczere okuma-yazma bilen her T\u00fcrk\u2019\u00fcn imparatorlu\u011fun 19. y\u00fczy\u0131l ve 20.<span class=\"excerpt-hellip\"> [\u2026]<\/span><\/p>\n","protected":false},"featured_media":0,"template":"","meta":{"_monsterinsights_skip_tracking":false,"_monsterinsights_sitenote_active":false,"_monsterinsights_sitenote_note":"","_monsterinsights_sitenote_category":0},"product_brand":[],"product_cat":[12370,12304],"product_tag":[],"class_list":{"0":"post-733734","1":"product","2":"type-product","3":"status-publish","5":"product_cat-arastirma-inceleme","6":"product_cat-tarih","7":"pa_cilt-ciltli","8":"pa_tur-kitap","9":"pa_yayinevi-yeditepe-yayinevi","10":"pa_yazar-erhan-afyoncu","12":"first","13":"instock","14":"sale","15":"shipping-taxable","16":"purchasable","17":"product-type-simple"},"_links":{"self":[{"href":"https:\/\/roveyayinevi.com.tr\/index.php\/wp-json\/wp\/v2\/product\/733734","targetHints":{"allow":["GET"]}}],"collection":[{"href":"https:\/\/roveyayinevi.com.tr\/index.php\/wp-json\/wp\/v2\/product"}],"about":[{"href":"https:\/\/roveyayinevi.com.tr\/index.php\/wp-json\/wp\/v2\/types\/product"}],"wp:attachment":[{"href":"https:\/\/roveyayinevi.com.tr\/index.php\/wp-json\/wp\/v2\/media?parent=733734"}],"wp:term":[{"taxonomy":"product_brand","embeddable":true,"href":"https:\/\/roveyayinevi.com.tr\/index.php\/wp-json\/wp\/v2\/product_brand?post=733734"},{"taxonomy":"product_cat","embeddable":true,"href":"https:\/\/roveyayinevi.com.tr\/index.php\/wp-json\/wp\/v2\/product_cat?post=733734"},{"taxonomy":"product_tag","embeddable":true,"href":"https:\/\/roveyayinevi.com.tr\/index.php\/wp-json\/wp\/v2\/product_tag?post=733734"}],"curies":[{"name":"wp","href":"https:\/\/api.w.org\/{rel}","templated":true}]}}