{"id":733732,"date":"2025-08-27T22:15:42","date_gmt":"2025-08-27T19:15:42","guid":{"rendered":"https:\/\/roveyayinevi.com.tr\/index.php\/urun\/her-yonuyle-fransizca-dilbilgisi\/"},"modified":"2026-04-16T02:41:35","modified_gmt":"2026-04-15T23:41:35","slug":"her-yonuyle-fransizca-dilbilgisi","status":"publish","type":"product","link":"https:\/\/roveyayinevi.com.tr\/index.php\/urun\/her-yonuyle-fransizca-dilbilgisi\/","title":{"rendered":"Her Y\u00f6n\u00fcyle Frans\u0131zca Dilbilgisi"},"content":{"rendered":"<p>Bu kitap Frans\u0131zca \u00f6\u011frenen veya \u00f6\u011freten herkes d\u00fc\u015f\u00fcn\u00fclerek yaz\u0131lm\u0131\u015ft\u0131r. Kitapta uzun uzun a\u00e7\u0131klamalardan \u00e7ok, k\u0131sa ve \u00f6z betimlemelerle, anlat\u0131lmak isteneni en g\u00fczel \u00f6zetledi\u011fi d\u00fc\u015f\u00fcn\u00fclen \u00f6rneklere yer verilmeye  \u00e7al\u0131\u015f\u0131lm\u0131\u015ft\u0131r. Yaln\u0131z \u00f6rneklemekle ya da anlat\u0131lan dilbilgisi yap\u0131s\u0131n\u0131n T\u00fcrk\u00e7esini vermekle kal\u0131nmam\u0131\u015f, tablolar yard\u0131m\u0131yla ilgili dilbilgisi yap\u0131s\u0131n\u0131n Frans\u0131zcadaki ve T\u00fcrk\u00e7edeki i\u015fleyi\u015f d\u00fczene\u011fi, bir ba\u015fka deyi\u015fle yap\u0131s\u0131 sunulmaya \u00e7al\u0131\u015f\u0131lm\u0131\u015ft\u0131r. Kitab\u0131 haz\u0131rlarken bizi y\u00f6nlendiren en \u00f6nemli etken bu kitab\u0131n \u00f6zellikle Frans\u0131zca \u00f6\u011frenen bir T\u00fcrk taraf\u0131ndan kullan\u0131laca\u011f\u0131 d\u00fc\u015f\u00fcncesi olmu\u015ftur. Dolay\u0131s\u0131yla dilbilgisi betimlemelerinde T\u00fcrk \u00f6\u011frencilerin s\u0131k\u00e7a sorduklar\u0131 sorular ve anlamakta g\u00fc\u00e7l\u00fck \u00e7ektikleri noktalar \u00fczerinde \u00f6zellikle durulmu\u015f; s\u0131k\u00e7a yap\u0131lan yanl\u0131\u015flar ve bunlar\u0131n do\u011fru bi\u00e7imleri gerek\u00e7eleri belirtilerek a\u00e7\u0131klanm\u0131\u015ft\u0131r. Kitap alt\u0131 ana b\u00f6l\u00fcmden olu\u015fmaktad\u0131r. \u0130lk b\u00f6l\u00fcmde Frans\u0131zcan\u0131n sesbirimleri ve sesletim \u00f6zellikleri, ikinci b\u00f6l\u00fcmde ad ve ada ili\u015fkin t\u00fcm kavramlara yer verilmi\u015ftir. Eylemlere ayr\u0131lan \u00fc\u00e7\u00fcnc\u00fc b\u00f6l\u00fcmde Frans\u0131zcadaki eylemlerin t\u00fcrleri ve temel \u00f6zelliklerinin yan\u0131 s\u0131ra t\u00fcm zamanlar bi\u00e7imsel, anlamsal ve i\u015flevsel \u00f6zellikleriyle betimlenmi\u015ftir. D\u00f6rd\u00fcnc\u00fc b\u00f6l\u00fcm t\u00fcmce t\u00fcrlerini i\u00e7ermekte olup be\u015finci b\u00f6l\u00fcm birle\u015fik t\u00fcmceye ayr\u0131lm\u0131\u015ft\u0131r. Alt\u0131nc\u0131 b\u00f6l\u00fcm ger\u00e7ekte ada ili\u015fkin bilgiler i\u00e7ermekle birlikte Frans\u0131zcaya \u00f6zg\u00fc y\u00f6nleri nedeniyle adla\u015ft\u0131rma kavram\u0131 ayr\u0131 bir b\u00f6l\u00fcm olarak ele al\u0131nm\u0131\u015f ve ayr\u0131nt\u0131land\u0131r\u0131lm\u0131\u015ft\u0131r.<\/p>\n","protected":false},"excerpt":{"rendered":"<p>Bu kitap Frans\u0131zca \u00f6\u011frenen veya \u00f6\u011freten herkes d\u00fc\u015f\u00fcn\u00fclerek yaz\u0131lm\u0131\u015ft\u0131r. Kitapta uzun uzun a\u00e7\u0131klamalardan \u00e7ok, k\u0131sa ve \u00f6z betimlemelerle, anlat\u0131lmak isteneni en g\u00fczel \u00f6zetledi\u011fi d\u00fc\u015f\u00fcn\u00fclen \u00f6rneklere yer<span class=\"excerpt-hellip\"> [\u2026]<\/span><\/p>\n","protected":false},"featured_media":0,"template":"","meta":{"_monsterinsights_skip_tracking":false,"_monsterinsights_sitenote_active":false,"_monsterinsights_sitenote_note":"","_monsterinsights_sitenote_category":0},"product_brand":[],"product_cat":[14597,12566,35336],"product_tag":[],"class_list":{"0":"post-733732","1":"product","2":"type-product","3":"status-publish","5":"product_cat-dil-ogrenimi","6":"product_cat-egitim","7":"product_cat-fransizca","8":"pa_cilt-ciltsiz","9":"pa_tur-kitap","10":"pa_yayinevi-delta-kultur-yayinevi","11":"pa_yazar-yusuf-polat","13":"first","14":"instock","15":"sale","16":"shipping-taxable","17":"purchasable","18":"product-type-simple"},"_links":{"self":[{"href":"https:\/\/roveyayinevi.com.tr\/index.php\/wp-json\/wp\/v2\/product\/733732","targetHints":{"allow":["GET"]}}],"collection":[{"href":"https:\/\/roveyayinevi.com.tr\/index.php\/wp-json\/wp\/v2\/product"}],"about":[{"href":"https:\/\/roveyayinevi.com.tr\/index.php\/wp-json\/wp\/v2\/types\/product"}],"wp:attachment":[{"href":"https:\/\/roveyayinevi.com.tr\/index.php\/wp-json\/wp\/v2\/media?parent=733732"}],"wp:term":[{"taxonomy":"product_brand","embeddable":true,"href":"https:\/\/roveyayinevi.com.tr\/index.php\/wp-json\/wp\/v2\/product_brand?post=733732"},{"taxonomy":"product_cat","embeddable":true,"href":"https:\/\/roveyayinevi.com.tr\/index.php\/wp-json\/wp\/v2\/product_cat?post=733732"},{"taxonomy":"product_tag","embeddable":true,"href":"https:\/\/roveyayinevi.com.tr\/index.php\/wp-json\/wp\/v2\/product_tag?post=733732"}],"curies":[{"name":"wp","href":"https:\/\/api.w.org\/{rel}","templated":true}]}}