{"id":733731,"date":"2025-08-27T22:15:41","date_gmt":"2025-08-27T19:15:41","guid":{"rendered":"https:\/\/roveyayinevi.com.tr\/index.php\/urun\/betimlemeli-fransizca-dilbilgisi-alistirmalari\/"},"modified":"2026-04-16T02:41:35","modified_gmt":"2026-04-15T23:41:35","slug":"betimlemeli-fransizca-dilbilgisi-alistirmalari","status":"publish","type":"product","link":"https:\/\/roveyayinevi.com.tr\/index.php\/urun\/betimlemeli-fransizca-dilbilgisi-alistirmalari\/","title":{"rendered":"Betimlemeli Frans\u0131zca Dilbilgisi Al\u0131\u015ft\u0131rmalar\u0131"},"content":{"rendered":"<p>De\u011ferli okur, Elinizdeki yap\u0131t \u015fu anki bi\u00e7imine, yakla\u015f\u0131k 3 y\u0131ll\u0131k bir s\u00fcre\u00e7te kavu\u015fmu\u015ftur. Tasar\u0131m, uygulama, d\u00fczeltme ve yeniden yaz\u0131m s\u0131ras\u0131 izlenerek yaz\u0131lm\u0131\u015ft\u0131r. Bu y\u00f6n\u00fcyle, hem kuramsal hem de uygulay\u0131msal baz\u0131 temellere dayanmaktad\u0131r. A\u015fa\u011f\u0131da, kitapta hedeflenen \u00f6\u011frenici (fr. apprenant) kitlesi, d\u00fczey, yakla\u015f\u0131m, ders ak\u0131\u015f\u0131 ve temel ilkeler konusunda genel bilgiler sunulmaktad\u0131r. Kimler yararlanabilir? Kitab\u0131n hedef kitlesini, Frans\u0131zcay\u0131 yeni \u00f6\u011frenmeye ba\u015flayanlar olu\u015fturmakla birlikte, Frans\u0131zca \u00f6\u011freten gen\u00e7 meslekta\u015flar\u0131m\u0131za da yararl\u0131 olabilecek bir\u00e7ok y\u00f6n\u00fc oldu\u011fu d\u00fc\u015f\u00fcn\u00fclmektedir. Dil kurslar\u0131nda, \u00fcniversitelerin Frans\u0131zca b\u00f6l\u00fcmlerinde, haz\u0131rl\u0131k okullar\u0131nda, liselerde vb. Frans\u0131zca \u00f6\u011frenmekte ve \u00f6\u011fretmekte olan herkese yard\u0131mc\u0131 bir gere\u00e7 olarak yararl\u0131 olaca\u011f\u0131 kan\u0131s\u0131yla haz\u0131rlanm\u0131\u015ft\u0131r. Kendi kendine \u00f6\u011fretim kitab\u0131 olarak tasarlanmam\u0131\u015f olmakla birlikte, belli bir izlence \u00e7er\u00e7evesinde Frans\u0131zca \u00f6\u011frenenlere bireysel \u00e7al\u0131\u015fma olana\u011f\u0131 sa\u011flayabilir. Hangi d\u00fczey hedeflenmi\u015ftir? Kitapta, Avrupa Konseyi Diller \u0130\u00e7in Ortak Ba\u015fvuru Metni (Cadre Europ\u00e9en Commun des R\u00e9f\u00e9rences pour les Langues, CECRL)\u2019nde betimlenen A1 d\u00fczeyinin gerektirdi\u011fi dilsel becerileri ger\u00e7ekle\u015ftirmeye olanak sa\u011flayan dilbilgisi konular\u0131 toplam 59 konu ba\u015fl\u0131\u011f\u0131 alt\u0131nda ele al\u0131nm\u0131\u015ft\u0131r. An\u0131lan konular, Frans\u0131zca \u00f6\u011fretmek \u00fczere tasarlanm\u0131\u015f ve alanda kullan\u0131lmakta olan \u00f6\u011fretim kitaplar\u0131n\u0131n 1\u2019incilerinde yer alan konulard\u0131r. Nas\u0131l bir yakla\u015f\u0131m benimsenmi\u015ftir? Bilindi\u011fi gibi, dilbilgisi \u00f6\u011fretiminde genel olarak belirtik (fr. explicite) ve \u00f6rt\u00fck (fr. implicite) olmak \u00fczere iki temel yakla\u015f\u0131m izlenmektedir. \u00d6rt\u00fck yakla\u015f\u0131m, g\u00f6zlem s\u00fcreci sonucunda olu\u015fturulan b\u00fct\u00fcncede (fr. corpus) yer alan hedef dilbilgisi yap\u0131lar\u0131n\u0131n \u00f6\u011frenenlerce ke\u015ffine dayanmaktayken, belirtik veya a\u00e7\u0131k dilbilgisi \u00f6\u011fretimi yakla\u015f\u0131m\u0131nda hedef yap\u0131lar tablolar veya fi\u015fler i\u00e7erisinde sunulmakta, a\u00e7\u0131klamalar\u0131n ard\u0131ndan al\u0131\u015ft\u0131rmalarla peki\u015ftirilmektedir. Biz, hedef kitlemizin kendi kendine \u00e7al\u0131\u015fmak durumundaki ki\u015filer oldu\u011fu d\u00fc\u015f\u00fcncesiyle, birinci yolu, di\u011fer bir deyi\u015fle, belirtik dilbilgisi \u00f6\u011fretimini benimsedik.<\/p>\n","protected":false},"excerpt":{"rendered":"<p>De\u011ferli okur, Elinizdeki yap\u0131t \u015fu anki bi\u00e7imine, yakla\u015f\u0131k 3 y\u0131ll\u0131k bir s\u00fcre\u00e7te kavu\u015fmu\u015ftur. Tasar\u0131m, uygulama, d\u00fczeltme ve yeniden yaz\u0131m s\u0131ras\u0131 izlenerek yaz\u0131lm\u0131\u015ft\u0131r. Bu y\u00f6n\u00fcyle, hem kuramsal<span class=\"excerpt-hellip\"> [\u2026]<\/span><\/p>\n","protected":false},"featured_media":0,"template":"","meta":{"_monsterinsights_skip_tracking":false,"_monsterinsights_sitenote_active":false,"_monsterinsights_sitenote_note":"","_monsterinsights_sitenote_category":0},"product_brand":[],"product_cat":[14597,12566,35336],"product_tag":[],"class_list":{"0":"post-733731","1":"product","2":"type-product","3":"status-publish","5":"product_cat-dil-ogrenimi","6":"product_cat-egitim","7":"product_cat-fransizca","8":"pa_cilt-ciltsiz","9":"pa_tur-kitap","10":"pa_yayinevi-delta-kultur-yayinevi","11":"pa_yazar-delta-kultur-yayinevi-kolektif","13":"first","14":"instock","15":"sale","16":"shipping-taxable","17":"purchasable","18":"product-type-simple"},"_links":{"self":[{"href":"https:\/\/roveyayinevi.com.tr\/index.php\/wp-json\/wp\/v2\/product\/733731","targetHints":{"allow":["GET"]}}],"collection":[{"href":"https:\/\/roveyayinevi.com.tr\/index.php\/wp-json\/wp\/v2\/product"}],"about":[{"href":"https:\/\/roveyayinevi.com.tr\/index.php\/wp-json\/wp\/v2\/types\/product"}],"wp:attachment":[{"href":"https:\/\/roveyayinevi.com.tr\/index.php\/wp-json\/wp\/v2\/media?parent=733731"}],"wp:term":[{"taxonomy":"product_brand","embeddable":true,"href":"https:\/\/roveyayinevi.com.tr\/index.php\/wp-json\/wp\/v2\/product_brand?post=733731"},{"taxonomy":"product_cat","embeddable":true,"href":"https:\/\/roveyayinevi.com.tr\/index.php\/wp-json\/wp\/v2\/product_cat?post=733731"},{"taxonomy":"product_tag","embeddable":true,"href":"https:\/\/roveyayinevi.com.tr\/index.php\/wp-json\/wp\/v2\/product_tag?post=733731"}],"curies":[{"name":"wp","href":"https:\/\/api.w.org\/{rel}","templated":true}]}}