{"id":733727,"date":"2025-08-27T22:15:36","date_gmt":"2025-08-27T19:15:36","guid":{"rendered":"https:\/\/roveyayinevi.com.tr\/index.php\/urun\/2040a-ne-kaldi\/"},"modified":"2026-04-16T02:41:35","modified_gmt":"2026-04-15T23:41:35","slug":"2040a-ne-kaldi","status":"publish","type":"product","link":"https:\/\/roveyayinevi.com.tr\/index.php\/urun\/2040a-ne-kaldi\/","title":{"rendered":"2040&#8217;a Ne Kald\u0131?"},"content":{"rendered":"<p>Gelece\u011fi bir tarihle ili\u015fkilendirerek ele alan f\u00fct\u00fcrizm konulu ilk kitap!   Gelece\u011fin d\u00fcnyas\u0131 nas\u0131l \u015fekillenecek?     \u201c\u015eimdiye kadar F\u00fct\u00fcrizmi anlatmak i\u00e7in yurtd\u0131\u015f\u0131 kaynaklar\u0131 tavsiye ediyorduk. Oysa bu kitapla art\u0131k biricik \u00fclkemizin de \u00e7ok de\u011ferli  bir kayna\u011f\u0131 oldu.\u201d Ufuk Tarhan   \u201cBu bilgilerin g\u00fcncellenerek bir kitaba d\u00f6n\u00fc\u015fmesi t\u00fcm f\u00fct\u00fcristler ve gelece\u011fe kafa yoranlar i\u00e7in bir m\u00fcjdedir.\u201d Birol G\u00fcven   \u201c\u00d6nemli kararlar\u0131m\u0131z\u0131 ni\u00e7in ger\u00e7eklerle y\u00fczle\u015fmek yerine gelecek senaryolar\u0131n\u0131 baz alarak veremiyoruz?<\/p>\n","protected":false},"excerpt":{"rendered":"<p>Gelece\u011fi bir tarihle ili\u015fkilendirerek ele alan f\u00fct\u00fcrizm konulu ilk kitap! Gelece\u011fin d\u00fcnyas\u0131 nas\u0131l \u015fekillenecek? \u201c\u015eimdiye kadar F\u00fct\u00fcrizmi anlatmak i\u00e7in yurtd\u0131\u015f\u0131 kaynaklar\u0131 tavsiye ediyorduk. Oysa bu kitapla<span class=\"excerpt-hellip\"> [\u2026]<\/span><\/p>\n","protected":false},"featured_media":0,"template":"","meta":{"_monsterinsights_skip_tracking":false,"_monsterinsights_sitenote_active":false,"_monsterinsights_sitenote_note":"","_monsterinsights_sitenote_category":0},"product_brand":[],"product_cat":[13005,13006],"product_tag":[],"class_list":{"0":"post-733727","1":"product","2":"type-product","3":"status-publish","5":"product_cat-bilim-muhendislik","6":"product_cat-populer-bilim","7":"pa_cilt-ciltsiz","8":"pa_tur-kitap","9":"pa_yayinevi-nemesis-kitap","10":"pa_yazar-mustafa-aykut","12":"first","13":"instock","14":"sale","15":"shipping-taxable","16":"purchasable","17":"product-type-simple"},"_links":{"self":[{"href":"https:\/\/roveyayinevi.com.tr\/index.php\/wp-json\/wp\/v2\/product\/733727","targetHints":{"allow":["GET"]}}],"collection":[{"href":"https:\/\/roveyayinevi.com.tr\/index.php\/wp-json\/wp\/v2\/product"}],"about":[{"href":"https:\/\/roveyayinevi.com.tr\/index.php\/wp-json\/wp\/v2\/types\/product"}],"wp:attachment":[{"href":"https:\/\/roveyayinevi.com.tr\/index.php\/wp-json\/wp\/v2\/media?parent=733727"}],"wp:term":[{"taxonomy":"product_brand","embeddable":true,"href":"https:\/\/roveyayinevi.com.tr\/index.php\/wp-json\/wp\/v2\/product_brand?post=733727"},{"taxonomy":"product_cat","embeddable":true,"href":"https:\/\/roveyayinevi.com.tr\/index.php\/wp-json\/wp\/v2\/product_cat?post=733727"},{"taxonomy":"product_tag","embeddable":true,"href":"https:\/\/roveyayinevi.com.tr\/index.php\/wp-json\/wp\/v2\/product_tag?post=733727"}],"curies":[{"name":"wp","href":"https:\/\/api.w.org\/{rel}","templated":true}]}}