{"id":733726,"date":"2025-08-27T22:15:36","date_gmt":"2025-08-27T19:15:36","guid":{"rendered":"https:\/\/roveyayinevi.com.tr\/index.php\/urun\/guven-sizsiniz\/"},"modified":"2026-04-16T02:41:35","modified_gmt":"2026-04-15T23:41:35","slug":"guven-sizsiniz","status":"publish","type":"product","link":"https:\/\/roveyayinevi.com.tr\/index.php\/urun\/guven-sizsiniz\/","title":{"rendered":"G\u00fcven Sizsiniz"},"content":{"rendered":"<p>GIDA M\u00dcHEND\u0130S\u0130 ERDEM \u00d6NER GIDA G\u00dcVENL\u0130\u011e\u0130 HAKKINDA MERAK ED\u0130LEN KONULARI S\u0130ZLER \u0130\u00c7\u0130N A\u00c7IKLIYOR.   En kaliteli yumurtan\u0131n kodunu biliyor musunuz? 0 m\u0131, 1 mi, 2 mi, 3 m\u00fc?    Baharatlar ne zaman k\u00e2busa d\u00f6n\u00fc\u015f\u00fcr?   Zeytinya\u011f\u0131ndaki hileler neler?   Konserve kavanozlar\u0131n\u0131 ters \u00e7evirmek ne kadar do\u011fru?   Sirke, zeytinya\u011f\u0131 ve tur\u015fu saklamada nelere dikkat edilmeli?   Plastik kaplar nedeniyle t\u00fcketiciyi bekleyen tehlikeler neler?    \u00c7i\u011f s\u00fct ne kadar s\u00fcre kaynat\u0131lmal\u0131?   O \u015fimdi \u00e7ok moda! Avokado yense mi, yenmese mi? <\/p>\n","protected":false},"excerpt":{"rendered":"<p>GIDA M\u00dcHEND\u0130S\u0130 ERDEM \u00d6NER GIDA G\u00dcVENL\u0130\u011e\u0130 HAKKINDA MERAK ED\u0130LEN KONULARI S\u0130ZLER \u0130\u00c7\u0130N A\u00c7IKLIYOR. En kaliteli yumurtan\u0131n kodunu biliyor musunuz? 0 m\u0131, 1 mi, 2 mi, 3<span class=\"excerpt-hellip\"> [\u2026]<\/span><\/p>\n","protected":false},"featured_media":0,"template":"","meta":{"_monsterinsights_skip_tracking":false,"_monsterinsights_sitenote_active":false,"_monsterinsights_sitenote_note":"","_monsterinsights_sitenote_category":0},"product_brand":[],"product_cat":[13402,13365],"product_tag":[],"class_list":{"0":"post-733726","1":"product","2":"type-product","3":"status-publish","5":"product_cat-beslenme-ve-diyet","6":"product_cat-saglik","7":"pa_cilt-ciltsiz","8":"pa_tur-kitap","9":"pa_yayinevi-nemesis-kitap","10":"pa_yazar-erdem-oner","12":"first","13":"instock","14":"sale","15":"shipping-taxable","16":"purchasable","17":"product-type-simple"},"_links":{"self":[{"href":"https:\/\/roveyayinevi.com.tr\/index.php\/wp-json\/wp\/v2\/product\/733726","targetHints":{"allow":["GET"]}}],"collection":[{"href":"https:\/\/roveyayinevi.com.tr\/index.php\/wp-json\/wp\/v2\/product"}],"about":[{"href":"https:\/\/roveyayinevi.com.tr\/index.php\/wp-json\/wp\/v2\/types\/product"}],"wp:attachment":[{"href":"https:\/\/roveyayinevi.com.tr\/index.php\/wp-json\/wp\/v2\/media?parent=733726"}],"wp:term":[{"taxonomy":"product_brand","embeddable":true,"href":"https:\/\/roveyayinevi.com.tr\/index.php\/wp-json\/wp\/v2\/product_brand?post=733726"},{"taxonomy":"product_cat","embeddable":true,"href":"https:\/\/roveyayinevi.com.tr\/index.php\/wp-json\/wp\/v2\/product_cat?post=733726"},{"taxonomy":"product_tag","embeddable":true,"href":"https:\/\/roveyayinevi.com.tr\/index.php\/wp-json\/wp\/v2\/product_tag?post=733726"}],"curies":[{"name":"wp","href":"https:\/\/api.w.org\/{rel}","templated":true}]}}