{"id":733725,"date":"2025-08-27T22:15:35","date_gmt":"2025-08-27T19:15:35","guid":{"rendered":"https:\/\/roveyayinevi.com.tr\/index.php\/urun\/cocuk-zihnini-anlamak\/"},"modified":"2026-04-16T02:41:35","modified_gmt":"2026-04-15T23:41:35","slug":"cocuk-zihnini-anlamak","status":"publish","type":"product","link":"https:\/\/roveyayinevi.com.tr\/index.php\/urun\/cocuk-zihnini-anlamak\/","title":{"rendered":"\u00c7ocuk Zihnini Anlamak"},"content":{"rendered":"<p>\u201cBir \u00e7ocu\u011fun g\u00f6rkemli bir ya\u015fam ser\u00fcvenine giden yol, \u00e7o\u011funlukla ket vurdu\u011fumuz o heyecanl\u0131 merakla ba\u015flar.\u201d -Cem Mumcu   K\u00fc\u00e7\u00fck \u00e7ocuklar d\u00fc\u015f\u00fcnmeye doymayan ve kendilerine verilen her bilgiyi s\u00fcnger gibi emmeye haz\u0131r bireylerdir. Ya\u015fam\u0131n gizemlerini fark etmeye ve onlar\u0131 birer birer \u00e7\u00f6zmeye heveslidirler. Ancak bu sadece bir ba\u015flang\u0131\u00e7t\u0131r. Ara\u015ft\u0131rmalar, bulu\u015flar ve fikirlerle dolu bir ortamda yeti\u015fmelerinin ya da b\u00f6yle bir ortamdan mahrum kalmalar\u0131n\u0131n tek belirleyicisi, zihinlerindeki me\u015faleyi tutu\u015fturan yeti\u015fkinlerle beraber b\u00fcy\u00fcmeleridir. Peki siz, \u00e7ocu\u011funuzun b\u00f6yle bir ortamda b\u00fcy\u00fcmesi i\u00e7in yeterince \u00e7aba sarf ediyor musunuz?   \u00c7ok az say\u0131da yeti\u015fkin, \u00e7ocuklar\u0131n akl\u0131n\u0131n nelerle me\u015fgul oldu\u011fu konusuna bilin\u00e7li olarak kafa yorar. Ancak herkesin bunu yapmas\u0131 gerekir. \u00c7\u00fcnk\u00fc fikirlere at\u0131lan tohumlar, ilk \u00e7ocukluk y\u0131llar\u0131na dayan\u0131r. Bu ilk d\u00fc\u015f\u00fcnsel giri\u015fimler, \u00e7ocuklar\u0131n ileriki ya\u015famlar\u0131nda muhtemelen olu\u015fturacaklar\u0131 daha g\u00fc\u00e7l\u00fc ve yap\u0131land\u0131r\u0131lm\u0131\u015f fikirlere do\u011fru at\u0131lan ilk ad\u0131mlard\u0131r. Dahas\u0131, k\u00fc\u00e7\u00fck \u00e7ocuklar\u0131n bilgi par\u00e7alar\u0131n\u0131 bir araya getirme y\u00f6ntemleri, yeti\u015fkinlerin fikir geli\u015ftirme s\u00fcre\u00e7lerinin \u00f6ng\u00f6r\u00fcs\u00fcd\u00fcr. Bu nedenle \u00e7ocuklarla girilen her bir etkile\u015fim b\u00fcy\u00fck \u00f6nem ta\u015f\u0131r.   Anne babalar ile k\u00fc\u00e7\u00fck ya\u015ftaki \u00e7ocuklar\u0131n aras\u0131nda ge\u00e7en en basit diyalog dahi \u00e7ocuklar\u0131n zihninde g\u00fc\u00e7l\u00fc ve uzun soluklu etkiler b\u0131rak\u0131r. \u00c7ocuklar i\u00e7in sorular, istedikleri yan\u0131tlar\u0131 alabilmeleri konusunda benzersiz bir ara\u00e7t\u0131r. Ancak bu bilgi veren etkile\u015fimler, \u00e7ocuklara arad\u0131\u011f\u0131ndan \u00e7ok daha fazlas\u0131n\u0131 da sunabilir. Geli\u015fim Psikolojisi Uzman\u0131 Susan Engel, bu kitapta gelece\u011fin yeti\u015fkini olan \u00e7ocuklar\u0131n zihinsel ya\u015fam\u0131na bebeklik d\u00f6nemlerinden itibaren \u0131\u015f\u0131k tutarak, bilin\u00e7li bir ebeveyn olma konusunda sizlere de yol g\u00f6sterecek. <\/p>\n","protected":false},"excerpt":{"rendered":"<p>\u201cBir \u00e7ocu\u011fun g\u00f6rkemli bir ya\u015fam ser\u00fcvenine giden yol, \u00e7o\u011funlukla ket vurdu\u011fumuz o heyecanl\u0131 merakla ba\u015flar.\u201d -Cem Mumcu K\u00fc\u00e7\u00fck \u00e7ocuklar d\u00fc\u015f\u00fcnmeye doymayan ve kendilerine verilen her bilgiyi<span class=\"excerpt-hellip\"> [\u2026]<\/span><\/p>\n","protected":false},"featured_media":0,"template":"","meta":{"_monsterinsights_skip_tracking":false,"_monsterinsights_sitenote_active":false,"_monsterinsights_sitenote_note":"","_monsterinsights_sitenote_category":0},"product_brand":[],"product_cat":[12679,12357],"product_tag":[],"class_list":{"0":"post-733725","1":"product","2":"type-product","3":"status-publish","5":"product_cat-cocuk-psikolojisi","6":"product_cat-psikoloji","7":"pa_cilt-ciltsiz","8":"pa_tur-kitap","9":"pa_yayinevi-okuyan-us-yayin","10":"pa_yazar-susan-engel","12":"first","13":"instock","14":"sale","15":"shipping-taxable","16":"purchasable","17":"product-type-simple"},"_links":{"self":[{"href":"https:\/\/roveyayinevi.com.tr\/index.php\/wp-json\/wp\/v2\/product\/733725","targetHints":{"allow":["GET"]}}],"collection":[{"href":"https:\/\/roveyayinevi.com.tr\/index.php\/wp-json\/wp\/v2\/product"}],"about":[{"href":"https:\/\/roveyayinevi.com.tr\/index.php\/wp-json\/wp\/v2\/types\/product"}],"wp:attachment":[{"href":"https:\/\/roveyayinevi.com.tr\/index.php\/wp-json\/wp\/v2\/media?parent=733725"}],"wp:term":[{"taxonomy":"product_brand","embeddable":true,"href":"https:\/\/roveyayinevi.com.tr\/index.php\/wp-json\/wp\/v2\/product_brand?post=733725"},{"taxonomy":"product_cat","embeddable":true,"href":"https:\/\/roveyayinevi.com.tr\/index.php\/wp-json\/wp\/v2\/product_cat?post=733725"},{"taxonomy":"product_tag","embeddable":true,"href":"https:\/\/roveyayinevi.com.tr\/index.php\/wp-json\/wp\/v2\/product_tag?post=733725"}],"curies":[{"name":"wp","href":"https:\/\/api.w.org\/{rel}","templated":true}]}}