{"id":733722,"date":"2025-08-27T22:15:32","date_gmt":"2025-08-27T19:15:32","guid":{"rendered":"https:\/\/roveyayinevi.com.tr\/index.php\/urun\/ayin-pesinden-git-kucuk-kaplumbaga\/"},"modified":"2026-04-16T02:41:35","modified_gmt":"2026-04-15T23:41:35","slug":"ayin-pesinden-git-kucuk-kaplumbaga","status":"publish","type":"product","link":"https:\/\/roveyayinevi.com.tr\/index.php\/urun\/ayin-pesinden-git-kucuk-kaplumbaga\/","title":{"rendered":"Ay\u0131n Pe\u015finden Git K\u00fc\u00e7\u00fck Kaplumba\u011fa"},"content":{"rendered":"<p>T\u00fcm insanlar\u0131n, hayvanlar\u0131n ve bitkilerin do\u011fam\u0131z\u0131n i\u00e7inde, sevgi ve bar\u0131\u015f dolu bir ya\u015fam s\u00fcrebilmesi dile\u011fiyle insanl\u0131k olarak ad\u0131mlar att\u0131\u011f\u0131m\u0131z bug\u00fcnlerde herkesin i\u00e7ini \u0131\u015f\u0131tacak bir macera: Ay\u0131n Pe\u015finden Git K\u00fc\u00e7\u00fck Kaplumba\u011fa.   \u0130nsan yavrusu do\u011fdu\u011fu anda ne kadar savunmas\u0131z olsa da ona bak\u0131m verenlerinin deste\u011fiyle hayata yumu\u015fak bir ba\u015flang\u0131\u00e7 yapar. Baz\u0131 hayvan yavrular\u0131 ise bu kar\u015f\u0131la\u015fmay\u0131 ve beraberinde getirdi\u011fi zorluklar\u0131 tek ba\u015flar\u0131na deneyimlemek durumundad\u0131rlar. Deniz kaplumba\u011falar\u0131n\u0131n d\u00fcnyaya geli\u015fi ya\u015fama tek ba\u015f\u0131na tutunma \u00e7abas\u0131n\u0131n en mucizevi \u00f6rneklerindendir. Onlar\u0131n yolculu\u011fu, t\u00fcm zorluklara ra\u011fmen m\u00fccadeleye devam edebilmek ve bunu yaparken de i\u00e7g\u00fcd\u00fclerimizin sesini dinlemek konusunda bizlere de\u011ferli bir bak\u0131\u015f a\u00e7\u0131s\u0131 sunmaktad\u0131r.   Yavru kaplumba\u011falar denize do\u011fru ilerleyen, maceralarla dolu ilk y\u00fcr\u00fcy\u00fc\u015flerinde \u00e7e\u015fitli zorluklarla kar\u015f\u0131la\u015f\u0131rlar. Bunlardan en tehlikesi ise kumsalda dola\u015fan y\u0131rt\u0131c\u0131 hayvanlard\u0131r. Her \u015feye ra\u011fmen ay\u0131n parlak \u0131\u015f\u0131\u011f\u0131, r\u00fczgar\u0131n serin esintisi ve denizin tuzlu kokusu onlar\u0131n g\u00fcvenli sulara ula\u015fmas\u0131na rehberlik eder. Bu yolculukla kar\u015f\u0131la\u015fma f\u0131rsat\u0131 yakalayan herkesin \u00fczerine d\u00fc\u015fen baz\u0131 sorumluluklar vard\u0131r: Onlar\u0131 m\u00fcdahale etmeden izlemek ve en \u00f6nemlisi de y\u00fcr\u00fcy\u00fc\u015f yollar\u0131 olan e\u015fsiz g\u00fczellikteki kumsallar\u0131m\u0131z\u0131 temiz tutmakt\u0131r.   Hayvanlar hakk\u0131nda okumak, d\u00fc\u015f\u00fcnmek ve konu\u015fmak en ba\u015fta \u00e7ocuklar\u0131n kendi i\u00e7g\u00fcd\u00fclerini tan\u0131malar\u0131na yard\u0131mc\u0131 olurken, bazen ba\u011f kurmak bazen de ayr\u0131\u015fmak i\u00e7in ortaya \u00e7\u0131kan sevecen ve tepkisel davran\u0131\u015flar\u0131n\u0131n k\u00f6kenlerini de anlayabilmelerine yard\u0131m eder. Hayvanlar\u0131n ihtiya\u00e7lar\u0131yla empati kurabilen bir \u00e7ocuk ise ba\u015fta kendine, sonra da \u00e7evresine kar\u015f\u0131 daha sevecen ve duyarl\u0131 olabilir. Petek Halman Kara\u2019n\u0131n edit\u00f6rl\u00fc\u011f\u00fcn\u00fc yapt\u0131\u011f\u0131, \u00e7evirmenli\u011fini Selen \u0130yicil\u2019in \u00fcstlendi\u011fi deniz kaplumba\u011falar\u0131n\u0131n ilk yolculu\u011fu hakk\u0131ndaki bu hikaye, ya\u015fam d\u00f6ng\u00fcs\u00fcn\u00fc anlamak i\u00e7in \u00e7ocuklara \u00e7ok de\u011ferli bir d\u00fc\u015f\u00fcnme alan\u0131 sunmaktad\u0131r<\/p>\n","protected":false},"excerpt":{"rendered":"<p>T\u00fcm insanlar\u0131n, hayvanlar\u0131n ve bitkilerin do\u011fam\u0131z\u0131n i\u00e7inde, sevgi ve bar\u0131\u015f dolu bir ya\u015fam s\u00fcrebilmesi dile\u011fiyle insanl\u0131k olarak ad\u0131mlar att\u0131\u011f\u0131m\u0131z bug\u00fcnlerde herkesin i\u00e7ini \u0131\u015f\u0131tacak bir macera: Ay\u0131n<span class=\"excerpt-hellip\"> [\u2026]<\/span><\/p>\n","protected":false},"featured_media":0,"template":"","meta":{"_monsterinsights_skip_tracking":false,"_monsterinsights_sitenote_active":false,"_monsterinsights_sitenote_note":"","_monsterinsights_sitenote_category":0},"product_brand":[],"product_cat":[12274,12284],"product_tag":[],"class_list":{"0":"post-733722","1":"product","2":"type-product","3":"status-publish","5":"product_cat-cocuk-ve-genclik-kitaplari","6":"product_cat-hikayeler","7":"pa_cilt-ciltsiz","8":"pa_tur-kitap","9":"pa_yayinevi-okuyan-koala","10":"pa_yazar-kelly-jordan","12":"first","13":"instock","14":"sale","15":"shipping-taxable","16":"purchasable","17":"product-type-simple"},"_links":{"self":[{"href":"https:\/\/roveyayinevi.com.tr\/index.php\/wp-json\/wp\/v2\/product\/733722","targetHints":{"allow":["GET"]}}],"collection":[{"href":"https:\/\/roveyayinevi.com.tr\/index.php\/wp-json\/wp\/v2\/product"}],"about":[{"href":"https:\/\/roveyayinevi.com.tr\/index.php\/wp-json\/wp\/v2\/types\/product"}],"wp:attachment":[{"href":"https:\/\/roveyayinevi.com.tr\/index.php\/wp-json\/wp\/v2\/media?parent=733722"}],"wp:term":[{"taxonomy":"product_brand","embeddable":true,"href":"https:\/\/roveyayinevi.com.tr\/index.php\/wp-json\/wp\/v2\/product_brand?post=733722"},{"taxonomy":"product_cat","embeddable":true,"href":"https:\/\/roveyayinevi.com.tr\/index.php\/wp-json\/wp\/v2\/product_cat?post=733722"},{"taxonomy":"product_tag","embeddable":true,"href":"https:\/\/roveyayinevi.com.tr\/index.php\/wp-json\/wp\/v2\/product_tag?post=733722"}],"curies":[{"name":"wp","href":"https:\/\/api.w.org\/{rel}","templated":true}]}}