{"id":733720,"date":"2025-08-27T22:15:30","date_gmt":"2025-08-27T19:15:30","guid":{"rendered":"https:\/\/roveyayinevi.com.tr\/index.php\/urun\/istanbulin\/"},"modified":"2026-04-16T02:41:35","modified_gmt":"2026-04-15T23:41:35","slug":"istanbulin","status":"publish","type":"product","link":"https:\/\/roveyayinevi.com.tr\/index.php\/urun\/istanbulin\/","title":{"rendered":"\u0130stanbulin"},"content":{"rendered":"<p>T\u00fcrk tarihinde Bat\u0131l\u0131la\u015fman\u0131n \u201cresmi makamlar\u201d arac\u0131l\u0131\u011f\u0131yla ger\u00e7ekle\u015ftirilen ilk somut ad\u0131m\u0131 Tanzimat Ferman\u0131\u2019d\u0131r. Di\u011fer ad\u0131yla, G\u00fclhane Hatt-\u0131 H\u00fcmayunu, 3 Kas\u0131m 1839\u2019da Mustafa Re\u015fid Pa\u015fa taraf\u0131ndan G\u00fclhane Park\u0131\u2019nda okunur. Sonras\u0131 \u201cimparatorlu\u011fun en uzun y\u00fczy\u0131l\u0131\u201d. Bat\u0131l\u0131la\u015fma, d\u00f6nem itibariyle bir\u00e7ok a\u00e7\u0131dan \u201cmodernle\u015fme\u201d olarak g\u00f6r\u00fcl\u00fcr ve tepeden t\u0131rna\u011fa gerek resmi kurumlar gerek sosyal ve k\u00fclt\u00fcrel anlamda imparatorluk topraklar\u0131nda al\u0131\u015f\u0131lm\u0131\u015f\u0131n d\u0131\u015f\u0131nda bir d\u00f6nem ya\u015fanmaya ba\u015flar. Burak Dalg\u0131n \u0130stanbul\u00een &#8211; T\u00fcrk Modernle\u015fmesinin Do\u011fum Hik\u00e2yeleri adl\u0131 kitab\u0131nda, ferman\u0131n okundu\u011fu g\u00fcnden \u00c2li Pa\u015fa\u2019n\u0131n \u00f6l\u00fcm\u00fcyle s\u00fcrecin sona erdi\u011fi tarihe kadar b\u00fct\u00fcn bir d\u00f6nemi paralel hik\u00e2yeleriyle birlikte ele al\u0131yor. Mustafa Re\u015fid Pa\u015fa\u2019dan Nam\u0131k Kemal, \u015einasi, Ali Suavi gibi d\u00f6nemin ayd\u0131nlar\u0131na, Napoleon\u2019dan Kavalal\u0131 Mehmed Ali Pa\u015fa\u2019ya, Florence Nightingale\u2019den Kara Fatma\u2019ya, Marx, Darwin ve Tocqueville\u2019e kadar d\u00f6nemin b\u00fct\u00fcn akt\u00f6rlerini, Sultan\u2019\u0131n Avrupa seyahatinden  Liszt\u2019in \u0130stanbul konserine, Robert Kolej ve Dar\u00fc\u015f\u015fafaka\u2019dan Osmanl\u0131 Bankas\u0131\u2019n\u0131n a\u00e7\u0131lmas\u0131na, s\u00fcre\u00e7 i\u00e7erisinde ger\u00e7ekle\u015fen olaylar\u0131 bir araya getiriyor. \u0130stanbul\u00een, ba\u015f\u0131ndan sonuna bir roman k\u0131vrakl\u0131\u011f\u0131yla kaleme al\u0131nm\u0131\u015f eksiksiz ve keyifle okunacak bir tarih kitab\u0131&#8230;<\/p>\n","protected":false},"excerpt":{"rendered":"<p>T\u00fcrk tarihinde Bat\u0131l\u0131la\u015fman\u0131n \u201cresmi makamlar\u201d arac\u0131l\u0131\u011f\u0131yla ger\u00e7ekle\u015ftirilen ilk somut ad\u0131m\u0131 Tanzimat Ferman\u0131\u2019d\u0131r. Di\u011fer ad\u0131yla, G\u00fclhane Hatt-\u0131 H\u00fcmayunu, 3 Kas\u0131m 1839\u2019da Mustafa Re\u015fid Pa\u015fa taraf\u0131ndan G\u00fclhane Park\u0131\u2019nda<span class=\"excerpt-hellip\"> [\u2026]<\/span><\/p>\n","protected":false},"featured_media":0,"template":"","meta":{"_monsterinsights_skip_tracking":false,"_monsterinsights_sitenote_active":false,"_monsterinsights_sitenote_note":"","_monsterinsights_sitenote_category":0},"product_brand":[],"product_cat":[12370,12304],"product_tag":[],"class_list":{"0":"post-733720","1":"product","2":"type-product","3":"status-publish","5":"product_cat-arastirma-inceleme","6":"product_cat-tarih","7":"pa_cilt-ciltsiz","8":"pa_tur-kitap","9":"pa_yayinevi-kirmizi-kedi-yayinevi","10":"pa_yazar-burak-dalgin","12":"first","13":"instock","14":"sale","15":"shipping-taxable","16":"purchasable","17":"product-type-simple"},"_links":{"self":[{"href":"https:\/\/roveyayinevi.com.tr\/index.php\/wp-json\/wp\/v2\/product\/733720","targetHints":{"allow":["GET"]}}],"collection":[{"href":"https:\/\/roveyayinevi.com.tr\/index.php\/wp-json\/wp\/v2\/product"}],"about":[{"href":"https:\/\/roveyayinevi.com.tr\/index.php\/wp-json\/wp\/v2\/types\/product"}],"wp:attachment":[{"href":"https:\/\/roveyayinevi.com.tr\/index.php\/wp-json\/wp\/v2\/media?parent=733720"}],"wp:term":[{"taxonomy":"product_brand","embeddable":true,"href":"https:\/\/roveyayinevi.com.tr\/index.php\/wp-json\/wp\/v2\/product_brand?post=733720"},{"taxonomy":"product_cat","embeddable":true,"href":"https:\/\/roveyayinevi.com.tr\/index.php\/wp-json\/wp\/v2\/product_cat?post=733720"},{"taxonomy":"product_tag","embeddable":true,"href":"https:\/\/roveyayinevi.com.tr\/index.php\/wp-json\/wp\/v2\/product_tag?post=733720"}],"curies":[{"name":"wp","href":"https:\/\/api.w.org\/{rel}","templated":true}]}}