{"id":733718,"date":"2025-08-27T22:15:28","date_gmt":"2025-08-27T19:15:28","guid":{"rendered":"https:\/\/roveyayinevi.com.tr\/index.php\/urun\/katli-vacip\/"},"modified":"2026-04-16T02:41:35","modified_gmt":"2026-04-15T23:41:35","slug":"katli-vacip","status":"publish","type":"product","link":"https:\/\/roveyayinevi.com.tr\/index.php\/urun\/katli-vacip\/","title":{"rendered":"Katli Vacip"},"content":{"rendered":"<p>Katli Vacip, laiklik ile din ve vicdan \u00f6zg\u00fcrl\u00fc\u011f\u00fcn\u00fcn iki karde\u015f oldu\u011funu da g\u00f6zler \u00f6n\u00fcne seriyor. \u00c7\u00fcnk\u00fc laiklik, en \u00e7ok dindar yurtta\u015flar\u0131m\u0131z\u0131n inan\u00e7lar\u0131n\u0131n onlara bir b\u0131\u00e7ak gibi saplanmas\u0131n\u0131 engelliyor. \u0130nan\u00e7lar\u0131n\u0131, s\u00f6m\u00fcr\u00fcden \u00f6zg\u00fcrle\u015ftiriyor. Yedi\u011fine, i\u00e7ti\u011fine, ad\u0131m\u0131na, hatta cinselli\u011fine bir \u015feyhin karar verdi\u011fi d\u00fczendeki \u00f6l\u00fcmc\u00fcl ba\u011flanman\u0131n, asl\u0131nda h\u00fcr inanc\u0131 ortadan kald\u0131rd\u0131\u011f\u0131n\u0131 bir foto\u011fraf karesine d\u00f6n\u00fc\u015ft\u00fcr\u00fcyor. BARI\u015e TERKO\u011eLU Elinizdeki kitap kendi yaratt\u0131klar\u0131 \u00e7amurda bo\u011fulanlar kadar, istismar \u00e7ark\u0131na itiraz edenlerin ve irini patlatmak isteyenlerin de toprak alt\u0131na at\u0131lmas\u0131n\u0131 anlatt\u0131. As\u0131l azmettirenlerin sorgulanmas\u0131 i\u00e7in cesur bir ilk ad\u0131md\u0131, at\u0131ld\u0131. \u015eimdi, tarikatlar\u0131 bir sivil toplum kurulu\u015fu gibi yutturmaya \u00e7al\u0131\u015fanlar\u0131n asl\u0131nda hangi su\u00e7lar\u0131 da \u00f6rtbas ettiklerini g\u00f6rd\u00fcn\u00fcz. Art\u0131k s\u0131r de\u011fil ve siz de biliyorsunuz. O halde bu de\u011ferli gazetecilik kitab\u0131ndakileri unutmamak g\u00f6reviniz. Zira, yar\u0131n\u0131n adil d\u00fczeni i\u00e7in bir savc\u0131n\u0131n masas\u0131nda a\u00e7\u0131lacak dosyan\u0131n ilk harflerinden birini okudunuz. BARI\u015e PEHL\u0130VAN<\/p>\n","protected":false},"excerpt":{"rendered":"<p>Katli Vacip, laiklik ile din ve vicdan \u00f6zg\u00fcrl\u00fc\u011f\u00fcn\u00fcn iki karde\u015f oldu\u011funu da g\u00f6zler \u00f6n\u00fcne seriyor. \u00c7\u00fcnk\u00fc laiklik, en \u00e7ok dindar yurtta\u015flar\u0131m\u0131z\u0131n inan\u00e7lar\u0131n\u0131n onlara bir b\u0131\u00e7ak gibi<span class=\"excerpt-hellip\"> [\u2026]<\/span><\/p>\n","protected":false},"featured_media":0,"template":"","meta":{"_monsterinsights_skip_tracking":false,"_monsterinsights_sitenote_active":false,"_monsterinsights_sitenote_note":"","_monsterinsights_sitenote_category":0},"product_brand":[],"product_cat":[13590,12337],"product_tag":[],"class_list":{"0":"post-733718","1":"product","2":"type-product","3":"status-publish","5":"product_cat-arastirma-inceleme-politika-siyaset","6":"product_cat-politika-siyaset","7":"pa_cilt-ciltsiz","8":"pa_tur-kitap","9":"pa_yayinevi-kirmizi-kedi-yayinevi","10":"pa_yazar-fethi-yilmaz","12":"first","13":"instock","14":"sale","15":"shipping-taxable","16":"purchasable","17":"product-type-simple"},"_links":{"self":[{"href":"https:\/\/roveyayinevi.com.tr\/index.php\/wp-json\/wp\/v2\/product\/733718","targetHints":{"allow":["GET"]}}],"collection":[{"href":"https:\/\/roveyayinevi.com.tr\/index.php\/wp-json\/wp\/v2\/product"}],"about":[{"href":"https:\/\/roveyayinevi.com.tr\/index.php\/wp-json\/wp\/v2\/types\/product"}],"wp:attachment":[{"href":"https:\/\/roveyayinevi.com.tr\/index.php\/wp-json\/wp\/v2\/media?parent=733718"}],"wp:term":[{"taxonomy":"product_brand","embeddable":true,"href":"https:\/\/roveyayinevi.com.tr\/index.php\/wp-json\/wp\/v2\/product_brand?post=733718"},{"taxonomy":"product_cat","embeddable":true,"href":"https:\/\/roveyayinevi.com.tr\/index.php\/wp-json\/wp\/v2\/product_cat?post=733718"},{"taxonomy":"product_tag","embeddable":true,"href":"https:\/\/roveyayinevi.com.tr\/index.php\/wp-json\/wp\/v2\/product_tag?post=733718"}],"curies":[{"name":"wp","href":"https:\/\/api.w.org\/{rel}","templated":true}]}}