{"id":733717,"date":"2025-08-27T22:15:27","date_gmt":"2025-08-27T19:15:27","guid":{"rendered":"https:\/\/roveyayinevi.com.tr\/index.php\/urun\/yalan-avcisi\/"},"modified":"2026-04-16T02:41:35","modified_gmt":"2026-04-15T23:41:35","slug":"yalan-avcisi","status":"publish","type":"product","link":"https:\/\/roveyayinevi.com.tr\/index.php\/urun\/yalan-avcisi\/","title":{"rendered":"Yalan Avc\u0131s\u0131"},"content":{"rendered":"<p>Dr. Emrah Ak\u00e7ay (\u0130leti\u015fim Doktoru) Yalan tespit etmek insanl\u0131k tarihi kadar eski. Bizler d\u00fc\u015f\u00fcnebilen varl\u0131klar oldu\u011fumuz gibi d\u00fc\u015f\u00fcncelerimizi de saklayabilen canl\u0131lar\u0131z. Bu nedenle kar\u015f\u0131m\u0131zdakinin akl\u0131ndan ge\u00e7enleri okumak hepimizin arzusu. Yalan\u0131 yakalamak, yalan avc\u0131s\u0131 olmak elbette m\u00fcmk\u00fcn. Fakat \u015fu bir ger\u00e7ek ki, herkese uygulanabilecek ve yalan\u0131 hemen ele verecek bir \u201cPinokyo \u0130\u015fareti\u201d elbette yok. Ke\u015fke olsayd\u0131. Acaba olsayd\u0131 ili\u015fkilerimiz nas\u0131l y\u00fcr\u00fcrd\u00fc, o da ayr\u0131 bir konu. Sonu\u00e7ta yok. Fakat, s\u00f6zs\u00fcz s\u0131z\u0131nt\u0131lar\u0131 do\u011fru yakalayabilirsek, yaz\u0131l\u0131 ve s\u00f6zl\u00fc anlat\u0131m analizini yapabilirsek yalan ya da do\u011fruluk analizi yapmam\u0131z da elbette m\u00fcmk\u00fcn. \u00dcstelik bunlar inan\u00e7lar ya da s\u00f6ylentiler de\u011fil, tamamen bilimsel \u00e7al\u0131\u015fmalar. Bu kitapta bu verilerin baz\u0131lar\u0131yla tan\u0131\u015facaks\u0131n\u0131z.<\/p>\n","protected":false},"excerpt":{"rendered":"<p>Dr. Emrah Ak\u00e7ay (\u0130leti\u015fim Doktoru) Yalan tespit etmek insanl\u0131k tarihi kadar eski. Bizler d\u00fc\u015f\u00fcnebilen varl\u0131klar oldu\u011fumuz gibi d\u00fc\u015f\u00fcncelerimizi de saklayabilen canl\u0131lar\u0131z. Bu nedenle kar\u015f\u0131m\u0131zdakinin akl\u0131ndan ge\u00e7enleri<span class=\"excerpt-hellip\"> [\u2026]<\/span><\/p>\n","protected":false},"featured_media":0,"template":"","meta":{"_monsterinsights_skip_tracking":false,"_monsterinsights_sitenote_active":false,"_monsterinsights_sitenote_note":"","_monsterinsights_sitenote_category":0},"product_brand":[],"product_cat":[13043,19008],"product_tag":[],"class_list":{"0":"post-733717","1":"product","2":"type-product","3":"status-publish","5":"product_cat-ekonomi","6":"product_cat-yonetim","7":"pa_cilt-ciltsiz","8":"pa_tur-kitap","9":"pa_yayinevi-tiav","10":"pa_yazar-emrah-akcay","12":"first","13":"instock","14":"sale","15":"shipping-taxable","16":"purchasable","17":"product-type-simple"},"_links":{"self":[{"href":"https:\/\/roveyayinevi.com.tr\/index.php\/wp-json\/wp\/v2\/product\/733717","targetHints":{"allow":["GET"]}}],"collection":[{"href":"https:\/\/roveyayinevi.com.tr\/index.php\/wp-json\/wp\/v2\/product"}],"about":[{"href":"https:\/\/roveyayinevi.com.tr\/index.php\/wp-json\/wp\/v2\/types\/product"}],"wp:attachment":[{"href":"https:\/\/roveyayinevi.com.tr\/index.php\/wp-json\/wp\/v2\/media?parent=733717"}],"wp:term":[{"taxonomy":"product_brand","embeddable":true,"href":"https:\/\/roveyayinevi.com.tr\/index.php\/wp-json\/wp\/v2\/product_brand?post=733717"},{"taxonomy":"product_cat","embeddable":true,"href":"https:\/\/roveyayinevi.com.tr\/index.php\/wp-json\/wp\/v2\/product_cat?post=733717"},{"taxonomy":"product_tag","embeddable":true,"href":"https:\/\/roveyayinevi.com.tr\/index.php\/wp-json\/wp\/v2\/product_tag?post=733717"}],"curies":[{"name":"wp","href":"https:\/\/api.w.org\/{rel}","templated":true}]}}