{"id":733716,"date":"2025-08-27T22:15:26","date_gmt":"2025-08-27T19:15:26","guid":{"rendered":"https:\/\/roveyayinevi.com.tr\/index.php\/urun\/turkiyede-ic-goc\/"},"modified":"2026-04-16T02:41:35","modified_gmt":"2026-04-15T23:41:35","slug":"turkiyede-ic-goc","status":"publish","type":"product","link":"https:\/\/roveyayinevi.com.tr\/index.php\/urun\/turkiyede-ic-goc\/","title":{"rendered":"T\u00fcrkiye&#8217;de \u0130\u00e7 G\u00f6\u00e7"},"content":{"rendered":"<p>Bu \u00e7al\u0131\u015fma T\u00fcrkiye\u2019de i\u00e7 g\u00f6\u00e7 konusunu ele almaktad\u0131r. Bu kitapta, i\u00e7 g\u00f6\u00e7 konusuna odaklanan \u00e7al\u0131\u015fmalar bir b\u00fct\u00fcnl\u00fck i\u00e7inde ele al\u0131nmaktad\u0131r. T\u00fcrkiye\u2019de g\u00fcncelli\u011fini ve dinamizmini koruyan i\u00e7 g\u00f6\u00e7 konusu \u00fczerinde, ekonometrik analizler 2008-2014 y\u0131llar\u0131 aras\u0131n\u0131 kapsamaktad\u0131r. \u00d6te yandan 2008-2018 y\u0131llar\u0131 aras\u0131ndaki sosyal ve ekonomik de\u011fi\u015fkenlerin verileri de ara\u015ft\u0131rmada analiz edilmektedir. Bu \u00e7al\u0131\u015fman\u0131n temel amac\u0131, iktisadi ve iktisadi olmayan fakt\u00f6rlerin ne \u00f6l\u00e7\u00fcde i\u00e7 g\u00f6\u00e7 hareketinde etkili oldu\u011fu ve 2000\u2019ler sonras\u0131nda T\u00fcrkiye\u2019de, i\u00e7 g\u00f6\u00e7 hareketinin tersine bir trende sahip olup olmad\u0131\u011f\u0131n\u0131n analiz edilmesidir. Bu ama\u00e7 do\u011frultusunda olu\u015fan ba\u015fl\u0131klar analiz edilerek bulgu ve sonu\u00e7lar elde edilmi\u015f olup, bu alanda ba\u015fka \u00e7al\u0131\u015fmalar\u0131n da yap\u0131lmas\u0131 elbette m\u00fcmk\u00fcnd\u00fcr. Bu \u00e7al\u0131\u015fman\u0131n g\u00f6\u00e7 ve i\u00e7 g\u00f6\u00e7 \u00fczerinde gelecekte yap\u0131lmas\u0131 muhtemel olan di\u011fer \u00e7al\u0131\u015fmalara \u0131\u015f\u0131k tutaca\u011f\u0131 umut edilmektedir. <\/p>\n","protected":false},"excerpt":{"rendered":"<p>Bu \u00e7al\u0131\u015fma T\u00fcrkiye\u2019de i\u00e7 g\u00f6\u00e7 konusunu ele almaktad\u0131r. Bu kitapta, i\u00e7 g\u00f6\u00e7 konusuna odaklanan \u00e7al\u0131\u015fmalar bir b\u00fct\u00fcnl\u00fck i\u00e7inde ele al\u0131nmaktad\u0131r. T\u00fcrkiye\u2019de g\u00fcncelli\u011fini ve dinamizmini koruyan i\u00e7<span class=\"excerpt-hellip\"> [\u2026]<\/span><\/p>\n","protected":false},"featured_media":0,"template":"","meta":{"_monsterinsights_skip_tracking":false,"_monsterinsights_sitenote_active":false,"_monsterinsights_sitenote_note":"","_monsterinsights_sitenote_category":0},"product_brand":[],"product_cat":[13043,14144],"product_tag":[],"class_list":{"0":"post-733716","1":"product","2":"type-product","3":"status-publish","5":"product_cat-ekonomi","6":"product_cat-turkiye-ekonomisi","7":"pa_cilt-ciltsiz","8":"pa_tur-kitap","9":"pa_yayinevi-tiav","10":"pa_yazar-can-ozan-tuncer","12":"first","13":"instock","14":"sale","15":"shipping-taxable","16":"purchasable","17":"product-type-simple"},"_links":{"self":[{"href":"https:\/\/roveyayinevi.com.tr\/index.php\/wp-json\/wp\/v2\/product\/733716","targetHints":{"allow":["GET"]}}],"collection":[{"href":"https:\/\/roveyayinevi.com.tr\/index.php\/wp-json\/wp\/v2\/product"}],"about":[{"href":"https:\/\/roveyayinevi.com.tr\/index.php\/wp-json\/wp\/v2\/types\/product"}],"wp:attachment":[{"href":"https:\/\/roveyayinevi.com.tr\/index.php\/wp-json\/wp\/v2\/media?parent=733716"}],"wp:term":[{"taxonomy":"product_brand","embeddable":true,"href":"https:\/\/roveyayinevi.com.tr\/index.php\/wp-json\/wp\/v2\/product_brand?post=733716"},{"taxonomy":"product_cat","embeddable":true,"href":"https:\/\/roveyayinevi.com.tr\/index.php\/wp-json\/wp\/v2\/product_cat?post=733716"},{"taxonomy":"product_tag","embeddable":true,"href":"https:\/\/roveyayinevi.com.tr\/index.php\/wp-json\/wp\/v2\/product_tag?post=733716"}],"curies":[{"name":"wp","href":"https:\/\/api.w.org\/{rel}","templated":true}]}}