{"id":733712,"date":"2025-08-27T22:15:22","date_gmt":"2025-08-27T19:15:22","guid":{"rendered":"https:\/\/roveyayinevi.com.tr\/index.php\/urun\/ergenligin-yuzleri\/"},"modified":"2026-04-16T02:41:34","modified_gmt":"2026-04-15T23:41:34","slug":"ergenligin-yuzleri","status":"publish","type":"product","link":"https:\/\/roveyayinevi.com.tr\/index.php\/urun\/ergenligin-yuzleri\/","title":{"rendered":"Ergenli\u011fin Y\u00fczleri"},"content":{"rendered":"<p>Yeni ku\u015faklar\u0131n yinelemeleri as\u0327arak yeni s\u00f6zler s\u00f6ylemeleri ve yeni \u015feyler yapmalar\u0131 tarihsel geli\u015fimin gere\u011fi ise ve \u00e7o\u011fu zaman b\u00f6yle oluyorsa, biz eri\u015fkinlere d\u00fc\u015fen de kalan ya\u015fam\u0131m\u0131zda onlar\u0131 \u00f6rnek almak olmal\u0131. \u00c7\u00fcnk\u00fc e\u011fer benim on, on be\u015f y\u0131l \u00f6nce yazd\u0131klar\u0131m \u015fimdi yazd\u0131klar\u0131m\u0131 anlamam\u0131 sa\u011flay\u0131p bir yenilik duygusu uyand\u0131r\u0131yorsa bakmam gereken yer-zaman-ki\u015fi belli: Ergenli\u011fim.   T\u00fcrkiye\u2019de psikanalizin kurumsalla\u015fma s\u00fcrecine \u015fahitlik eden yaz\u0131lar\u0131yla tarihe kay\u0131t d\u00fc\u015fen Talat Parman, ergenli\u011fin sars\u0131c\u0131 y\u00fcz\u00fcyle ancak eri\u015fkin ya\u015fam\u0131n kriz d\u00f6nemlerinde y\u00fczle\u015febildi\u011fimize dikkat \u00e7ekerken, ya\u015fam\u0131n ac\u0131 tatl\u0131 s\u00fcrprizlerini sa\u011fl\u0131kl\u0131 bir \u015fekilde anlamland\u0131rmam\u0131z\u0131 sa\u011flayan analiz u\u011fra\u015f\u0131n\u0131n bunu kolayla\u015ft\u0131ran taraflar\u0131n\u0131 vurguluyor. <\/p>\n","protected":false},"excerpt":{"rendered":"<p>Yeni ku\u015faklar\u0131n yinelemeleri as\u0327arak yeni s\u00f6zler s\u00f6ylemeleri ve yeni \u015feyler yapmalar\u0131 tarihsel geli\u015fimin gere\u011fi ise ve \u00e7o\u011fu zaman b\u00f6yle oluyorsa, biz eri\u015fkinlere d\u00fc\u015fen de kalan ya\u015fam\u0131m\u0131zda<span class=\"excerpt-hellip\"> [\u2026]<\/span><\/p>\n","protected":false},"featured_media":0,"template":"","meta":{"_monsterinsights_skip_tracking":false,"_monsterinsights_sitenote_active":false,"_monsterinsights_sitenote_note":"","_monsterinsights_sitenote_category":0},"product_brand":[],"product_cat":[13072,12291],"product_tag":[],"class_list":{"0":"post-733712","1":"product","2":"type-product","3":"status-publish","5":"product_cat-arastirma-inceleme-referans","6":"product_cat-edebiyat","7":"pa_cilt-ciltsiz","8":"pa_tur-kitap","9":"pa_yayinevi-yapi-kredi-yayinlari","10":"pa_yazar-talat-parman","12":"first","13":"instock","14":"sale","15":"shipping-taxable","16":"purchasable","17":"product-type-simple"},"_links":{"self":[{"href":"https:\/\/roveyayinevi.com.tr\/index.php\/wp-json\/wp\/v2\/product\/733712","targetHints":{"allow":["GET"]}}],"collection":[{"href":"https:\/\/roveyayinevi.com.tr\/index.php\/wp-json\/wp\/v2\/product"}],"about":[{"href":"https:\/\/roveyayinevi.com.tr\/index.php\/wp-json\/wp\/v2\/types\/product"}],"wp:attachment":[{"href":"https:\/\/roveyayinevi.com.tr\/index.php\/wp-json\/wp\/v2\/media?parent=733712"}],"wp:term":[{"taxonomy":"product_brand","embeddable":true,"href":"https:\/\/roveyayinevi.com.tr\/index.php\/wp-json\/wp\/v2\/product_brand?post=733712"},{"taxonomy":"product_cat","embeddable":true,"href":"https:\/\/roveyayinevi.com.tr\/index.php\/wp-json\/wp\/v2\/product_cat?post=733712"},{"taxonomy":"product_tag","embeddable":true,"href":"https:\/\/roveyayinevi.com.tr\/index.php\/wp-json\/wp\/v2\/product_tag?post=733712"}],"curies":[{"name":"wp","href":"https:\/\/api.w.org\/{rel}","templated":true}]}}