{"id":733711,"date":"2025-08-27T22:15:20","date_gmt":"2025-08-27T19:15:20","guid":{"rendered":"https:\/\/roveyayinevi.com.tr\/index.php\/urun\/frankenstein-ya-da-modern-prometheus-4\/"},"modified":"2026-04-16T02:41:34","modified_gmt":"2026-04-15T23:41:34","slug":"frankenstein-ya-da-modern-prometheus-4","status":"publish","type":"product","link":"https:\/\/roveyayinevi.com.tr\/index.php\/urun\/frankenstein-ya-da-modern-prometheus-4\/","title":{"rendered":"Frankenstein ya da Modern Prometheus"},"content":{"rendered":"<p>FRANKENSTE\u0130N ya da Modern Prometheus, insan\u0131n ula\u015fabilece\u011fi bilginin s\u0131n\u0131rlar\u0131n\u0131 zorlayan h\u0131rsl\u0131 do\u011fabilimci Victor Frankenstein\u2019\u0131n ve can verdi\u011fi yarat\u0131\u011f\u0131n y\u00fcce hayaller, pi\u015fmanl\u0131k ve nefretle dolu hik\u00e2yesidir. Frankenstein\u2019\u0131n ya\u015fad\u0131klar\u0131n\u0131 kendi a\u011fz\u0131ndan dinleyen \u0130ngiliz k\u00e2\u015fif Robert Walton\u2019\u0131n mektuplar\u0131 arac\u0131l\u0131\u011f\u0131yla okura ula\u015fan ama Frankenstein\u2019\u0131n isimsiz yarat\u0131\u011f\u0131 dahil t\u00fcm \u00f6nemli ki\u015filerin s\u00f6z ald\u0131\u011f\u0131 anlat\u0131 k\u0131rdan kente, da\u011flardan denizlere farkl\u0131 mek\u00e2nlar\u0131 katettik\u00e7e ve ba\u015flang\u0131\u00e7 noktas\u0131 olan \u0130svi\u00e7re\u2019den \u00e7e\u015fitli Avrupa \u00fclkelerine, oradan da Kuzey Kutup B\u00f6lgesi\u2019ne uzand\u0131k\u00e7a Frankenstein ile yarat\u0131\u011f\u0131n\u0131n hik\u00e2yesi de mitlere \u00f6zg\u00fc bir b\u00fcy\u00fcleyicili\u011fe kavu\u015fur. Mary Shelley\u2019nin klasik roman\u0131 Frankenstein\u2019\u0131n yaz\u0131lma hik\u00e2yesi, roman\u0131n kendisi gibi edebiyat tarihindeki yerini alm\u0131\u015ft\u0131r. Gen\u00e7 Mary Shelley ile \u015fair Percy Bysshe Shelley, 1816 yaz\u0131n\u0131 beraber ge\u00e7irmek \u00fczere Lord Byron ve John William Polidori ile Cenevre\u2019de bir araya gelirler; ya\u011f\u0131\u015fl\u0131 ge\u00e7en, bu y\u00fczden de arkada\u015flar\u0131n ate\u015fin ba\u015f\u0131nda Alman hayalet hik\u00e2yeleri okuyarak ge\u00e7irdikleri g\u00fcnlerden birinde Lord Byron herkesin bir hayalet hik\u00e2yesi yazmas\u0131n\u0131 \u00f6nerir. Mary Shelley o g\u00fcnlerde bir \u00f6yk\u00fc olarak yazmaya ba\u015flad\u0131\u011f\u0131 metni daha sonra geni\u015fletecek ve 1818 y\u0131l\u0131nda Frankenstein ya da Modern Prometheus ad\u0131yla, roman olarak, ama kendi ad\u0131n\u0131 kullanmadan yay\u0131mlayacakt\u0131r. Roman\u0131n 1823 ve 1831 y\u0131llar\u0131nda bu kez yazar\u0131n ad\u0131yla yay\u0131mlanan edisyonlar\u0131 kimi de\u011fi\u015fiklikler i\u00e7erse de \u00e7evirisini sundu\u011fumuz 1818 bask\u0131s\u0131 bug\u00fcn standart edisyon olarak kabul edilmektedir. Yay\u0131mlanmas\u0131n\u0131n \u00fcst\u00fcnden iki y\u00fczy\u0131l\u0131 a\u015fk\u0131n s\u00fcre ge\u00e7mesine ra\u011fmen Frankenstein tazeli\u011fini bug\u00fcn de koruyor, insana ve d\u00fcnyadaki yerine dair g\u00fcndeme getirdi\u011fi sorular\u0131n derinli\u011fi ve rahats\u0131z edicili\u011fiyle \u015fa\u015f\u0131rtmaya, \u00fcrpertmeye devam ediyor. <\/p>\n","protected":false},"excerpt":{"rendered":"<p>FRANKENSTE\u0130N ya da Modern Prometheus, insan\u0131n ula\u015fabilece\u011fi bilginin s\u0131n\u0131rlar\u0131n\u0131 zorlayan h\u0131rsl\u0131 do\u011fabilimci Victor Frankenstein\u2019\u0131n ve can verdi\u011fi yarat\u0131\u011f\u0131n y\u00fcce hayaller, pi\u015fmanl\u0131k ve nefretle dolu hik\u00e2yesidir. Frankenstein\u2019\u0131n<span class=\"excerpt-hellip\"> [\u2026]<\/span><\/p>\n","protected":false},"featured_media":0,"template":"","meta":{"_monsterinsights_skip_tracking":false,"_monsterinsights_sitenote_active":false,"_monsterinsights_sitenote_note":"","_monsterinsights_sitenote_category":0},"product_brand":[],"product_cat":[12291,12711],"product_tag":[],"class_list":{"0":"post-733711","1":"product","2":"type-product","3":"status-publish","5":"product_cat-edebiyat","6":"product_cat-roman-oyku","7":"pa_cilt-ciltsiz","8":"pa_tur-kitap","9":"pa_yayinevi-yapi-kredi-yayinlari","10":"pa_yazar-mary-shelley","12":"first","13":"instock","14":"sale","15":"shipping-taxable","16":"purchasable","17":"product-type-simple"},"_links":{"self":[{"href":"https:\/\/roveyayinevi.com.tr\/index.php\/wp-json\/wp\/v2\/product\/733711","targetHints":{"allow":["GET"]}}],"collection":[{"href":"https:\/\/roveyayinevi.com.tr\/index.php\/wp-json\/wp\/v2\/product"}],"about":[{"href":"https:\/\/roveyayinevi.com.tr\/index.php\/wp-json\/wp\/v2\/types\/product"}],"wp:attachment":[{"href":"https:\/\/roveyayinevi.com.tr\/index.php\/wp-json\/wp\/v2\/media?parent=733711"}],"wp:term":[{"taxonomy":"product_brand","embeddable":true,"href":"https:\/\/roveyayinevi.com.tr\/index.php\/wp-json\/wp\/v2\/product_brand?post=733711"},{"taxonomy":"product_cat","embeddable":true,"href":"https:\/\/roveyayinevi.com.tr\/index.php\/wp-json\/wp\/v2\/product_cat?post=733711"},{"taxonomy":"product_tag","embeddable":true,"href":"https:\/\/roveyayinevi.com.tr\/index.php\/wp-json\/wp\/v2\/product_tag?post=733711"}],"curies":[{"name":"wp","href":"https:\/\/api.w.org\/{rel}","templated":true}]}}