{"id":733710,"date":"2025-08-27T22:15:19","date_gmt":"2025-08-27T19:15:19","guid":{"rendered":"https:\/\/roveyayinevi.com.tr\/index.php\/urun\/insan-bir-eksik-sozdur\/"},"modified":"2026-04-16T02:41:34","modified_gmt":"2026-04-15T23:41:34","slug":"insan-bir-eksik-sozdur","status":"publish","type":"product","link":"https:\/\/roveyayinevi.com.tr\/index.php\/urun\/insan-bir-eksik-sozdur\/","title":{"rendered":"\u0130nsan Bir Eksik S\u00f6zd\u00fcr"},"content":{"rendered":"<p>\u0130\u00e7imizdeki bo\u015flu\u011fa tutunarak umut etmeye \u00e7al\u0131\u015f\u0131yoruz: Bizim r\u00fcyalar\u0131m\u0131z olmadan d\u00fcnya g\u00fczel olamaz Bizim \u015fark\u0131lar\u0131m\u0131z olmadan insan sevmeyi bilemez Bizim merhametimiz olmadan tanr\u0131 kimseyi ba\u011f\u0131\u015flayamaz Bizim dudaklar\u0131m\u0131z g\u00fclmeden \u00e7ocuklar\u0131m\u0131z \u00e7i\u00e7ek a\u00e7amaz.<\/p>\n","protected":false},"excerpt":{"rendered":"<p>\u0130\u00e7imizdeki bo\u015flu\u011fa tutunarak umut etmeye \u00e7al\u0131\u015f\u0131yoruz: Bizim r\u00fcyalar\u0131m\u0131z olmadan d\u00fcnya g\u00fczel olamaz Bizim \u015fark\u0131lar\u0131m\u0131z olmadan insan sevmeyi bilemez Bizim merhametimiz olmadan tanr\u0131 kimseyi ba\u011f\u0131\u015flayamaz Bizim dudaklar\u0131m\u0131z<span class=\"excerpt-hellip\"> [\u2026]<\/span><\/p>\n","protected":false},"featured_media":0,"template":"","meta":{"_monsterinsights_skip_tracking":false,"_monsterinsights_sitenote_active":false,"_monsterinsights_sitenote_note":"","_monsterinsights_sitenote_category":0},"product_brand":[],"product_cat":[12291,12509],"product_tag":[],"class_list":{"0":"post-733710","1":"product","2":"type-product","3":"status-publish","5":"product_cat-edebiyat","6":"product_cat-siir","7":"pa_cilt-ciltsiz","8":"pa_tur-kitap","9":"pa_yayinevi-kirmizi-kedi-yayinevi","10":"pa_yazar-sukru-erbas","12":"first","13":"instock","14":"sale","15":"shipping-taxable","16":"purchasable","17":"product-type-simple"},"_links":{"self":[{"href":"https:\/\/roveyayinevi.com.tr\/index.php\/wp-json\/wp\/v2\/product\/733710","targetHints":{"allow":["GET"]}}],"collection":[{"href":"https:\/\/roveyayinevi.com.tr\/index.php\/wp-json\/wp\/v2\/product"}],"about":[{"href":"https:\/\/roveyayinevi.com.tr\/index.php\/wp-json\/wp\/v2\/types\/product"}],"wp:attachment":[{"href":"https:\/\/roveyayinevi.com.tr\/index.php\/wp-json\/wp\/v2\/media?parent=733710"}],"wp:term":[{"taxonomy":"product_brand","embeddable":true,"href":"https:\/\/roveyayinevi.com.tr\/index.php\/wp-json\/wp\/v2\/product_brand?post=733710"},{"taxonomy":"product_cat","embeddable":true,"href":"https:\/\/roveyayinevi.com.tr\/index.php\/wp-json\/wp\/v2\/product_cat?post=733710"},{"taxonomy":"product_tag","embeddable":true,"href":"https:\/\/roveyayinevi.com.tr\/index.php\/wp-json\/wp\/v2\/product_tag?post=733710"}],"curies":[{"name":"wp","href":"https:\/\/api.w.org\/{rel}","templated":true}]}}