{"id":733709,"date":"2025-08-27T22:15:18","date_gmt":"2025-08-27T19:15:18","guid":{"rendered":"https:\/\/roveyayinevi.com.tr\/index.php\/urun\/sozun-basladigi-yer\/"},"modified":"2026-04-16T02:41:34","modified_gmt":"2026-04-15T23:41:34","slug":"sozun-basladigi-yer","status":"publish","type":"product","link":"https:\/\/roveyayinevi.com.tr\/index.php\/urun\/sozun-basladigi-yer\/","title":{"rendered":"S\u00f6z\u00fcn Ba\u015flad\u0131\u011f\u0131 Yer"},"content":{"rendered":"<p>Kelimenin yara oldu\u011funu biliyor muydunuz?   Rengin hile anlam\u0131na geldi\u011fini; do\u011frusunun naif de\u011fil nahif oldu\u011funu; bir\u00e7o\u011fumuzun yapt\u0131\u011f\u0131 ama ad\u0131n\u0131 bilmedi\u011fi o davran\u0131\u015fa tefe\u00fcl dendi\u011fini\u2026   Kelimeler hi\u00e7 bilmedi\u011fimiz anlamlara gelebiliyor veya zamanla de\u011fi\u015febiliyor. Bu kitapta 333 kelimenin maceras\u0131na tan\u0131kl\u0131k edeceksiniz. Dostun ger\u00e7ek anlam\u0131n\u0131, d\u00fc\u011f\u00fcn, d\u00fc\u011f\u00fcm ve d\u00fc\u011fme aras\u0131ndaki ilgin\u00e7 ba\u011flant\u0131y\u0131, h\u00fczn\u00fcn ve a\u015fk\u0131n nereden geldi\u011fini, sit\u00e2renin ne oldu\u011funu, b\u00f6r\u00fcye neden kurt dendi\u011fini \u00f6\u011freneceksiniz.   Ayr\u0131ca temenna, perdeb\u00eerun, \u00e7era\u011f, hodbin ve daha nice kelimeyle tan\u0131\u015facak, me\u015fhur yanl\u0131\u015flar\u0131n do\u011frusunu bulacaks\u0131n\u0131z.   O zaman \u015f\u00f6yle ba\u015flayal\u0131m: \u00d6nce s\u00f6z vard\u0131, kelimeler, yani yara\u2026  <\/p>\n","protected":false},"excerpt":{"rendered":"<p>Kelimenin yara oldu\u011funu biliyor muydunuz? Rengin hile anlam\u0131na geldi\u011fini; do\u011frusunun naif de\u011fil nahif oldu\u011funu; bir\u00e7o\u011fumuzun yapt\u0131\u011f\u0131 ama ad\u0131n\u0131 bilmedi\u011fi o davran\u0131\u015fa tefe\u00fcl dendi\u011fini\u2026 Kelimeler hi\u00e7 bilmedi\u011fimiz<span class=\"excerpt-hellip\"> [\u2026]<\/span><\/p>\n","protected":false},"featured_media":0,"template":"","meta":{"_monsterinsights_skip_tracking":false,"_monsterinsights_sitenote_active":false,"_monsterinsights_sitenote_note":"","_monsterinsights_sitenote_category":0},"product_brand":[],"product_cat":[12777,12291],"product_tag":[],"class_list":{"0":"post-733709","1":"product","2":"type-product","3":"status-publish","5":"product_cat-deneme","6":"product_cat-edebiyat","7":"pa_cilt-ciltsiz","8":"pa_tur-kitap","9":"pa_yayinevi-profil-kitap","10":"pa_yazar-erhan-idiz","12":"first","13":"instock","14":"sale","15":"shipping-taxable","16":"purchasable","17":"product-type-simple"},"_links":{"self":[{"href":"https:\/\/roveyayinevi.com.tr\/index.php\/wp-json\/wp\/v2\/product\/733709","targetHints":{"allow":["GET"]}}],"collection":[{"href":"https:\/\/roveyayinevi.com.tr\/index.php\/wp-json\/wp\/v2\/product"}],"about":[{"href":"https:\/\/roveyayinevi.com.tr\/index.php\/wp-json\/wp\/v2\/types\/product"}],"wp:attachment":[{"href":"https:\/\/roveyayinevi.com.tr\/index.php\/wp-json\/wp\/v2\/media?parent=733709"}],"wp:term":[{"taxonomy":"product_brand","embeddable":true,"href":"https:\/\/roveyayinevi.com.tr\/index.php\/wp-json\/wp\/v2\/product_brand?post=733709"},{"taxonomy":"product_cat","embeddable":true,"href":"https:\/\/roveyayinevi.com.tr\/index.php\/wp-json\/wp\/v2\/product_cat?post=733709"},{"taxonomy":"product_tag","embeddable":true,"href":"https:\/\/roveyayinevi.com.tr\/index.php\/wp-json\/wp\/v2\/product_tag?post=733709"}],"curies":[{"name":"wp","href":"https:\/\/api.w.org\/{rel}","templated":true}]}}