{"id":733708,"date":"2025-08-27T22:15:17","date_gmt":"2025-08-27T19:15:17","guid":{"rendered":"https:\/\/roveyayinevi.com.tr\/index.php\/urun\/ispat\/"},"modified":"2026-04-16T02:41:34","modified_gmt":"2026-04-15T23:41:34","slug":"ispat","status":"publish","type":"product","link":"https:\/\/roveyayinevi.com.tr\/index.php\/urun\/ispat\/","title":{"rendered":"\u0130spat"},"content":{"rendered":"<p>Derrick Rose, 2012 y\u0131l\u0131n\u0131n ba\u015flar\u0131ndayken kariyerinin zirvesindeydi.Chicago\u2019da do\u011fup b\u00fcy\u00fcyen Rose, hayal edilmesi g\u00fc\u00e7 bir \u00e7ocukluk hayaline eri\u015fmi\u015fti: \u015eehrinin tak\u0131m\u0131 Chicago Bulls, NBA draftlar\u0131nda onu birinci s\u0131radan se\u00e7mi\u015fti. Ailesinin \u201cPooh\u201d lakab\u0131yla tan\u0131d\u0131\u011f\u0131 oyun kurucu, Y\u0131l\u0131n \u00c7ayla\u011f\u0131 \u00f6d\u00fcl\u00fcn\u00fc kazan\u0131p t\u00fcm d\u00fcnyada milyonlarca basketbolseveri heyecanland\u0131ran bir fenomene d\u00f6n\u00fc\u015fm\u00fc\u015ft\u00fc. 2011 y\u0131l\u0131nda lig tarihinin en gen\u00e7 En De\u011ferli Oyuncusu (MVP&#8217;si) olmu\u015ftu. O ve Bulls camias\u0131, Michael Jordan d\u00f6neminden bu yana ilk kez NBA Finalleri&#8217;ni g\u00f6rebileceklerine inan\u0131yordu. \u015eehir, kendi yeti\u015ftirdi\u011fi kahraman\u0131na kucak a\u00e7arken, bizler de bir oyuncu ile taraftarlar aras\u0131nda e\u015fine ender rastlanan t\u00fcrden bir ba\u011f\u0131n olu\u015fmas\u0131na tan\u0131kl\u0131k etmi\u015ftik.Fakat Rose, bu \u00f6d\u00fcl\u00fc kazanmas\u0131n\u0131n \u00fczerinden alt\u0131 y\u0131l ve d\u00f6rt diz ameliyat\u0131 ge\u00e7tikten sonra, takas edildi\u011fi Utah Jazz taraf\u0131ndan hen\u00fcz bir ma\u00e7 bile oynat\u0131lmadan serbest b\u0131rak\u0131ld\u0131. Bir zamanlar Hall of Fame\u2019de (\u015e\u00f6hretler M\u00fczesi&#8217;nde) yer almas\u0131na kesin g\u00f6z\u00fcyle bak\u0131lan bir ismin kariyeri y\u0131k\u0131m\u0131n e\u015fi\u011findeydi. Pek \u00e7ok kimse onun NBA g\u00fcnlerinin sona erdi\u011fini d\u00fc\u015f\u00fcn\u00fcyordu. Oysa D-Rose, d\u00fcnyaya daha verecek \u00e7ok \u015feyi oldu\u011funu onlara bilfiil ispatlamaya karar vermi\u015fti.\u0130spat, D-Rose\u2019un \u015fehrin en tehlikeli mahallelerinden birinde ge\u00e7en \u00e7ocuklu\u011funu, rakipleri ve tak\u0131m arkada\u015flar\u0131yla ili\u015fkilerini, kariyerinin seyrini de\u011fi\u015ftiren sakatl\u0131klar dolay\u0131s\u0131yla ya\u015fad\u0131\u011f\u0131 ac\u0131lar\u0131 ve maruz kald\u0131\u011f\u0131 tart\u0131\u015fmalar\u0131, \u015f\u00f6hret ve zenginlikle olan karma\u015f\u0131k ili\u015fkisini, y\u00fckseli\u015fini, d\u00fc\u015f\u00fc\u015f\u00fcn\u00fc ve LeBron James\u2019in ifade etti\u011fi gibi, \u201cToparlan\u0131p yeniden bir \u2018s\u00fcper kahraman\u2019 gibi sahneye \u00e7\u0131k\u0131\u015f\u0131n\u0131&#8221; ayr\u0131nt\u0131l\u0131 bir \u015fekilde aktaran, bir modern zaman y\u0131ld\u0131z\u0131 hakk\u0131nda yaz\u0131lm\u0131\u015f en samimi, cesur ve \u015fa\u015f\u0131rt\u0131c\u0131 \u00f6zya\u015fam \u00f6yk\u00fclerinden biri.<\/p>\n","protected":false},"excerpt":{"rendered":"<p>Derrick Rose, 2012 y\u0131l\u0131n\u0131n ba\u015flar\u0131ndayken kariyerinin zirvesindeydi.Chicago\u2019da do\u011fup b\u00fcy\u00fcyen Rose, hayal edilmesi g\u00fc\u00e7 bir \u00e7ocukluk hayaline eri\u015fmi\u015fti: \u015eehrinin tak\u0131m\u0131 Chicago Bulls, NBA draftlar\u0131nda onu birinci s\u0131radan<span class=\"excerpt-hellip\"> [\u2026]<\/span><\/p>\n","protected":false},"featured_media":0,"template":"","meta":{"_monsterinsights_skip_tracking":false,"_monsterinsights_sitenote_active":false,"_monsterinsights_sitenote_note":"","_monsterinsights_sitenote_category":0},"product_brand":[],"product_cat":[15563,15564],"product_tag":[],"class_list":{"0":"post-733708","1":"product","2":"type-product","3":"status-publish","5":"product_cat-hobi","6":"product_cat-spor","7":"pa_cilt-ciltsiz","8":"pa_tur-kitap","9":"pa_yayinevi-profil-kitap","10":"pa_yazar-derrick-rose","11":"pa_yazar-sam-smith","13":"first","14":"instock","15":"sale","16":"shipping-taxable","17":"purchasable","18":"product-type-simple"},"_links":{"self":[{"href":"https:\/\/roveyayinevi.com.tr\/index.php\/wp-json\/wp\/v2\/product\/733708","targetHints":{"allow":["GET"]}}],"collection":[{"href":"https:\/\/roveyayinevi.com.tr\/index.php\/wp-json\/wp\/v2\/product"}],"about":[{"href":"https:\/\/roveyayinevi.com.tr\/index.php\/wp-json\/wp\/v2\/types\/product"}],"wp:attachment":[{"href":"https:\/\/roveyayinevi.com.tr\/index.php\/wp-json\/wp\/v2\/media?parent=733708"}],"wp:term":[{"taxonomy":"product_brand","embeddable":true,"href":"https:\/\/roveyayinevi.com.tr\/index.php\/wp-json\/wp\/v2\/product_brand?post=733708"},{"taxonomy":"product_cat","embeddable":true,"href":"https:\/\/roveyayinevi.com.tr\/index.php\/wp-json\/wp\/v2\/product_cat?post=733708"},{"taxonomy":"product_tag","embeddable":true,"href":"https:\/\/roveyayinevi.com.tr\/index.php\/wp-json\/wp\/v2\/product_tag?post=733708"}],"curies":[{"name":"wp","href":"https:\/\/api.w.org\/{rel}","templated":true}]}}