{"id":733707,"date":"2025-08-27T22:15:16","date_gmt":"2025-08-27T19:15:16","guid":{"rendered":"https:\/\/roveyayinevi.com.tr\/index.php\/urun\/davidin-hikayesi\/"},"modified":"2026-04-07T02:51:01","modified_gmt":"2026-04-06T23:51:01","slug":"davidin-hikayesi","status":"publish","type":"product","link":"https:\/\/roveyayinevi.com.tr\/index.php\/urun\/davidin-hikayesi\/","title":{"rendered":"David&#8217;in Hikayesi"},"content":{"rendered":"<p>G\u00fcney Afrika \u00f6zg\u00fcrl\u00fck hareketine getirilen yasaklamalar kalk\u0131nca gerilla rol\u00fcne sahip David Dirkse\u2019nin d\u00fc\u015f\u00fcnmek i\u00e7in bolca zaman\u0131 olur. Kendi ad\u0131n\u0131n kara listede ge\u00e7ti\u011fini \u00f6\u011frenir ve etnik k\u00f6kenlerini ara\u015ft\u0131rmak i\u00e7in yola \u00e7\u0131kar. \u0130hanete u\u011frad\u0131\u011f\u0131n\u0131n ve g\u00f6zetlendi\u011finin fark\u0131na varmas\u0131 ona \u201c\u0131rksal olmayan\u201d demokrasi m\u00fccadelesindeki rol\u00fcn\u00fc, yan yana durdu\u011fu yolda\u015flar\u0131n\u0131n sadakatini ve kendi \u00f6zg\u00fcrl\u00fck anlay\u0131\u015f\u0131n\u0131 yeniden sorgulat\u0131r. David\u2019in etraf\u0131n\u0131 saran sesler bazen birbiriyle ba\u011flant\u0131l\u0131 olup hik\u00e2yeyi ayd\u0131nlat\u0131rken bazen de kendi i\u00e7erisinde \u00e7eli\u015fkiye d\u00fc\u015f\u00fcp i\u00e7inden \u00e7\u0131k\u0131lmaz bir hal al\u0131r. Haf\u0131za, politik bak\u0131\u015f a\u00e7\u0131s\u0131 ve hakikat ekseninde gezintiye \u00e7\u0131kan Zo\u00eb Wicomb, Nelson Mandela\u2019n\u0131n serbest b\u0131rak\u0131l\u0131\u015f\u0131n\u0131n ard\u0131ndan geli\u015fen olaylar\u0131, aktivistlerin yeralt\u0131 d\u00fcnyas\u0131n\u0131, casuslar\u0131 ve G\u00fcney Afrika \u00f6zg\u00fcrl\u00fck hareketi i\u00e7indeki sabotajc\u0131lar\u0131 farkl\u0131 mek\u00e2n ve anlat\u0131lar d\u00e2hilinde yazarak tarihin kimin bak\u0131\u015f a\u00e7\u0131s\u0131ndan anlat\u0131ld\u0131\u011f\u0131n\u0131n ve ne derece de\u011fi\u015fken oldu\u011funun alt\u0131n\u0131 \u00e7izer. Apartheid sonras\u0131 G\u00fcney Afrika edebiyat\u0131n\u0131n nas\u0131l olaca\u011f\u0131n\u0131 g\u00f6rmek i\u00e7in y\u0131llard\u0131r bekliyoruz. Zo\u00eb Wicomb i\u015fin hakk\u0131n\u0131 veriyor. Zeki \u00fcslubu, geli\u015fmi\u015f tekni\u011fi, eklektik dili ve ba\u011f\u0131ms\u0131z politikas\u0131yla David\u2019in Hik\u00e2yesi G\u00fcney Afrika edebiyat\u0131n\u0131n yap\u0131land\u0131r\u0131lmas\u0131nda b\u00fcy\u00fck bir ad\u0131m ve muazzam bir ba\u015far\u0131. J.M. Coetzee<\/p>\n","protected":false},"excerpt":{"rendered":"<p>G\u00fcney Afrika \u00f6zg\u00fcrl\u00fck hareketine getirilen yasaklamalar kalk\u0131nca gerilla rol\u00fcne sahip David Dirkse\u2019nin d\u00fc\u015f\u00fcnmek i\u00e7in bolca zaman\u0131 olur. Kendi ad\u0131n\u0131n kara listede ge\u00e7ti\u011fini \u00f6\u011frenir ve etnik k\u00f6kenlerini<span class=\"excerpt-hellip\"> [\u2026]<\/span><\/p>\n","protected":false},"featured_media":0,"template":"","meta":{"_monsterinsights_skip_tracking":false,"_monsterinsights_sitenote_active":false,"_monsterinsights_sitenote_note":"","_monsterinsights_sitenote_category":0},"product_brand":[],"product_cat":[12291,12711],"product_tag":[],"class_list":{"0":"post-733707","1":"product","2":"type-product","3":"status-publish","5":"product_cat-edebiyat","6":"product_cat-roman-oyku","7":"pa_cilt-ciltsiz","8":"pa_tur-kitap","9":"pa_yayinevi-ayrinti-yayinlari","10":"pa_yazar-zoe-wicomb","12":"first","13":"instock","14":"sale","15":"shipping-taxable","16":"purchasable","17":"product-type-simple"},"_links":{"self":[{"href":"https:\/\/roveyayinevi.com.tr\/index.php\/wp-json\/wp\/v2\/product\/733707","targetHints":{"allow":["GET"]}}],"collection":[{"href":"https:\/\/roveyayinevi.com.tr\/index.php\/wp-json\/wp\/v2\/product"}],"about":[{"href":"https:\/\/roveyayinevi.com.tr\/index.php\/wp-json\/wp\/v2\/types\/product"}],"wp:attachment":[{"href":"https:\/\/roveyayinevi.com.tr\/index.php\/wp-json\/wp\/v2\/media?parent=733707"}],"wp:term":[{"taxonomy":"product_brand","embeddable":true,"href":"https:\/\/roveyayinevi.com.tr\/index.php\/wp-json\/wp\/v2\/product_brand?post=733707"},{"taxonomy":"product_cat","embeddable":true,"href":"https:\/\/roveyayinevi.com.tr\/index.php\/wp-json\/wp\/v2\/product_cat?post=733707"},{"taxonomy":"product_tag","embeddable":true,"href":"https:\/\/roveyayinevi.com.tr\/index.php\/wp-json\/wp\/v2\/product_tag?post=733707"}],"curies":[{"name":"wp","href":"https:\/\/api.w.org\/{rel}","templated":true}]}}