{"id":733706,"date":"2025-08-27T22:15:15","date_gmt":"2025-08-27T19:15:15","guid":{"rendered":"https:\/\/roveyayinevi.com.tr\/index.php\/urun\/komplolarin-yuzyili-yuzyilin-komplolari\/"},"modified":"2026-04-16T02:41:34","modified_gmt":"2026-04-15T23:41:34","slug":"komplolarin-yuzyili-yuzyilin-komplolari","status":"publish","type":"product","link":"https:\/\/roveyayinevi.com.tr\/index.php\/urun\/komplolarin-yuzyili-yuzyilin-komplolari\/","title":{"rendered":"Komplolar\u0131n Y\u00fczy\u0131l\u0131 Y\u00fczy\u0131l\u0131n Komplolar\u0131"},"content":{"rendered":"<p>Tarih treninin yolu komplo raylar\u0131yla d\u00f6\u015felidir!Hi\u00e7 \u015f\u00fcphesiz tarih komplolardan ibaret de\u011fil. Ancak komplosuz bir tarih de m\u00fcmk\u00fcn de\u011fil. Bunun yan\u0131nda tarihte komplolar\u0131n rol\u00fcn\u00fc ve \u00f6nemini g\u00f6rmezden gelenler de mevcut. Bu gibiler \u201ckomplo\u201d kelimesine dahi dudak b\u00fck\u00fcp burun k\u0131v\u0131r\u0131rken tarihin ger\u00e7ekleri onlar\u0131n cehaletlerini y\u00fczlerine vuruyor.Onlar komplolar\u0131 yok sayarak asl\u0131nda tam da komplo organizat\u00f6rlerinin arzulad\u0131klar\u0131n\u0131 yap\u0131yorlar. Dahas\u0131 bilerek veya bilmeyerek bu odaklar\u0131n \u00f6rtbas \u00e7abalar\u0131na destek oluyorlar. H\u00e2len ayn\u0131 kal\u0131pla\u015fm\u0131\u015f s\u00f6zleri say\u0131klamaya devam ediyorlar: \u201cKomplo mu? Hadi can\u0131m o da ne!\u201dOnlar komplo olgusunu vars\u0131n yok says\u0131nlar, tarihin \u201ckomplo \u00e7ark\u0131\u201d d\u00f6nmeye devam ediyor. Bilhassa da \u201ck\u0131r\u0131lma anlar\u0131\u201dnda!\u0130\u015fte elinizdeki kitap, ge\u00e7ti\u011fimiz y\u00fczy\u0131l\u0131n ba\u015f\u0131ndan bug\u00fcne kadar cereyan etmi\u015f \u00f6nemli komplolar\u0131n birer d\u00f6k\u00fcm\u00fcn\u00fc ve analizini sunuyor. Bilhassa tarihin k\u0131r\u0131lma anlar\u0131nda gelece\u011fe y\u00f6n vermek i\u00e7in tertiplenen komplolar ger\u00e7ek \u00f6zellikleriyle su y\u00fcz\u00fcne \u00e7\u0131kart\u0131l\u0131yor.Unutmay\u0131n: Komplosuz bir tarih ancak masallarda m\u00fcmk\u00fcnd\u00fcr!<\/p>\n","protected":false},"excerpt":{"rendered":"<p>Tarih treninin yolu komplo raylar\u0131yla d\u00f6\u015felidir!Hi\u00e7 \u015f\u00fcphesiz tarih komplolardan ibaret de\u011fil. Ancak komplosuz bir tarih de m\u00fcmk\u00fcn de\u011fil. Bunun yan\u0131nda tarihte komplolar\u0131n rol\u00fcn\u00fc ve \u00f6nemini g\u00f6rmezden<span class=\"excerpt-hellip\"> [\u2026]<\/span><\/p>\n","protected":false},"featured_media":0,"template":"","meta":{"_monsterinsights_skip_tracking":false,"_monsterinsights_sitenote_active":false,"_monsterinsights_sitenote_note":"","_monsterinsights_sitenote_category":0},"product_brand":[],"product_cat":[12312,12304],"product_tag":[],"class_list":{"0":"post-733706","1":"product","2":"type-product","3":"status-publish","5":"product_cat-diger","6":"product_cat-tarih","7":"pa_cilt-ciltsiz","8":"pa_tur-kitap","9":"pa_yayinevi-profil-kitap","10":"pa_yazar-atilla-akar","12":"first","13":"instock","14":"sale","15":"shipping-taxable","16":"purchasable","17":"product-type-simple"},"_links":{"self":[{"href":"https:\/\/roveyayinevi.com.tr\/index.php\/wp-json\/wp\/v2\/product\/733706","targetHints":{"allow":["GET"]}}],"collection":[{"href":"https:\/\/roveyayinevi.com.tr\/index.php\/wp-json\/wp\/v2\/product"}],"about":[{"href":"https:\/\/roveyayinevi.com.tr\/index.php\/wp-json\/wp\/v2\/types\/product"}],"wp:attachment":[{"href":"https:\/\/roveyayinevi.com.tr\/index.php\/wp-json\/wp\/v2\/media?parent=733706"}],"wp:term":[{"taxonomy":"product_brand","embeddable":true,"href":"https:\/\/roveyayinevi.com.tr\/index.php\/wp-json\/wp\/v2\/product_brand?post=733706"},{"taxonomy":"product_cat","embeddable":true,"href":"https:\/\/roveyayinevi.com.tr\/index.php\/wp-json\/wp\/v2\/product_cat?post=733706"},{"taxonomy":"product_tag","embeddable":true,"href":"https:\/\/roveyayinevi.com.tr\/index.php\/wp-json\/wp\/v2\/product_tag?post=733706"}],"curies":[{"name":"wp","href":"https:\/\/api.w.org\/{rel}","templated":true}]}}