{"id":733705,"date":"2025-08-27T22:15:14","date_gmt":"2025-08-27T19:15:14","guid":{"rendered":"https:\/\/roveyayinevi.com.tr\/index.php\/urun\/yildizli-saat-golge-guvesi\/"},"modified":"2026-04-16T02:41:34","modified_gmt":"2026-04-15T23:41:34","slug":"yildizli-saat-golge-guvesi","status":"publish","type":"product","link":"https:\/\/roveyayinevi.com.tr\/index.php\/urun\/yildizli-saat-golge-guvesi\/","title":{"rendered":"Y\u0131ld\u0131zl\u0131 Saat &#8211; G\u00f6lge G\u00fcvesi"},"content":{"rendered":"<p>Sihirli yeni bir d\u00fcnyaya gitme zaman\u0131 geldi\u2026 Imogen kap\u0131daki yaz\u0131lara bakt\u0131: KES\u0130NL\u0130KLE G\u0130R\u0130LMEZ! Neden bu kadar sert bir dille yazd\u0131klar\u0131n\u0131 anlamam\u0131\u015ft\u0131 ama \u00f6\u011frenmek i\u00e7in can at\u0131yordu.<\/p>\n","protected":false},"excerpt":{"rendered":"<p>Sihirli yeni bir d\u00fcnyaya gitme zaman\u0131 geldi\u2026 Imogen kap\u0131daki yaz\u0131lara bakt\u0131: KES\u0130NL\u0130KLE G\u0130R\u0130LMEZ! Neden bu kadar sert bir dille yazd\u0131klar\u0131n\u0131 anlamam\u0131\u015ft\u0131 ama \u00f6\u011frenmek i\u00e7in can at\u0131yordu.<\/p>\n","protected":false},"featured_media":0,"template":"","meta":{"_monsterinsights_skip_tracking":false,"_monsterinsights_sitenote_active":false,"_monsterinsights_sitenote_note":"","_monsterinsights_sitenote_category":0},"product_brand":[],"product_cat":[12275,12274],"product_tag":[],"class_list":{"0":"post-733705","1":"product","2":"type-product","3":"status-publish","5":"product_cat-6-12-yas-kitaplari","6":"product_cat-cocuk-ve-genclik-kitaplari","7":"pa_cilt-ciltsiz","8":"pa_tur-kitap","9":"pa_yayinevi-dinozor-cocuk","10":"pa_yazar-francesca-gibbons","12":"first","13":"instock","14":"sale","15":"shipping-taxable","16":"purchasable","17":"product-type-simple"},"_links":{"self":[{"href":"https:\/\/roveyayinevi.com.tr\/index.php\/wp-json\/wp\/v2\/product\/733705","targetHints":{"allow":["GET"]}}],"collection":[{"href":"https:\/\/roveyayinevi.com.tr\/index.php\/wp-json\/wp\/v2\/product"}],"about":[{"href":"https:\/\/roveyayinevi.com.tr\/index.php\/wp-json\/wp\/v2\/types\/product"}],"wp:attachment":[{"href":"https:\/\/roveyayinevi.com.tr\/index.php\/wp-json\/wp\/v2\/media?parent=733705"}],"wp:term":[{"taxonomy":"product_brand","embeddable":true,"href":"https:\/\/roveyayinevi.com.tr\/index.php\/wp-json\/wp\/v2\/product_brand?post=733705"},{"taxonomy":"product_cat","embeddable":true,"href":"https:\/\/roveyayinevi.com.tr\/index.php\/wp-json\/wp\/v2\/product_cat?post=733705"},{"taxonomy":"product_tag","embeddable":true,"href":"https:\/\/roveyayinevi.com.tr\/index.php\/wp-json\/wp\/v2\/product_tag?post=733705"}],"curies":[{"name":"wp","href":"https:\/\/api.w.org\/{rel}","templated":true}]}}