{"id":733704,"date":"2025-08-27T22:15:13","date_gmt":"2025-08-27T19:15:13","guid":{"rendered":"https:\/\/roveyayinevi.com.tr\/index.php\/urun\/anna-z42-kurbaga-margonun-pesinde\/"},"modified":"2026-04-16T02:41:34","modified_gmt":"2026-04-15T23:41:34","slug":"anna-z42-kurbaga-margonun-pesinde","status":"publish","type":"product","link":"https:\/\/roveyayinevi.com.tr\/index.php\/urun\/anna-z42-kurbaga-margonun-pesinde\/","title":{"rendered":"Anna Z42 &#8211; Kurba\u011fa Margo&#8217;nun Pe\u015finde"},"content":{"rendered":"<p>Yar\u0131 d\u00fcnyal\u0131 yar\u0131 uzayl\u0131 k\u00fc\u00e7\u00fck bir k\u0131z\u0131n komik ve heyecan dolu maceralar\u0131. Anne ve babas\u0131 ayr\u0131ld\u0131\u011f\u0131ndan bu yana, Anna Z42 zaman\u0131n\u0131n bir k\u0131sm\u0131n\u0131 babas\u0131yla D\u00fcnya\u2019da, bir k\u0131sm\u0131n\u0131 ise annesiyle Akuatiks Gezegeni\u2019nde ge\u00e7irmektedir. G\u00fcnlerden bir g\u00fcn, Anna yine baloncuk-arabas\u0131na atlay\u0131p Akuatiks\u2019e yolculuk eder ve en iyi arkadas.\u0131 Kurba\u011fa Margo\u2019yla bulus.ur ve o an akl\u0131na bir fikir gelir: S\u0131n\u0131f arkadas\u0131 Kerim\u2019le birlikte yapaca\u011f\u0131 fen bilimleri sunumu i\u00e7in neden Margo\u2019yu da D\u00fcnya\u2019ya g\u00f6t\u00fcrmesin ki? Yar\u0131 d\u00fcnyal\u0131 yar\u0131 uzayl\u0131, minik Anna\u2019n\u0131n ve Kurbag\u02c7a Margo\u2019nun renkli maceralar\u0131na haz\u0131r olun.<\/p>\n","protected":false},"excerpt":{"rendered":"<p>Yar\u0131 d\u00fcnyal\u0131 yar\u0131 uzayl\u0131 k\u00fc\u00e7\u00fck bir k\u0131z\u0131n komik ve heyecan dolu maceralar\u0131. Anne ve babas\u0131 ayr\u0131ld\u0131\u011f\u0131ndan bu yana, Anna Z42 zaman\u0131n\u0131n bir k\u0131sm\u0131n\u0131 babas\u0131yla D\u00fcnya\u2019da, bir<span class=\"excerpt-hellip\"> [\u2026]<\/span><\/p>\n","protected":false},"featured_media":0,"template":"","meta":{"_monsterinsights_skip_tracking":false,"_monsterinsights_sitenote_active":false,"_monsterinsights_sitenote_note":"","_monsterinsights_sitenote_category":0},"product_brand":[],"product_cat":[12275,12274],"product_tag":[],"class_list":{"0":"post-733704","1":"product","2":"type-product","3":"status-publish","5":"product_cat-6-12-yas-kitaplari","6":"product_cat-cocuk-ve-genclik-kitaplari","7":"pa_cilt-ciltsiz","8":"pa_tur-kitap","9":"pa_yayinevi-dinozor-cocuk","10":"pa_yazar-aurelie-gerlach","12":"first","13":"instock","14":"sale","15":"shipping-taxable","16":"purchasable","17":"product-type-simple"},"_links":{"self":[{"href":"https:\/\/roveyayinevi.com.tr\/index.php\/wp-json\/wp\/v2\/product\/733704","targetHints":{"allow":["GET"]}}],"collection":[{"href":"https:\/\/roveyayinevi.com.tr\/index.php\/wp-json\/wp\/v2\/product"}],"about":[{"href":"https:\/\/roveyayinevi.com.tr\/index.php\/wp-json\/wp\/v2\/types\/product"}],"wp:attachment":[{"href":"https:\/\/roveyayinevi.com.tr\/index.php\/wp-json\/wp\/v2\/media?parent=733704"}],"wp:term":[{"taxonomy":"product_brand","embeddable":true,"href":"https:\/\/roveyayinevi.com.tr\/index.php\/wp-json\/wp\/v2\/product_brand?post=733704"},{"taxonomy":"product_cat","embeddable":true,"href":"https:\/\/roveyayinevi.com.tr\/index.php\/wp-json\/wp\/v2\/product_cat?post=733704"},{"taxonomy":"product_tag","embeddable":true,"href":"https:\/\/roveyayinevi.com.tr\/index.php\/wp-json\/wp\/v2\/product_tag?post=733704"}],"curies":[{"name":"wp","href":"https:\/\/api.w.org\/{rel}","templated":true}]}}