{"id":733703,"date":"2025-08-27T22:15:12","date_gmt":"2025-08-27T19:15:12","guid":{"rendered":"https:\/\/roveyayinevi.com.tr\/index.php\/urun\/emdr-terapisi-ile-beyinde-degisim\/"},"modified":"2026-04-03T02:48:53","modified_gmt":"2026-04-02T23:48:53","slug":"emdr-terapisi-ile-beyinde-degisim","status":"publish","type":"product","link":"https:\/\/roveyayinevi.com.tr\/index.php\/urun\/emdr-terapisi-ile-beyinde-degisim\/","title":{"rendered":"EMDR Terapisi ile Beyinde De\u011fi\u015fim"},"content":{"rendered":"<p>EMDR Terapisi, zihnin bilgiyi i\u015fleme s\u00fcre\u00e7lerine dayanan Adaptif Bilgi \u0130\u015flemleme Teorisi \u00fczerine kurulu ve g\u00fcn\u00fcm\u00fczde pek \u00e7ok bozuklukta etkili bir psikoterapi y\u00f6ntemidir. Temel varsay\u0131m sorunlar\u0131n ortaya \u00e7\u0131k\u0131\u015f\u0131nda, yani psikopatolojinin olu\u015fmas\u0131nda travmatik s\u00fcre\u00e7ler \u00f6nemli rol oynar.Bu kitapta son ara\u015ft\u0131rmalar \u0131\u015f\u0131\u011f\u0131nda beyinde olan bitenlerle duygu, d\u00fc\u015f\u00fcnce ve davran\u0131\u015flar aras\u0131ndaki ili\u015fkileri ve beyinde olu\u015fan de\u011fi\u015fimleri de g\u00f6zden ge\u00e7irmek m\u00fcmk\u00fcn olacak. \u00d6zellikle EMDR terapistleri, dan\u0131\u015fanlar ve n\u00f6robiyolojiye ilgi duyanlar i\u00e7in kullan\u0131\u015fl\u0131 bir kaynak olarak k\u00fct\u00fcphanelerde bulunacakt\u0131r.<\/p>\n","protected":false},"excerpt":{"rendered":"<p>EMDR Terapisi, zihnin bilgiyi i\u015fleme s\u00fcre\u00e7lerine dayanan Adaptif Bilgi \u0130\u015flemleme Teorisi \u00fczerine kurulu ve g\u00fcn\u00fcm\u00fczde pek \u00e7ok bozuklukta etkili bir psikoterapi y\u00f6ntemidir. Temel varsay\u0131m sorunlar\u0131n ortaya<span class=\"excerpt-hellip\"> [\u2026]<\/span><\/p>\n","protected":false},"featured_media":0,"template":"","meta":{"_monsterinsights_skip_tracking":false,"_monsterinsights_sitenote_active":false,"_monsterinsights_sitenote_note":"","_monsterinsights_sitenote_category":0},"product_brand":[],"product_cat":[12364,12376],"product_tag":[],"class_list":{"0":"post-733703","1":"product","2":"type-product","3":"status-publish","5":"product_cat-genel-konular","6":"product_cat-kisisel-gelisim","7":"pa_cilt-ciltsiz","8":"pa_tur-kitap","9":"pa_yayinevi-psikonet-yayinlari","10":"pa_yazar-alisan-burak-yasar","12":"first","13":"instock","14":"sale","15":"shipping-taxable","16":"purchasable","17":"product-type-simple"},"_links":{"self":[{"href":"https:\/\/roveyayinevi.com.tr\/index.php\/wp-json\/wp\/v2\/product\/733703","targetHints":{"allow":["GET"]}}],"collection":[{"href":"https:\/\/roveyayinevi.com.tr\/index.php\/wp-json\/wp\/v2\/product"}],"about":[{"href":"https:\/\/roveyayinevi.com.tr\/index.php\/wp-json\/wp\/v2\/types\/product"}],"wp:attachment":[{"href":"https:\/\/roveyayinevi.com.tr\/index.php\/wp-json\/wp\/v2\/media?parent=733703"}],"wp:term":[{"taxonomy":"product_brand","embeddable":true,"href":"https:\/\/roveyayinevi.com.tr\/index.php\/wp-json\/wp\/v2\/product_brand?post=733703"},{"taxonomy":"product_cat","embeddable":true,"href":"https:\/\/roveyayinevi.com.tr\/index.php\/wp-json\/wp\/v2\/product_cat?post=733703"},{"taxonomy":"product_tag","embeddable":true,"href":"https:\/\/roveyayinevi.com.tr\/index.php\/wp-json\/wp\/v2\/product_tag?post=733703"}],"curies":[{"name":"wp","href":"https:\/\/api.w.org\/{rel}","templated":true}]}}