{"id":733702,"date":"2025-08-27T22:15:11","date_gmt":"2025-08-27T19:15:11","guid":{"rendered":"https:\/\/roveyayinevi.com.tr\/index.php\/urun\/mutlu-beyin-mutluluk-nereden-ve-nasil-gelir\/"},"modified":"2026-04-16T02:41:34","modified_gmt":"2026-04-15T23:41:34","slug":"mutlu-beyin-mutluluk-nereden-ve-nasil-gelir","status":"publish","type":"product","link":"https:\/\/roveyayinevi.com.tr\/index.php\/urun\/mutlu-beyin-mutluluk-nereden-ve-nasil-gelir\/","title":{"rendered":"Mutlu Beyin: Mutluluk Nereden ve Nas\u0131l Gelir"},"content":{"rendered":"<p>Mutluluk nereden geliyor ve neden ona bu kadar \u00e7ok ihtiyac\u0131m\u0131z var?Mutluluk aray\u0131\u015f\u0131, insan ya\u015fam\u0131n\u0131n en yayg\u0131n ve kal\u0131c\u0131 aray\u0131\u015flar\u0131ndan biridir. Bizi bir i\u015f bulmaya, \u00e2\u015f\u0131k olmaya, terapiye gitmeye, \u015f\u00fcpheli saplant\u0131lara sahip olmaya ve g\u00fcn\u00fcn sonunda eve d\u00f6nmeye iten \u015fey budur. Peki kal\u0131c\u0131 mutluluk m\u00fcmk\u00fcn m\u00fc ya da olmal\u0131 m\u0131? Ve bunlar\u0131n beyinle ne ilgisi var?Aptal Beyin\u2019in yazar\u0131 n\u00f6robilim uzman\u0131 Dean Burnett, Mutlu Beyin\u2019de bu sorular\u0131 ara\u015ft\u0131r\u0131yor. Beynin nas\u0131l \u00e7al\u0131\u015ft\u0131\u011f\u0131na dair en son ara\u015ft\u0131rmalar\u0131 ve teorileri, mutluluk yaratmaya dahil olan ve ya\u015fam\u0131n farkl\u0131 alanlar\u0131ndan gelen \u00e7ok say\u0131da insana ait g\u00f6r\u00fc\u015flerle birle\u015ftirerek modern n\u00f6robilimin b\u00fcy\u00fcleyicili\u011fini g\u00f6zler \u00f6n\u00fcne seriyor. Mutlulu\u011fun ger\u00e7ekte ne oldu\u011funu, nereden geldi\u011fini ve a\u015fk, cinsellik, dostluk, zenginlik, kahkaha ile ba\u015far\u0131n\u0131n beynimize ger\u00e7ekte ne yapt\u0131\u011f\u0131n\u0131 anlamam\u0131z\u0131 sa\u011flayarak, insan olman\u0131n ne anlama geldi\u011fine dair benzersiz ve e\u011flenceli bir d\u00f6k\u00fcm sunuyor.&#8221;Bu keyifli, motive edici ve \u00f6d\u00fcllendirici kitab\u0131 okumal\u0131s\u0131n\u0131z. Bunun i\u00e7in mutlu olacaks\u0131n\u0131z.&#8221; \u2015The Guardian&#8221;Burnett&#8217;in a\u015fk\u0131n n\u00f6rokimyas\u0131 ve ona ba\u011fl\u0131 duygularla ilgili tan\u0131m\u0131, kabul edilmeye de\u011fer&#8230; Bu kitap, beyinde ho\u015f bir tur.&#8221; \u2015Kirkus&#8221;Mutluluk \u00fczerine mevcut ara\u015ft\u0131rmalara genel bir bak\u0131\u015f arayan okurlar, bu kitab\u0131 keyifli ve ayd\u0131nlat\u0131c\u0131 bulacaklard\u0131r.&#8221; \u2015Library Journal&#8221;B\u00fcy\u00fcleyici\u2026 D\u00fc\u015f\u00fcnd\u00fcr\u00fcc\u00fc ve hayli e\u011flenceli.&#8221;\u2015Daily Ma<\/p>\n","protected":false},"excerpt":{"rendered":"<p>Mutluluk nereden geliyor ve neden ona bu kadar \u00e7ok ihtiyac\u0131m\u0131z var?Mutluluk aray\u0131\u015f\u0131, insan ya\u015fam\u0131n\u0131n en yayg\u0131n ve kal\u0131c\u0131 aray\u0131\u015flar\u0131ndan biridir. Bizi bir i\u015f bulmaya, \u00e2\u015f\u0131k olmaya,<span class=\"excerpt-hellip\"> [\u2026]<\/span><\/p>\n","protected":false},"featured_media":0,"template":"","meta":{"_monsterinsights_skip_tracking":false,"_monsterinsights_sitenote_active":false,"_monsterinsights_sitenote_note":"","_monsterinsights_sitenote_category":0},"product_brand":[],"product_cat":[13005,37328],"product_tag":[],"class_list":{"0":"post-733702","1":"product","2":"type-product","3":"status-publish","5":"product_cat-bilim-muhendislik","6":"product_cat-diger-bilim-muhendislik","7":"pa_cilt-ciltsiz","8":"pa_tur-kitap","9":"pa_yayinevi-nova-kitap","10":"pa_yazar-dean-burnett","12":"first","13":"instock","14":"sale","15":"shipping-taxable","16":"purchasable","17":"product-type-simple"},"_links":{"self":[{"href":"https:\/\/roveyayinevi.com.tr\/index.php\/wp-json\/wp\/v2\/product\/733702","targetHints":{"allow":["GET"]}}],"collection":[{"href":"https:\/\/roveyayinevi.com.tr\/index.php\/wp-json\/wp\/v2\/product"}],"about":[{"href":"https:\/\/roveyayinevi.com.tr\/index.php\/wp-json\/wp\/v2\/types\/product"}],"wp:attachment":[{"href":"https:\/\/roveyayinevi.com.tr\/index.php\/wp-json\/wp\/v2\/media?parent=733702"}],"wp:term":[{"taxonomy":"product_brand","embeddable":true,"href":"https:\/\/roveyayinevi.com.tr\/index.php\/wp-json\/wp\/v2\/product_brand?post=733702"},{"taxonomy":"product_cat","embeddable":true,"href":"https:\/\/roveyayinevi.com.tr\/index.php\/wp-json\/wp\/v2\/product_cat?post=733702"},{"taxonomy":"product_tag","embeddable":true,"href":"https:\/\/roveyayinevi.com.tr\/index.php\/wp-json\/wp\/v2\/product_tag?post=733702"}],"curies":[{"name":"wp","href":"https:\/\/api.w.org\/{rel}","templated":true}]}}