{"id":733700,"date":"2025-08-27T22:15:09","date_gmt":"2025-08-27T19:15:09","guid":{"rendered":"https:\/\/roveyayinevi.com.tr\/index.php\/urun\/kan-ve-bal\/"},"modified":"2026-04-16T02:41:34","modified_gmt":"2026-04-15T23:41:34","slug":"kan-ve-bal","status":"publish","type":"product","link":"https:\/\/roveyayinevi.com.tr\/index.php\/urun\/kan-ve-bal\/","title":{"rendered":"Kan ve Bal"},"content":{"rendered":"<p>NEREYE G\u0130DERSEN G\u0130T, SEN\u0130NLE GEL\u0130R\u0130MMorgane\u2019\u0131n han\u00e7erinden k\u0131l pay\u0131 kurtulduktan sonra kendilerini yapayaln\u0131z bulan Lou, Reid, Coco ve Ansel\u2019in saklanacak yerleri kalmam\u0131\u015ft\u0131. Kilise, krall\u0131k, cad\u0131lar \u2013 herkes onlara kar\u015f\u0131yd\u0131. Bu sava\u015f\u0131 kazanma \u015fanslar\u0131 t\u00fckenmek \u00fczereydi.NEREDE OLURSAN OL, YANINDA KALIRIM\u00d6l\u00fcmc\u00fcl bir kedi-fare oyununun i\u00e7ine \u00e7ekilirken m\u00fcttefiklerini en umulmad\u0131k yerlerde aramalar\u0131 gerekiyordu. En kadim d\u00fc\u015fmanlar\u0131 olan kan cad\u0131lar\u0131n\u0131 ve kurtadamlar\u0131 ikna etmek i\u00e7in \u00e7ok az zamanlar\u0131 vard\u0131.\u0130K\u0130M\u0130Z DE YA\u015eAYACAKSAK, HER \u015eEY\u0130 YAPARIMLou b\u00fcy\u00fcn\u00fcn tehlikeli s\u0131n\u0131rlar\u0131nda gezinirken, Reid kendi g\u00fcc\u00fcn\u00fc h\u00e2l\u00e2 \u0131srarla reddetmeye \u00e7al\u0131\u015f\u0131yordu. Onlar\u0131 sonsuza dek ba\u011flayan yeminleri, kanla tekrar yaz\u0131lmak \u00fczereydi.FAKAT \u00d6L\u00dcM HEP\u0130M\u0130Z\u0130N PE\u015e\u0130NDE.\u201cLou sadece kendi sesini bulmakla kalm\u0131yor, erkeklerin kad\u0131nlara olan bak\u0131\u015f a\u00e7\u0131s\u0131n\u0131 da tamamen de\u011fi\u015ftiriyor. \u0130lk kitab\u0131 sevenler, her ters k\u00f6\u015fede Kan ve Bal\u2019a hayran olacak.\u201d \u2014School Library Journal\u201cShelby Mahurin, insan\u0131 avucunun i\u00e7ine alan cesur bir devam kitab\u0131na imza atm\u0131\u015f. Kesinlikle en sevdi\u011fim serilerin aras\u0131na girdi.\u201d \u2014Adalyn Grace<\/p>\n","protected":false},"excerpt":{"rendered":"<p>NEREYE G\u0130DERSEN G\u0130T, SEN\u0130NLE GEL\u0130R\u0130MMorgane\u2019\u0131n han\u00e7erinden k\u0131l pay\u0131 kurtulduktan sonra kendilerini yapayaln\u0131z bulan Lou, Reid, Coco ve Ansel\u2019in saklanacak yerleri kalmam\u0131\u015ft\u0131. Kilise, krall\u0131k, cad\u0131lar \u2013 herkes<span class=\"excerpt-hellip\"> [\u2026]<\/span><\/p>\n","protected":false},"featured_media":0,"template":"","meta":{"_monsterinsights_skip_tracking":false,"_monsterinsights_sitenote_active":false,"_monsterinsights_sitenote_note":"","_monsterinsights_sitenote_category":0},"product_brand":[],"product_cat":[12291,12711],"product_tag":[],"class_list":{"0":"post-733700","1":"product","2":"type-product","3":"status-publish","5":"product_cat-edebiyat","6":"product_cat-roman-oyku","7":"pa_cilt-ciltsiz","8":"pa_tur-kitap","9":"pa_yayinevi-yabanci-yayinevi","10":"pa_yazar-shelby-mahurin","12":"first","13":"instock","14":"sale","15":"shipping-taxable","16":"purchasable","17":"product-type-simple"},"_links":{"self":[{"href":"https:\/\/roveyayinevi.com.tr\/index.php\/wp-json\/wp\/v2\/product\/733700","targetHints":{"allow":["GET"]}}],"collection":[{"href":"https:\/\/roveyayinevi.com.tr\/index.php\/wp-json\/wp\/v2\/product"}],"about":[{"href":"https:\/\/roveyayinevi.com.tr\/index.php\/wp-json\/wp\/v2\/types\/product"}],"wp:attachment":[{"href":"https:\/\/roveyayinevi.com.tr\/index.php\/wp-json\/wp\/v2\/media?parent=733700"}],"wp:term":[{"taxonomy":"product_brand","embeddable":true,"href":"https:\/\/roveyayinevi.com.tr\/index.php\/wp-json\/wp\/v2\/product_brand?post=733700"},{"taxonomy":"product_cat","embeddable":true,"href":"https:\/\/roveyayinevi.com.tr\/index.php\/wp-json\/wp\/v2\/product_cat?post=733700"},{"taxonomy":"product_tag","embeddable":true,"href":"https:\/\/roveyayinevi.com.tr\/index.php\/wp-json\/wp\/v2\/product_tag?post=733700"}],"curies":[{"name":"wp","href":"https:\/\/api.w.org\/{rel}","templated":true}]}}