{"id":733699,"date":"2025-08-27T22:15:08","date_gmt":"2025-08-27T19:15:08","guid":{"rendered":"https:\/\/roveyayinevi.com.tr\/index.php\/urun\/mecburiyetler-ulkesi\/"},"modified":"2026-04-16T02:41:34","modified_gmt":"2026-04-15T23:41:34","slug":"mecburiyetler-ulkesi","status":"publish","type":"product","link":"https:\/\/roveyayinevi.com.tr\/index.php\/urun\/mecburiyetler-ulkesi\/","title":{"rendered":"Mecburiyetler \u00dclkesi"},"content":{"rendered":"<p>Kalyope hayat\u0131 boyunca Dimos\u2019u sevmi\u015f, \u00f6mr\u00fcnce ona ula\u015fmayaca\u011f\u0131n\u0131 bildi\u011fi mektuplar yazm\u0131\u015ft\u0131. Ona g\u00f6nderemeyece\u011fi mektuplar yazmak m\u0131yd\u0131 zor olan,yoksa bu kadar sevdi\u011fini Dimos\u2019un hi\u00e7 bilmemesi miydi?Dimos, Giresun\u2019dan Yunanistan\u2019a giderken Kalyope\u2019yi d\u00fc\u015f\u00fcnm\u00fc\u015f m\u00fcyd\u00fc?Sevildi\u011fini bilse gider miydi?Peki bu kadar sevildi\u011fini hi\u00e7 \u00f6\u011frenebilecek miydi?Dimos ve onu \u00f6mr\u00fcnce seven Kalyope&#8230;Mecburiyetler \u00dclkesi\u2019nde denk gelebilecekler miydi?Sen yerli yerinde, e\u015fsiz bir r\u00fcyadan uyanmaya korkan, yar\u0131m kalmas\u0131ndan dertli ve bir sona ula\u015fmas\u0131n dedi\u011fin her hik\u00e2yenin bir sonu oldu\u011funu bilecek kadar ger\u00e7ekler deryas\u0131nda yol al\u0131yorsun Dimos.Bilirsin, hik\u00e2ye bitecek bir g\u00fcn.Bitmesin diye yava\u015f yava\u015f okudu\u011fumuz kitaplardaki gibi.Bir sihirbaz\u0131n final g\u00f6sterisinde kendini sahneden yok etmesi gibi.Dedik ya, hik\u00e2ye mutlaka bitecek bir g\u00fcn! Biz mecburiyetler \u00fclkesinde rotas\u0131 belli olmayan bir gemi misali kaybolup gidece\u011fiz.Yeni bir hik\u00e2yeye ba\u015flayacak kudrete sahipsek bitecek.Ve biz t\u00fckenece\u011fiz Dimos\u2026<\/p>\n","protected":false},"excerpt":{"rendered":"<p>Kalyope hayat\u0131 boyunca Dimos\u2019u sevmi\u015f, \u00f6mr\u00fcnce ona ula\u015fmayaca\u011f\u0131n\u0131 bildi\u011fi mektuplar yazm\u0131\u015ft\u0131. Ona g\u00f6nderemeyece\u011fi mektuplar yazmak m\u0131yd\u0131 zor olan,yoksa bu kadar sevdi\u011fini Dimos\u2019un hi\u00e7 bilmemesi miydi?Dimos, Giresun\u2019dan<span class=\"excerpt-hellip\"> [\u2026]<\/span><\/p>\n","protected":false},"featured_media":0,"template":"","meta":{"_monsterinsights_skip_tracking":false,"_monsterinsights_sitenote_active":false,"_monsterinsights_sitenote_note":"","_monsterinsights_sitenote_category":0},"product_brand":[],"product_cat":[12291,12711],"product_tag":[],"class_list":{"0":"post-733699","1":"product","2":"type-product","3":"status-publish","5":"product_cat-edebiyat","6":"product_cat-roman-oyku","7":"pa_cilt-ciltsiz","8":"pa_tur-kitap","9":"pa_yayinevi-muptela-yayinevi","10":"pa_yazar-betul-duztepe","12":"first","13":"instock","14":"sale","15":"shipping-taxable","16":"purchasable","17":"product-type-simple"},"_links":{"self":[{"href":"https:\/\/roveyayinevi.com.tr\/index.php\/wp-json\/wp\/v2\/product\/733699","targetHints":{"allow":["GET"]}}],"collection":[{"href":"https:\/\/roveyayinevi.com.tr\/index.php\/wp-json\/wp\/v2\/product"}],"about":[{"href":"https:\/\/roveyayinevi.com.tr\/index.php\/wp-json\/wp\/v2\/types\/product"}],"wp:attachment":[{"href":"https:\/\/roveyayinevi.com.tr\/index.php\/wp-json\/wp\/v2\/media?parent=733699"}],"wp:term":[{"taxonomy":"product_brand","embeddable":true,"href":"https:\/\/roveyayinevi.com.tr\/index.php\/wp-json\/wp\/v2\/product_brand?post=733699"},{"taxonomy":"product_cat","embeddable":true,"href":"https:\/\/roveyayinevi.com.tr\/index.php\/wp-json\/wp\/v2\/product_cat?post=733699"},{"taxonomy":"product_tag","embeddable":true,"href":"https:\/\/roveyayinevi.com.tr\/index.php\/wp-json\/wp\/v2\/product_tag?post=733699"}],"curies":[{"name":"wp","href":"https:\/\/api.w.org\/{rel}","templated":true}]}}