{"id":733698,"date":"2025-08-27T22:15:06","date_gmt":"2025-08-27T19:15:06","guid":{"rendered":"https:\/\/roveyayinevi.com.tr\/index.php\/urun\/jupiterin-mirasi-cilt-4\/"},"modified":"2026-04-16T02:41:34","modified_gmt":"2026-04-15T23:41:34","slug":"jupiterin-mirasi-cilt-4","status":"publish","type":"product","link":"https:\/\/roveyayinevi.com.tr\/index.php\/urun\/jupiterin-mirasi-cilt-4\/","title":{"rendered":"J\u00fcpiterin Miras\u0131 Cilt 4"},"content":{"rendered":"<p>S\u00fcperkahramanlar d\u00fcnyay\u0131 kontrol alt\u0131na ald\u0131. \u0130nsanlar\u0131 kurtarmak ise k\u00f6t\u00fclerin elinde.Askerlerden k\u0131lpay\u0131 kurtulan Chloe, Hutch ve Jason, Amerika\u2019y\u0131 y\u00f6neten Brandon ile Zihin Dalgas\u0131 onlar\u0131n yerlerini \u00f6\u011frenince, saklanmay\u0131 b\u0131rak\u0131p kar\u015f\u0131 sald\u0131r\u0131ya ge\u00e7meye karar vermi\u015flerdi. \u00dc\u00e7l\u00fc, Hutch\u2019\u0131n s\u00fcper g\u00fc\u00e7leri olan su\u00e7lu eski dostlar\u0131n\u0131 bir araya toplay\u0131p Amerika\u2019y\u0131 eski h\u00e2line getirmek ve \u00dctopyac\u0131\u2019n\u0131n intikam\u0131n\u0131 almak niyetindeydi. Yard\u0131mlar\u0131na ise s\u00fcrpriz bir isim daha gelecekti. Zaman\u0131n\u0131n bir kahraman\u0131 ve tarihin en \u00e7ok aranan s\u00fcper su\u00e7lusu, G\u00f6ktilkisi.KICK-ASS ve MARVEL\/\u0130\u00c7 SAVA\u015e\u2019\u0131n yarat\u0131c\u0131s\u0131 Mark Millar\u2019\u0131n yazd\u0131\u011f\u0131 ve Frank Quitely\u2019nin (3\u00dcZ, ALL-STAR SUPERMAN) \u00e7izdi\u011fi J\u00fcpiter\u2019in Miras\u0131 Cilt 4, s\u00fcperkahramanlar\u0131n gizli kapakl\u0131, problemli ya\u015famlar\u0131na yak\u0131ndan bakan, Watchmen ve The Boys sevenlerin bay\u0131laca\u011f\u0131 bir \u00e7izgi roman.\u201cSapasa\u011flam, olduk\u00e7a \u00f6zg\u00fcn bir s\u00fcperkahraman hik\u00e2yesi.\u201d \u2013PATRICK ROTHFUSS<\/p>\n","protected":false},"excerpt":{"rendered":"<p>S\u00fcperkahramanlar d\u00fcnyay\u0131 kontrol alt\u0131na ald\u0131. \u0130nsanlar\u0131 kurtarmak ise k\u00f6t\u00fclerin elinde.Askerlerden k\u0131lpay\u0131 kurtulan Chloe, Hutch ve Jason, Amerika\u2019y\u0131 y\u00f6neten Brandon ile Zihin Dalgas\u0131 onlar\u0131n yerlerini \u00f6\u011frenince, saklanmay\u0131<span class=\"excerpt-hellip\"> [\u2026]<\/span><\/p>\n","protected":false},"featured_media":0,"template":"","meta":{"_monsterinsights_skip_tracking":false,"_monsterinsights_sitenote_active":false,"_monsterinsights_sitenote_note":"","_monsterinsights_sitenote_category":0},"product_brand":[],"product_cat":[12416,12291],"product_tag":[],"class_list":{"0":"post-733698","1":"product","2":"type-product","3":"status-publish","5":"product_cat-cizgi-roman","6":"product_cat-edebiyat","7":"pa_cilt-ciltsiz","8":"pa_tur-kitap","9":"pa_yayinevi-ithaki-yayinlari","10":"pa_yazar-mark-millar","12":"first","13":"instock","14":"sale","15":"shipping-taxable","16":"purchasable","17":"product-type-simple"},"_links":{"self":[{"href":"https:\/\/roveyayinevi.com.tr\/index.php\/wp-json\/wp\/v2\/product\/733698","targetHints":{"allow":["GET"]}}],"collection":[{"href":"https:\/\/roveyayinevi.com.tr\/index.php\/wp-json\/wp\/v2\/product"}],"about":[{"href":"https:\/\/roveyayinevi.com.tr\/index.php\/wp-json\/wp\/v2\/types\/product"}],"wp:attachment":[{"href":"https:\/\/roveyayinevi.com.tr\/index.php\/wp-json\/wp\/v2\/media?parent=733698"}],"wp:term":[{"taxonomy":"product_brand","embeddable":true,"href":"https:\/\/roveyayinevi.com.tr\/index.php\/wp-json\/wp\/v2\/product_brand?post=733698"},{"taxonomy":"product_cat","embeddable":true,"href":"https:\/\/roveyayinevi.com.tr\/index.php\/wp-json\/wp\/v2\/product_cat?post=733698"},{"taxonomy":"product_tag","embeddable":true,"href":"https:\/\/roveyayinevi.com.tr\/index.php\/wp-json\/wp\/v2\/product_tag?post=733698"}],"curies":[{"name":"wp","href":"https:\/\/api.w.org\/{rel}","templated":true}]}}