{"id":733697,"date":"2025-08-27T22:15:05","date_gmt":"2025-08-27T19:15:05","guid":{"rendered":"https:\/\/roveyayinevi.com.tr\/index.php\/urun\/caz-cagi-oykuleri-3\/"},"modified":"2026-04-16T02:41:34","modified_gmt":"2026-04-15T23:41:34","slug":"caz-cagi-oykuleri-3","status":"publish","type":"product","link":"https:\/\/roveyayinevi.com.tr\/index.php\/urun\/caz-cagi-oykuleri-3\/","title":{"rendered":"Caz \u00c7a\u011f\u0131 \u00d6yk\u00fcleri"},"content":{"rendered":"<p>\u201cFitzgerald \u00e7ok az yazar\u0131n sahip olabildi\u011fi o niteli\u011fi, tarihin i\u00e7inde ya\u015fama alg\u0131s\u0131n\u0131 asla kaybetmedi.\u201d \u2013Malcolm Cowley\u00d6l\u00fcm\u00fcnden sonra New York Times taraf\u0131ndan \u201cfark\u0131nda oldu\u011fundan \u00e7ok daha iyiydi \u00e7\u00fcnk\u00fc hem ger\u00e7ekte hem de edebi anlamda bir nesli icat etmi\u015fti\u2026\u201d diye tan\u0131mlanan F. Scott Fitzgerald\u2019\u0131n 1922\u2019de yay\u0131mlanan ikinci \u00f6yk\u00fc kitab\u0131 Caz \u00c7a\u011f\u0131 \u00d6yk\u00fcleri\u2019nde yazar\u0131n belki de en az Muhte\u015fem Gatsby\u2019si kadar bilinen ve yine en az o eseri kadar Amerika ve d\u00fcnya edebiyat\u0131 \u00fczerine etkisi olan \u00f6yk\u00fcleri bir araya geliyor.\u201cSon U\u00e7ar\u0131 K\u0131zlar\u201d, \u201cFanteziler\u201d ve \u201cS\u0131n\u0131fland\u0131r\u0131lmam\u0131\u015f Ba\u015fyap\u0131tlar\u201d olarak \u00fc\u00e7 k\u0131sma ayr\u0131lan Caz \u00c7a\u011f\u0131 \u00d6yk\u00fcleri\u2019ndeki on bir \u00f6yk\u00fcn\u00fcn aras\u0131nda, bir dans \u00e7a\u011fr\u0131s\u0131yla s\u0131n\u0131f atlamay\u0131 ve a\u015fk\u0131 bulmay\u0131 hayal eden J\u00f6leli \u015eeker\u2019le, Ritz-Carlton Oteli kadar b\u00fcy\u00fck bir elmasla, hayata ihtiyar bir adam olarak ba\u015flay\u0131p ya\u015f\u0131 ilerledik\u00e7e gen\u00e7le\u015fen Benjamin Button\u2019la kar\u015f\u0131la\u015facak, Fitzgerald\u2019\u0131n Princeton\u2019da \u00f6\u011frenciyken kaleme ald\u0131\u011f\u0131 bir ske\u00e7 senaryosu ve \u00f6yk\u00fcs\u00fcn\u00fc okuyabilecek, ayr\u0131ca yazar\u0131n kitaptaki t\u00fcm \u00f6yk\u00fclerinin yaz\u0131l\u0131\u015f\u0131na dair notlar\u0131na dan\u0131\u015fabilme \u015fans\u0131n\u0131 da bulacaks\u0131n\u0131z.Ya\u015fad\u0131\u011f\u0131 zaman\u0131 \u201ct\u00fcm sava\u015flar\u0131n yap\u0131ld\u0131\u011f\u0131, insana inanc\u0131n kalmad\u0131\u011f\u0131\u201d s\u00f6zleriyle tan\u0131mlayan F. Scott Fitzgerald\u2019\u0131n Caz \u00c7a\u011f\u0131 \u00d6yk\u00fcleri, kariyerinin ba\u015flar\u0131ndaki bir yazardan i\u00e7inde bulundu\u011fu kay\u0131p nesle dair tarihi \u00f6neme sahip bir klasik.\u00dclker \u0130nce\u2019nin \u00e7evirisi ve \u00f6ns\u00f6z\u00fcyle<\/p>\n","protected":false},"excerpt":{"rendered":"<p>\u201cFitzgerald \u00e7ok az yazar\u0131n sahip olabildi\u011fi o niteli\u011fi, tarihin i\u00e7inde ya\u015fama alg\u0131s\u0131n\u0131 asla kaybetmedi.\u201d \u2013Malcolm Cowley\u00d6l\u00fcm\u00fcnden sonra New York Times taraf\u0131ndan \u201cfark\u0131nda oldu\u011fundan \u00e7ok daha iyiydi<span class=\"excerpt-hellip\"> [\u2026]<\/span><\/p>\n","protected":false},"featured_media":0,"template":"","meta":{"_monsterinsights_skip_tracking":false,"_monsterinsights_sitenote_active":false,"_monsterinsights_sitenote_note":"","_monsterinsights_sitenote_category":0},"product_brand":[],"product_cat":[12540,12291],"product_tag":[],"class_list":{"0":"post-733697","1":"product","2":"type-product","3":"status-publish","5":"product_cat-bilim-kurgu","6":"product_cat-edebiyat","7":"pa_cilt-ciltsiz","8":"pa_tur-kitap","9":"pa_yayinevi-ithaki-yayinlari","10":"pa_yazar-f-scott-fitzgerald","12":"first","13":"instock","14":"sale","15":"shipping-taxable","16":"purchasable","17":"product-type-simple"},"_links":{"self":[{"href":"https:\/\/roveyayinevi.com.tr\/index.php\/wp-json\/wp\/v2\/product\/733697","targetHints":{"allow":["GET"]}}],"collection":[{"href":"https:\/\/roveyayinevi.com.tr\/index.php\/wp-json\/wp\/v2\/product"}],"about":[{"href":"https:\/\/roveyayinevi.com.tr\/index.php\/wp-json\/wp\/v2\/types\/product"}],"wp:attachment":[{"href":"https:\/\/roveyayinevi.com.tr\/index.php\/wp-json\/wp\/v2\/media?parent=733697"}],"wp:term":[{"taxonomy":"product_brand","embeddable":true,"href":"https:\/\/roveyayinevi.com.tr\/index.php\/wp-json\/wp\/v2\/product_brand?post=733697"},{"taxonomy":"product_cat","embeddable":true,"href":"https:\/\/roveyayinevi.com.tr\/index.php\/wp-json\/wp\/v2\/product_cat?post=733697"},{"taxonomy":"product_tag","embeddable":true,"href":"https:\/\/roveyayinevi.com.tr\/index.php\/wp-json\/wp\/v2\/product_tag?post=733697"}],"curies":[{"name":"wp","href":"https:\/\/api.w.org\/{rel}","templated":true}]}}