{"id":733695,"date":"2025-08-27T22:15:03","date_gmt":"2025-08-27T19:15:03","guid":{"rendered":"https:\/\/roveyayinevi.com.tr\/index.php\/urun\/yeni-bir-gune-sarki\/"},"modified":"2026-04-16T02:41:34","modified_gmt":"2026-04-15T23:41:34","slug":"yeni-bir-gune-sarki","status":"publish","type":"product","link":"https:\/\/roveyayinevi.com.tr\/index.php\/urun\/yeni-bir-gune-sarki\/","title":{"rendered":"Yeni Bir G\u00fcne \u015eark\u0131"},"content":{"rendered":"<p>NEBULA EN \u0130Y\u0130 ROMAN \u00d6D\u00dcL\u00dc KAZANANILOCUS EN \u0130Y\u0130 \u0130LK ROMAN \u00d6D\u00dcL\u00dc ADAYIABD\u2019de ter\u00f6r olaylar\u0131 ve \u00f6l\u00fcmc\u00fcl vir\u00fcslerin sebep oldu\u011fu salg\u0131n bir anda patlak verince h\u00fck\u00fcmet soka\u011fa \u00e7\u0131kma yasaklar\u0131yla halk\u0131 \u201cevde kalmaya\u201d \u00e7a\u011f\u0131r\u0131r. Art\u0131k insanlar evlerinden sanal ger\u00e7ekli\u011fe ba\u011flanarak yeni normallerini ya\u015far. E\u011fitim, toplant\u0131lar, konserler hatta bar bulu\u015fmalar\u0131 bile \u201cser-\u00e2lem\u201d adl\u0131 sanal d\u00fcnyada ger\u00e7ekle\u015fir.Luce bir rock gitaristidir ve son halka a\u00e7\u0131k konseri de o verir. Bir s\u00fcre kendini yeni normale al\u0131\u015ft\u0131rmaya \u00e7al\u0131\u015fsa da m\u00fczik a\u011f\u0131r basar. Yasaklar nedeniyle yeralt\u0131 kul\u00fcplerinde \u00e7ok az ki\u015finin bildi\u011fi konserler d\u00fczenlenmektedir. Rosemary ise bu gizli konserleri veren gruplar\u0131 StageHolo isimli m\u00fczik \u015firketi i\u00e7in ke\u015ffetmekle g\u00f6revlidir. Rosemary ve Luce\u2019un yollar\u0131 rock \u2019n\u2019 roll ruhuna sad\u0131k bir \u015fekilde kesi\u015fecektir.Yeni Bir G\u00fcne \u015eark\u0131, hayat\u0131 pandemiyle alt\u00fcst olan bir m\u00fczisyenin d\u00fcnyay\u0131 de\u011fi\u015ftirme hik\u00e2yesi.\u201cSadece bir ki\u015fi bile sesini \u00e7\u0131kard\u0131\u011f\u0131nda neler olabilece\u011fini g\u00f6steren muhte\u015fem bir roman.\u201d \u2013Kirkus\u201cEn karanl\u0131k g\u00fcnlerin ortas\u0131nda dahi toplumun, m\u00fczi\u011fin ve hayat\u0131n nas\u0131l ayakta kald\u0131\u011f\u0131na dair doludizgin ve umut dolu bir eser.\u201d \u2013Kelly Link\u201cPinsker m\u00fczik, topluluk ve bizi insan yapan \u015feylerin yeniden ke\u015ffi \u00fczerine muazzam bir epik yazm\u0131\u015f.\u201d \u2013Charlie Jane Anders\u201cBu kitap, her zaman ihtiya\u00e7 duydu\u011fumuz o lirik protest \u015fark\u0131n\u0131n ta kendisi.\u201d \u2013Ken Liu<\/p>\n","protected":false},"excerpt":{"rendered":"<p>NEBULA EN \u0130Y\u0130 ROMAN \u00d6D\u00dcL\u00dc KAZANANILOCUS EN \u0130Y\u0130 \u0130LK ROMAN \u00d6D\u00dcL\u00dc ADAYIABD\u2019de ter\u00f6r olaylar\u0131 ve \u00f6l\u00fcmc\u00fcl vir\u00fcslerin sebep oldu\u011fu salg\u0131n bir anda patlak verince h\u00fck\u00fcmet soka\u011fa<span class=\"excerpt-hellip\"> [\u2026]<\/span><\/p>\n","protected":false},"featured_media":0,"template":"","meta":{"_monsterinsights_skip_tracking":false,"_monsterinsights_sitenote_active":false,"_monsterinsights_sitenote_note":"","_monsterinsights_sitenote_category":0},"product_brand":[],"product_cat":[12540,12291],"product_tag":[],"class_list":{"0":"post-733695","1":"product","2":"type-product","3":"status-publish","5":"product_cat-bilim-kurgu","6":"product_cat-edebiyat","7":"pa_cilt-ciltsiz","8":"pa_tur-kitap","9":"pa_yayinevi-ithaki-yayinlari","10":"pa_yazar-sarah-pinsker","12":"first","13":"instock","14":"sale","15":"shipping-taxable","16":"purchasable","17":"product-type-simple"},"_links":{"self":[{"href":"https:\/\/roveyayinevi.com.tr\/index.php\/wp-json\/wp\/v2\/product\/733695","targetHints":{"allow":["GET"]}}],"collection":[{"href":"https:\/\/roveyayinevi.com.tr\/index.php\/wp-json\/wp\/v2\/product"}],"about":[{"href":"https:\/\/roveyayinevi.com.tr\/index.php\/wp-json\/wp\/v2\/types\/product"}],"wp:attachment":[{"href":"https:\/\/roveyayinevi.com.tr\/index.php\/wp-json\/wp\/v2\/media?parent=733695"}],"wp:term":[{"taxonomy":"product_brand","embeddable":true,"href":"https:\/\/roveyayinevi.com.tr\/index.php\/wp-json\/wp\/v2\/product_brand?post=733695"},{"taxonomy":"product_cat","embeddable":true,"href":"https:\/\/roveyayinevi.com.tr\/index.php\/wp-json\/wp\/v2\/product_cat?post=733695"},{"taxonomy":"product_tag","embeddable":true,"href":"https:\/\/roveyayinevi.com.tr\/index.php\/wp-json\/wp\/v2\/product_tag?post=733695"}],"curies":[{"name":"wp","href":"https:\/\/api.w.org\/{rel}","templated":true}]}}