{"id":733694,"date":"2025-08-27T22:15:02","date_gmt":"2025-08-27T19:15:02","guid":{"rendered":"https:\/\/roveyayinevi.com.tr\/index.php\/urun\/serif-hayvanlar-aleminde-sekiller-kitabi-ciltli\/"},"modified":"2026-04-16T02:41:34","modified_gmt":"2026-04-15T23:41:34","slug":"serif-hayvanlar-aleminde-sekiller-kitabi-ciltli","status":"publish","type":"product","link":"https:\/\/roveyayinevi.com.tr\/index.php\/urun\/serif-hayvanlar-aleminde-sekiller-kitabi-ciltli\/","title":{"rendered":"\u015eerif Hayvanlar Aleminde &#8211; \u015eekiller Kitab\u0131 (Ciltli)"},"content":{"rendered":"<p>Bebekler i\u00e7in ilk \u015fekiller kitab\u0131m.Pencereli kal\u0131n sayfalarla hayvanlar d\u00fcnyas\u0131na e\u011flenceli bir yolculuk.Hayvanlar\u0131n dostu \u015eerif\u2019le d\u00fcnyam\u0131zdaki \u015fekilleri \u00f6\u011frenelim.Selam! Haz\u0131r m\u0131s\u0131n maceraya?Oradan oraya hoplamaya!O zaman tan\u0131\u015ft\u0131ray\u0131m seni oyun arkada\u015f\u0131m Hop Hop\u2019la!Neler yapt\u0131\u011f\u0131n\u0131 bir bilsen Hop Hop\u2019un!Beni al\u0131r Ay\u2019a g\u00f6t\u00fcr\u00fcr sonra bir bakm\u0131\u015f\u0131m kumsalda oynuyorum.Sonra hooop! Denizin alt\u0131na dalm\u0131\u015f\u0131m ya da bir farenin yuvas\u0131na s\u0131\u011fm\u0131\u015f\u0131m.Ne zaman can\u0131m s\u0131k\u0131lsa oynar\u0131m Hop Hop\u2019la, bir oraday\u0131m bir burada!Bize kat\u0131lmak, maceradan maceraya ko\u015fmak ister misin?E hadi \u00e7ekinme, ba\u015fla sen de \u015fekillere dokunmaya.Hop hop bizi als\u0131n g\u00f6t\u00fcrs\u00fcn maceralara.Bu kitapla bebekler ilk temel \u015fekilleri tan\u0131rlar.\u015eekiller sayfalara kesimli olarak yerle\u015ftirilmi\u015ftir.Kesimli pencereden g\u00f6z\u00fcken resim arka sayfada ba\u015fka bir g\u00f6rselle tamamlanmaktad\u0131r.Bebeklerin d\u00fc\u015f\u00fcnme ve zihninden tamamlama becerileni geli\u015ftirir.\u00c7ocuklar, \u015fekillerin hayat\u0131m\u0131z\u0131n her yerinde oldu\u011funu ke\u015ffederler.Her sayfas\u0131nda farkl\u0131 sevimli bir hayvanla tan\u0131\u015f\u0131rlar.Minik parmaklar\u0131yla kal\u0131n sayfalar\u0131 kendileri \u00e7evirebilirlerler.<\/p>\n","protected":false},"excerpt":{"rendered":"<p>Bebekler i\u00e7in ilk \u015fekiller kitab\u0131m.Pencereli kal\u0131n sayfalarla hayvanlar d\u00fcnyas\u0131na e\u011flenceli bir yolculuk.Hayvanlar\u0131n dostu \u015eerif\u2019le d\u00fcnyam\u0131zdaki \u015fekilleri \u00f6\u011frenelim.Selam! Haz\u0131r m\u0131s\u0131n maceraya?Oradan oraya hoplamaya!O zaman tan\u0131\u015ft\u0131ray\u0131m seni oyun<span class=\"excerpt-hellip\"> [\u2026]<\/span><\/p>\n","protected":false},"featured_media":0,"template":"","meta":{"_monsterinsights_skip_tracking":false,"_monsterinsights_sitenote_active":false,"_monsterinsights_sitenote_note":"","_monsterinsights_sitenote_category":0},"product_brand":[],"product_cat":[12274,12518],"product_tag":[],"class_list":{"0":"post-733694","1":"product","2":"type-product","3":"status-publish","5":"product_cat-cocuk-ve-genclik-kitaplari","6":"product_cat-okul-oncesi-kitaplar","7":"pa_cilt-ciltli","8":"pa_tur-kitap","9":"pa_yayinevi-ucan-kitap","10":"pa_yazar-sevinc-erzurumlu","12":"first","13":"instock","14":"sale","15":"shipping-taxable","16":"purchasable","17":"product-type-simple"},"_links":{"self":[{"href":"https:\/\/roveyayinevi.com.tr\/index.php\/wp-json\/wp\/v2\/product\/733694","targetHints":{"allow":["GET"]}}],"collection":[{"href":"https:\/\/roveyayinevi.com.tr\/index.php\/wp-json\/wp\/v2\/product"}],"about":[{"href":"https:\/\/roveyayinevi.com.tr\/index.php\/wp-json\/wp\/v2\/types\/product"}],"wp:attachment":[{"href":"https:\/\/roveyayinevi.com.tr\/index.php\/wp-json\/wp\/v2\/media?parent=733694"}],"wp:term":[{"taxonomy":"product_brand","embeddable":true,"href":"https:\/\/roveyayinevi.com.tr\/index.php\/wp-json\/wp\/v2\/product_brand?post=733694"},{"taxonomy":"product_cat","embeddable":true,"href":"https:\/\/roveyayinevi.com.tr\/index.php\/wp-json\/wp\/v2\/product_cat?post=733694"},{"taxonomy":"product_tag","embeddable":true,"href":"https:\/\/roveyayinevi.com.tr\/index.php\/wp-json\/wp\/v2\/product_tag?post=733694"}],"curies":[{"name":"wp","href":"https:\/\/api.w.org\/{rel}","templated":true}]}}