{"id":733693,"date":"2025-08-27T22:15:01","date_gmt":"2025-08-27T19:15:01","guid":{"rendered":"https:\/\/roveyayinevi.com.tr\/index.php\/urun\/isitiyor-musun-memet\/"},"modified":"2026-04-16T02:41:34","modified_gmt":"2026-04-15T23:41:34","slug":"isitiyor-musun-memet","status":"publish","type":"product","link":"https:\/\/roveyayinevi.com.tr\/index.php\/urun\/isitiyor-musun-memet\/","title":{"rendered":"\u0130\u015fitiyor musun Memet?"},"content":{"rendered":"<p>Mehmet! Babas\u0131n\u0131n \u015fiirinde Memet. \u00c7ocukluk mektuplar\u0131nda Mehmet Anda\u00e7. Bir ara Mehmet Anda\u00e7 Borzecki. Sonra Mehmet Ran, arada bir yerde Mehmet Hikmet. \u00d6l\u00fcm haberinde N\u00e2z\u0131m Hikmet\u2019in o\u011flu. S\u0131radan bir Mehmet olamayan, buna izin verilmeyen bir Mehmet. Kalbinin maraz\u0131 da g\u00f6zlerinin mavisi de babas\u0131ndan bir Mehmet. Kiminin haini, kiminin kahraman\u0131, d\u00fcnyaca \u00fcnl\u00fc \u015fair babas\u0131n\u0131n cesedi ba\u015f\u0131nda \u00fczerine kapan\u0131p a\u011flamas\u0131n diye b\u00fcy\u00fckleri taraf\u0131ndan omuzlar\u0131ndan tutulan Mehmet. Ama en sonunda d\u00fcnyaca \u00fcnl\u00fc \u015fair babas\u0131n\u0131n \u00f6l\u00fc yana\u011f\u0131na kondurdu\u011fu \u00f6p\u00fcc\u00fckten sonra h\u0131\u00e7k\u0131r\u0131klarla a\u011flayan bir Mehmet\u2026 Bu ac\u0131y\u0131 kimsenin yazmad\u0131\u011f\u0131, d\u00fc\u015f\u00fcnmedi\u011fi Mehmet! Resimlerine imza atmayan Mehmet. \u015eiirlerini yakan Mehmet. Mehmet, \u00e7ok Mehmet. \u201c\u0130\u015fitiyor musun Memet!\u201d   Sibel Oral\u2019dan, roman tad\u0131nda e\u015fsiz bir biyografi. \u00dclkesine ve babas\u0131 N\u00e2z\u0131m Hikmet\u2019e hasretle b\u00fcy\u00fcyen bir \u00e7ocu\u011fun, ilk kez yay\u0131nlanan mektuplarla, kartpostallarla ve tan\u0131kl\u0131klarla birlikte, 1950\u2019lerden g\u00fcn\u00fcm\u00fcze, T\u00fcrkiye\u2019nin entelekt\u00fcel panoramas\u0131n\u0131 incelikle \u00e7izen, k\u0131r\u0131k hik\u00e2yesi. <\/p>\n","protected":false},"excerpt":{"rendered":"<p>Mehmet! Babas\u0131n\u0131n \u015fiirinde Memet. \u00c7ocukluk mektuplar\u0131nda Mehmet Anda\u00e7. Bir ara Mehmet Anda\u00e7 Borzecki. Sonra Mehmet Ran, arada bir yerde Mehmet Hikmet. \u00d6l\u00fcm haberinde N\u00e2z\u0131m Hikmet\u2019in o\u011flu.<span class=\"excerpt-hellip\"> [\u2026]<\/span><\/p>\n","protected":false},"featured_media":0,"template":"","meta":{"_monsterinsights_skip_tracking":false,"_monsterinsights_sitenote_active":false,"_monsterinsights_sitenote_note":"","_monsterinsights_sitenote_category":0},"product_brand":[],"product_cat":[14009,12291],"product_tag":[],"class_list":{"0":"post-733693","1":"product","2":"type-product","3":"status-publish","5":"product_cat-biyografi-otobiyografi-edebiyat","6":"product_cat-edebiyat","7":"pa_cilt-ciltsiz","8":"pa_tur-kitap","9":"pa_yayinevi-dogan-kitap","10":"pa_yazar-sibel-oral","12":"first","13":"instock","14":"sale","15":"shipping-taxable","16":"purchasable","17":"product-type-simple"},"_links":{"self":[{"href":"https:\/\/roveyayinevi.com.tr\/index.php\/wp-json\/wp\/v2\/product\/733693","targetHints":{"allow":["GET"]}}],"collection":[{"href":"https:\/\/roveyayinevi.com.tr\/index.php\/wp-json\/wp\/v2\/product"}],"about":[{"href":"https:\/\/roveyayinevi.com.tr\/index.php\/wp-json\/wp\/v2\/types\/product"}],"wp:attachment":[{"href":"https:\/\/roveyayinevi.com.tr\/index.php\/wp-json\/wp\/v2\/media?parent=733693"}],"wp:term":[{"taxonomy":"product_brand","embeddable":true,"href":"https:\/\/roveyayinevi.com.tr\/index.php\/wp-json\/wp\/v2\/product_brand?post=733693"},{"taxonomy":"product_cat","embeddable":true,"href":"https:\/\/roveyayinevi.com.tr\/index.php\/wp-json\/wp\/v2\/product_cat?post=733693"},{"taxonomy":"product_tag","embeddable":true,"href":"https:\/\/roveyayinevi.com.tr\/index.php\/wp-json\/wp\/v2\/product_tag?post=733693"}],"curies":[{"name":"wp","href":"https:\/\/api.w.org\/{rel}","templated":true}]}}