{"id":733691,"date":"2025-08-27T22:14:59","date_gmt":"2025-08-27T19:14:59","guid":{"rendered":"https:\/\/roveyayinevi.com.tr\/index.php\/urun\/kendine-yabanci\/"},"modified":"2026-04-16T02:41:34","modified_gmt":"2026-04-15T23:41:34","slug":"kendine-yabanci","status":"publish","type":"product","link":"https:\/\/roveyayinevi.com.tr\/index.php\/urun\/kendine-yabanci\/","title":{"rendered":"Kendine Yabanc\u0131"},"content":{"rendered":"<p>Bir yan\u0131m\u0131z kendimize hep yabanc\u0131.   Bu kitab\u0131n ismi, kitab\u0131 yazmak i\u00e7in i\u015flerden g\u00fc\u00e7lerden \u00e7ekilip ilk sat\u0131rlar\u0131n\u0131 yazmaya ba\u015flad\u0131\u011f\u0131m s\u0131rada adeta kendini kula\u011f\u0131ma f\u0131s\u0131ldad\u0131: Kendine Yabanc\u0131.   \u0130lk kitab\u0131m Kendin Olman\u0131n Dayan\u0131lmaz Hafifli\u011fi\u2019nde Milan Kundera\u2019ya bir g\u00f6nderme yapmak ho\u015fuma gitmi\u015fti, bu kitab\u0131mda ise ba\u015fl\u0131\u011f\u0131m arac\u0131l\u0131\u011f\u0131yla di\u011fer bir edebi idol\u00fcm Albert Camus\u2019ye g\u00f6nderme yapm\u0131\u015f oldum.   Albert Camus\u2019n\u00fcn k\u00fclt kitab\u0131n\u0131n kahraman\u0131 Meursault, sadece varolu\u015f\u00e7u romanlarda, dev abs\u00fcrd trajedilerle ya\u015fam\u0131yor. Hepimiz o yabanc\u0131y\u0131z demek bir abart\u0131 olmaz. En az\u0131ndan bir yan\u0131m\u0131z kendimize hep yabanc\u0131 kalacak. Neye mi? Ya\u015fad\u0131\u011f\u0131m\u0131z d\u00fcnyaya, kendimize, i\u00e7inde hayatta kalmaya \u00e7al\u0131\u015ft\u0131\u011f\u0131m\u0131z toplumlara ve topluluklara.   Kendine yabanc\u0131l\u0131k, hi\u00e7birimizin i\u00e7inden \u00e7\u0131kamayaca\u011f\u0131 bir hal. Her daim anlamakta zorland\u0131\u011f\u0131m\u0131z deneyimlerin i\u00e7inden ge\u00e7meye devam edece\u011fiz. \u0130\u015fin \u00f6z\u00fc ve bu \u00f6yk\u00fclerle ortaya koymaya \u00e7al\u0131\u015ft\u0131\u011f\u0131m temel iddia, kendine yabanc\u0131l\u0131k insan olman\u0131n bir yan\u0131. Klinik psikolog ve varolu\u015f\u00e7u psikoterapist, yazar Ferhat Jak \u0130\u00e7\u00f6z, Kendine Yabanc\u0131\u2019da on kurgusal terapi \u00f6yk\u00fcs\u00fc sunuyor bize. Bizi seans odas\u0131n\u0131n d\u00f6n\u00fc\u015ft\u00fcr\u00fcc\u00fc atmosferine davet ederken, o hep biraz kendine yabanc\u0131 kalacak yan\u0131m\u0131zla \u00f6nce tan\u0131\u015fman\u0131n sonra uzla\u015fman\u0131n kap\u0131lar\u0131n\u0131 aral\u0131yor. <\/p>\n","protected":false},"excerpt":{"rendered":"<p>Bir yan\u0131m\u0131z kendimize hep yabanc\u0131. Bu kitab\u0131n ismi, kitab\u0131 yazmak i\u00e7in i\u015flerden g\u00fc\u00e7lerden \u00e7ekilip ilk sat\u0131rlar\u0131n\u0131 yazmaya ba\u015flad\u0131\u011f\u0131m s\u0131rada adeta kendini kula\u011f\u0131ma f\u0131s\u0131ldad\u0131: Kendine Yabanc\u0131. \u0130lk<span class=\"excerpt-hellip\"> [\u2026]<\/span><\/p>\n","protected":false},"featured_media":0,"template":"","meta":{"_monsterinsights_skip_tracking":false,"_monsterinsights_sitenote_active":false,"_monsterinsights_sitenote_note":"","_monsterinsights_sitenote_category":0},"product_brand":[],"product_cat":[12755,12357],"product_tag":[],"class_list":{"0":"post-733691","1":"product","2":"type-product","3":"status-publish","5":"product_cat-gelisim-psikolojisi","6":"product_cat-psikoloji","7":"pa_cilt-ciltsiz","8":"pa_tur-kitap","9":"pa_yayinevi-dogan-novus","10":"pa_yazar-ferhat-jak-icoz","12":"first","13":"instock","14":"sale","15":"shipping-taxable","16":"purchasable","17":"product-type-simple"},"_links":{"self":[{"href":"https:\/\/roveyayinevi.com.tr\/index.php\/wp-json\/wp\/v2\/product\/733691","targetHints":{"allow":["GET"]}}],"collection":[{"href":"https:\/\/roveyayinevi.com.tr\/index.php\/wp-json\/wp\/v2\/product"}],"about":[{"href":"https:\/\/roveyayinevi.com.tr\/index.php\/wp-json\/wp\/v2\/types\/product"}],"wp:attachment":[{"href":"https:\/\/roveyayinevi.com.tr\/index.php\/wp-json\/wp\/v2\/media?parent=733691"}],"wp:term":[{"taxonomy":"product_brand","embeddable":true,"href":"https:\/\/roveyayinevi.com.tr\/index.php\/wp-json\/wp\/v2\/product_brand?post=733691"},{"taxonomy":"product_cat","embeddable":true,"href":"https:\/\/roveyayinevi.com.tr\/index.php\/wp-json\/wp\/v2\/product_cat?post=733691"},{"taxonomy":"product_tag","embeddable":true,"href":"https:\/\/roveyayinevi.com.tr\/index.php\/wp-json\/wp\/v2\/product_tag?post=733691"}],"curies":[{"name":"wp","href":"https:\/\/api.w.org\/{rel}","templated":true}]}}