{"id":733690,"date":"2025-08-27T22:14:58","date_gmt":"2025-08-27T19:14:58","guid":{"rendered":"https:\/\/roveyayinevi.com.tr\/index.php\/urun\/guncel-sosyal-politika-tartismalari\/"},"modified":"2026-04-16T02:41:34","modified_gmt":"2026-04-15T23:41:34","slug":"guncel-sosyal-politika-tartismalari","status":"publish","type":"product","link":"https:\/\/roveyayinevi.com.tr\/index.php\/urun\/guncel-sosyal-politika-tartismalari\/","title":{"rendered":"G\u00fcncel Sosyal Politika Tart\u0131\u015fmalar\u0131"},"content":{"rendered":"<p>\u0130\u00e7indekiler   1.      Sosyal Bir Sorun Olarak D\u00fcnyada ve T\u00fcrkiye\u2019de Palyatif Bak\u0131m Yakla\u015f\u0131mlar\u0131 2.      Ya\u015fl\u0131l\u0131\u011fa Ba\u011fl\u0131 Bak\u0131ma Muhta\u00e7l\u0131k Sorununa Kar\u015f\u0131 Bak\u0131m G\u00fcvence Sistemi: \u0130svi\u00e7re \u00d6rne\u011fi 3.      Sa\u011fl\u0131\u011f\u0131n Sosyal Bir Belirleyicisi: Sa\u011fl\u0131k Hizmetlerine Eri\u015fim 4.      Covid-19 Salg\u0131n\u0131 S\u00fcrecinde Ailelerin Ekonomik ve Sosyal Sorunlar\u0131 \u00dczerine Nicel Bir \u00c7al\u0131\u015fma: Sultangazi \u00d6rne\u011fi 5.      Covid-19 Pandemisi S\u00fcrecinde G\u00f6\u00e7menler ve Sosyal Hizmet Uygulamalar\u0131 6.      Kad\u0131na Y\u00f6nelik \u015eiddetin Ortadan Kalkmas\u0131n\u0131n \u00d6n\u00fcndeki Engeller: T\u00fcrkiye \u00d6zelinde Bir De\u011ferlendirme 7.      \u0130\u015f Hukuku\u2019nda S\u00fct \u0130znine Dair Bir \u0130nceleme, \u00d6nemi ve Uygulama Problemleri 8.      Engelli Bireyler ve \u00c7al\u0131\u015fma Hayat\u0131 9.      Yerel Kat\u0131l\u0131m S\u00fcre\u00e7lerinde Sosyal Politika Arac\u0131 Olarak Sivil Toplum Kurulu\u015flar\u0131 10.  G\u00fc\u00e7lendirme Yakla\u015f\u0131m\u0131 Ba\u011flam\u0131nda Sosyal D\u0131\u015flanma 11.  Merkez Bankas\u0131 Politika Faiz Oranlar\u0131n\u0131n SosyoEkonomik Yans\u0131malar\u0131 12.  Maliyeti D\u00fc\u015fen Medya Teknolojilerinin (Dijitalle\u015fmenin) Yaratt\u0131\u011f\u0131 Devrim: Do\u011frudan Temsil Hakk\u0131n\u0131n Demokratikle\u015fmesi  <\/p>\n","protected":false},"excerpt":{"rendered":"<p>\u0130\u00e7indekiler 1. Sosyal Bir Sorun Olarak D\u00fcnyada ve T\u00fcrkiye\u2019de Palyatif Bak\u0131m Yakla\u015f\u0131mlar\u0131 2. Ya\u015fl\u0131l\u0131\u011fa Ba\u011fl\u0131 Bak\u0131ma Muhta\u00e7l\u0131k Sorununa Kar\u015f\u0131 Bak\u0131m G\u00fcvence Sistemi: \u0130svi\u00e7re \u00d6rne\u011fi 3. Sa\u011fl\u0131\u011f\u0131n<span class=\"excerpt-hellip\"> [\u2026]<\/span><\/p>\n","protected":false},"featured_media":0,"template":"","meta":{"_monsterinsights_skip_tracking":false,"_monsterinsights_sitenote_active":false,"_monsterinsights_sitenote_note":"","_monsterinsights_sitenote_category":0},"product_brand":[],"product_cat":[31194,12337],"product_tag":[],"class_list":{"0":"post-733690","1":"product","2":"type-product","3":"status-publish","5":"product_cat-guncel-siyaset","6":"product_cat-politika-siyaset","7":"pa_cilt-ciltsiz","8":"pa_tur-kitap","9":"pa_yayinevi-gazi-kitabevi","10":"pa_yazar-fatih-altun","12":"first","13":"instock","14":"sale","15":"shipping-taxable","16":"purchasable","17":"product-type-simple"},"_links":{"self":[{"href":"https:\/\/roveyayinevi.com.tr\/index.php\/wp-json\/wp\/v2\/product\/733690","targetHints":{"allow":["GET"]}}],"collection":[{"href":"https:\/\/roveyayinevi.com.tr\/index.php\/wp-json\/wp\/v2\/product"}],"about":[{"href":"https:\/\/roveyayinevi.com.tr\/index.php\/wp-json\/wp\/v2\/types\/product"}],"wp:attachment":[{"href":"https:\/\/roveyayinevi.com.tr\/index.php\/wp-json\/wp\/v2\/media?parent=733690"}],"wp:term":[{"taxonomy":"product_brand","embeddable":true,"href":"https:\/\/roveyayinevi.com.tr\/index.php\/wp-json\/wp\/v2\/product_brand?post=733690"},{"taxonomy":"product_cat","embeddable":true,"href":"https:\/\/roveyayinevi.com.tr\/index.php\/wp-json\/wp\/v2\/product_cat?post=733690"},{"taxonomy":"product_tag","embeddable":true,"href":"https:\/\/roveyayinevi.com.tr\/index.php\/wp-json\/wp\/v2\/product_tag?post=733690"}],"curies":[{"name":"wp","href":"https:\/\/api.w.org\/{rel}","templated":true}]}}