{"id":733689,"date":"2025-08-27T22:14:58","date_gmt":"2025-08-27T19:14:58","guid":{"rendered":"https:\/\/roveyayinevi.com.tr\/index.php\/urun\/onomastik-cercevede-osmanli-kurulus-donemi-tarihi\/"},"modified":"2025-09-18T01:18:08","modified_gmt":"2025-09-17T22:18:08","slug":"onomastik-cercevede-osmanli-kurulus-donemi-tarihi","status":"publish","type":"product","link":"https:\/\/roveyayinevi.com.tr\/index.php\/urun\/onomastik-cercevede-osmanli-kurulus-donemi-tarihi\/","title":{"rendered":"Onomastik \u00c7er\u00e7evede Osmanl\u0131 Kurulu\u015f D\u00f6nemi Tarihi"},"content":{"rendered":"<p>I.                    \u00d6NS\u00d6Z II.                 BRIEF ENGLISH FOREWORD III.              TEMEL \u00d6NERMELER, METOT VE YAKLA\u015eIM IV.              T\u00dcRKLERDE \u0130S\u0130M GELENE\u011e\u0130 VE ONOMAST\u0130K B\u0130L\u0130M\u0130N\u0130N TEMEL BAZI TER\u0130MLER\u0130 \u00dcZER\u0130NE V.                T\u00dcRK\u0130STAN\/HORASAN\u2019DAN ANADOLU\u2019YA: \u00c7\u0130Kler VI.              ERZ\u0130NCAN, KONYA\/ILGIN-AK\u015eEH\u0130R VE ESK\u0130\u015eEH\u0130R\/S\u0130VR\u0130H\u0130SAR MERKEZL\u0130 13. Y\u00dcZYIL ANADOLU TAR\u0130H\u0130 VII.           KOSTENE\u00c7K\u0130\u2019N\u0130N STEFAN LAZAREV\u0130\u00c7 B\u0130YOGRAF\u0130S\u0130 KR\u0130T\u0130\u011e\u0130, ORHAN VE BALABANCIK VIII.        AKSARAY\u00ce\u2019DEK\u0130 AL\u0130\u015e\u0130RO\u011eULLARI (PARAD\u0130GMAT\u0130K GERM\u0130YAN BEYL\u0130\u011e\u0130; UMUR BEY) \u0130LE GERM\u0130YAN EM\u0130RLER\u0130 (PACHYMERES\u2019TEK\u0130 ATMAN\/PARAD\u0130GMAT\u0130K OSMANCIK VE O\u011eLU BALABANCIK) IX.              YEN\u0130DEN OTMANCIK\u2019IN \u00d6L\u00dcM TAR\u0130H\u0130, ASIL ADI\/G\u00d6BEK ADI, BALABANCIK, ORHAN BEY, DEL\u0130 BALABAN\/KIZIL DEL\u0130 SULTAN VE BALKANLARDAK\u0130 BABA\u00ce MABEDLER\u0130 HAKKINDA             X.         \u0130BN HACER\u2019\u0130N AKTARDI\u011eI BAZI B\u0130LG\u0130LER\u0130N YEN\u0130DEN YORUMLANMASI XI.                 XI. AS\u0130L \u00c7\u0130KLERDEN KA\u0130T MENCUK\u2019A KADAR GENEL D\u0130ZGE VE KA\u0130T MENCUK\u2019TAN OTMANCIK\u2019A KADAR SOY A\u011eACI 1070 XII.              XII. OSMANLI TEV\u00c2R\u0130H GELENE\u011e\u0130NDEK\u0130 BAZI G\u00d6STERGELER \u00dcZER\u0130NE YORUMLAR VE \u00c7\u00d6Z\u00dcMLEMELER XIII.              ARKET\u0130PAL ANLATIMLARDAK\u0130 HACI BEKTA\u015e VE DEDEG\u0130 SULTAN: KATMANLI OLARAK ve KRONOLOJ\u0130K ANLAMDA SIRASIYLA, HANG\u0130 TAR\u0130HSEL \u015eAHS\u0130YETLER KASTED\u0130LMEKTED\u0130R? XIV.                KAYNAK\u00c7A XV.              OSMANLI KURULU\u015e D\u00d6NEM\u0130YLE \u0130LG\u0130L\u0130 MAKALELER XVI.           OSMANLI KURULU\u015e D\u00d6NEM\u0130NE DA\u0130R BAZI NOTLAR XVII.        SEMBOL\u0130ZMA: MADD\u0130-MANEV\u0130 Z\u0130NC\u0130R\u0130N TAK\u0130B\u0130 KONUSUNDA \u0130PU\u00c7LARI VE \u00c7A\u011eRI\u015eIMLAR XVIII.         HAR\u0130TALAR <\/p>\n","protected":false},"excerpt":{"rendered":"<p>I. \u00d6NS\u00d6Z II. BRIEF ENGLISH FOREWORD III. TEMEL \u00d6NERMELER, METOT VE YAKLA\u015eIM IV. T\u00dcRKLERDE \u0130S\u0130M GELENE\u011e\u0130 VE ONOMAST\u0130K B\u0130L\u0130M\u0130N\u0130N TEMEL BAZI TER\u0130MLER\u0130 \u00dcZER\u0130NE V. T\u00dcRK\u0130STAN\/HORASAN\u2019DAN ANADOLU\u2019YA:<span class=\"excerpt-hellip\"> [\u2026]<\/span><\/p>\n","protected":false},"featured_media":0,"template":"","meta":{"_monsterinsights_skip_tracking":false,"_monsterinsights_sitenote_active":false,"_monsterinsights_sitenote_note":"","_monsterinsights_sitenote_category":0},"product_brand":[],"product_cat":[13517,12304],"product_tag":[],"class_list":{"0":"post-733689","1":"product","2":"type-product","3":"status-publish","5":"product_cat-osmanli-tarihi","6":"product_cat-tarih","7":"pa_cilt-ciltli","8":"pa_tur-kitap","9":"pa_yayinevi-gazi-kitabevi","10":"pa_yazar-vatan-ozgul","12":"first","13":"instock","14":"sale","15":"shipping-taxable","16":"purchasable","17":"product-type-simple"},"_links":{"self":[{"href":"https:\/\/roveyayinevi.com.tr\/index.php\/wp-json\/wp\/v2\/product\/733689","targetHints":{"allow":["GET"]}}],"collection":[{"href":"https:\/\/roveyayinevi.com.tr\/index.php\/wp-json\/wp\/v2\/product"}],"about":[{"href":"https:\/\/roveyayinevi.com.tr\/index.php\/wp-json\/wp\/v2\/types\/product"}],"wp:attachment":[{"href":"https:\/\/roveyayinevi.com.tr\/index.php\/wp-json\/wp\/v2\/media?parent=733689"}],"wp:term":[{"taxonomy":"product_brand","embeddable":true,"href":"https:\/\/roveyayinevi.com.tr\/index.php\/wp-json\/wp\/v2\/product_brand?post=733689"},{"taxonomy":"product_cat","embeddable":true,"href":"https:\/\/roveyayinevi.com.tr\/index.php\/wp-json\/wp\/v2\/product_cat?post=733689"},{"taxonomy":"product_tag","embeddable":true,"href":"https:\/\/roveyayinevi.com.tr\/index.php\/wp-json\/wp\/v2\/product_tag?post=733689"}],"curies":[{"name":"wp","href":"https:\/\/api.w.org\/{rel}","templated":true}]}}