{"id":733688,"date":"2025-08-27T22:14:57","date_gmt":"2025-08-27T19:14:57","guid":{"rendered":"https:\/\/roveyayinevi.com.tr\/index.php\/urun\/multidisipliner-yaklasimla-hile-riski-farkli-teoriler-farkindalik-ve-onlem-analizleri\/"},"modified":"2026-04-16T02:41:34","modified_gmt":"2026-04-15T23:41:34","slug":"multidisipliner-yaklasimla-hile-riski-farkli-teoriler-farkindalik-ve-onlem-analizleri","status":"publish","type":"product","link":"https:\/\/roveyayinevi.com.tr\/index.php\/urun\/multidisipliner-yaklasimla-hile-riski-farkli-teoriler-farkindalik-ve-onlem-analizleri\/","title":{"rendered":"Multidisipliner Yakla\u015f\u0131mla Hile Riski Farkl\u0131 Teoriler, Fark\u0131ndal\u0131k ve \u00d6nlem Analizleri"},"content":{"rendered":"<p>\u0130\u00e7indekiler   1.\u0130\u015eLETMELERDE H\u0130LE DENET\u0130M\u0130N\u0130N TESP\u0130T\u0130NDE YEN\u0130L\u0130K\u00c7\u0130 YAKLA\u015eIMLAR 2.ORGAN\u0130K \u00dcRET\u0130MDE PAZARLAMA UYGULAMALARI VE H\u0130LE R\u0130SK\u0130: T\u00dcKET\u0130C\u0130 TERC\u0130HLER\u0130NE YANSIMASI 3.H\u0130LELER\u0130N ORTAYA \u00c7IKARILMASINDA ADL\u0130 MUHASEBEC\u0130L\u0130K MESLE\u011e\u0130N\u0130N ROL\u00dc 4.P\u0130YASA DOLANDIRICILI\u011eI VE T\u00dcRLER\u0130: BORSA \u0130STANBUL\u2019DA ARA\u015eTIRMA 5.K\u00dcRESELLE\u015eME, F\u0130NANSAL YATIRIMLAR VE F\u0130NANSAL YATIRIM MAN\u0130P\u00dcLASYONLARI 6.BA\u011eIMSIZ DENET\u00c7ININ HILEYE KAR\u015eI SORUMLULU\u011eU VE HILE DENETIMI 7.MUHASEBE MAN\u0130P\u00dcLASYONU Y\u00d6NTEMLER\u0130 VE TEKN\u0130KLER\u0130: SERMAYE P\u0130YASASI KURULU\u2019NDA 2011-2020 YILLARI ARASINDA B\u0130R ARA\u015eTIRMA <\/p>\n","protected":false},"excerpt":{"rendered":"<p>\u0130\u00e7indekiler 1.\u0130\u015eLETMELERDE H\u0130LE DENET\u0130M\u0130N\u0130N TESP\u0130T\u0130NDE YEN\u0130L\u0130K\u00c7\u0130 YAKLA\u015eIMLAR 2.ORGAN\u0130K \u00dcRET\u0130MDE PAZARLAMA UYGULAMALARI VE H\u0130LE R\u0130SK\u0130: T\u00dcKET\u0130C\u0130 TERC\u0130HLER\u0130NE YANSIMASI 3.H\u0130LELER\u0130N ORTAYA \u00c7IKARILMASINDA ADL\u0130 MUHASEBEC\u0130L\u0130K MESLE\u011e\u0130N\u0130N ROL\u00dc 4.P\u0130YASA DOLANDIRICILI\u011eI<span class=\"excerpt-hellip\"> [\u2026]<\/span><\/p>\n","protected":false},"featured_media":0,"template":"","meta":{"_monsterinsights_skip_tracking":false,"_monsterinsights_sitenote_active":false,"_monsterinsights_sitenote_note":"","_monsterinsights_sitenote_category":0},"product_brand":[],"product_cat":[13043,14381],"product_tag":[],"class_list":{"0":"post-733688","1":"product","2":"type-product","3":"status-publish","5":"product_cat-ekonomi","6":"product_cat-isletme-muhasebe-maliye","7":"pa_cilt-ciltsiz","8":"pa_tur-kitap","9":"pa_yayinevi-gazi-kitabevi","10":"pa_yazar-musa-cakir-tunay-aslan","12":"first","13":"instock","14":"sale","15":"shipping-taxable","16":"purchasable","17":"product-type-simple"},"_links":{"self":[{"href":"https:\/\/roveyayinevi.com.tr\/index.php\/wp-json\/wp\/v2\/product\/733688","targetHints":{"allow":["GET"]}}],"collection":[{"href":"https:\/\/roveyayinevi.com.tr\/index.php\/wp-json\/wp\/v2\/product"}],"about":[{"href":"https:\/\/roveyayinevi.com.tr\/index.php\/wp-json\/wp\/v2\/types\/product"}],"wp:attachment":[{"href":"https:\/\/roveyayinevi.com.tr\/index.php\/wp-json\/wp\/v2\/media?parent=733688"}],"wp:term":[{"taxonomy":"product_brand","embeddable":true,"href":"https:\/\/roveyayinevi.com.tr\/index.php\/wp-json\/wp\/v2\/product_brand?post=733688"},{"taxonomy":"product_cat","embeddable":true,"href":"https:\/\/roveyayinevi.com.tr\/index.php\/wp-json\/wp\/v2\/product_cat?post=733688"},{"taxonomy":"product_tag","embeddable":true,"href":"https:\/\/roveyayinevi.com.tr\/index.php\/wp-json\/wp\/v2\/product_tag?post=733688"}],"curies":[{"name":"wp","href":"https:\/\/api.w.org\/{rel}","templated":true}]}}