{"id":733685,"date":"2025-08-27T22:14:54","date_gmt":"2025-08-27T19:14:54","guid":{"rendered":"https:\/\/roveyayinevi.com.tr\/index.php\/urun\/kadinlar-basketbol-liginde-oynayan-sporcularin-bedeni-begenme-ve-algilanan-esenlik-durumlarinin-incelenmesi\/"},"modified":"2026-04-16T02:41:34","modified_gmt":"2026-04-15T23:41:34","slug":"kadinlar-basketbol-liginde-oynayan-sporcularin-bedeni-begenme-ve-algilanan-esenlik-durumlarinin-incelenmesi","status":"publish","type":"product","link":"https:\/\/roveyayinevi.com.tr\/index.php\/urun\/kadinlar-basketbol-liginde-oynayan-sporcularin-bedeni-begenme-ve-algilanan-esenlik-durumlarinin-incelenmesi\/","title":{"rendered":"Kad\u0131nlar Basketbol Liginde Oynayan Sporcular\u0131n Bedeni Be\u011fenme ve Alg\u0131lanan Esenlik Durumlar\u0131n\u0131n \u0130ncelenmesi"},"content":{"rendered":"<p>1. \u00d6ZET2. ABSTRACT3. G\u0130R\u0130\u015e3.1. Beden3.2. Beden Alg\u0131s\u0131 ve Tan\u0131m\u01313.3. Beden Alg\u0131s\u0131 ve Bedeni Be\u011fenmeyi Etkileyen Unsurlar3.4. Beden \u0130mgesi3.5. Esenlik Kavram\u01313.6. Alg\u0131lanan Esenlik3.7. Kad\u0131n ve Spor3.8. Kad\u0131n ve Bedeni Be\u011fenme4. GERE\u00c7 VE Y\u00d6NTEM 5. BULGULAR 6. TARTI\u015eMA ve SONU\u00c7<\/p>\n","protected":false},"excerpt":{"rendered":"<p>1. \u00d6ZET2. ABSTRACT3. G\u0130R\u0130\u015e3.1. Beden3.2. Beden Alg\u0131s\u0131 ve Tan\u0131m\u01313.3. Beden Alg\u0131s\u0131 ve Bedeni Be\u011fenmeyi Etkileyen Unsurlar3.4. Beden \u0130mgesi3.5. Esenlik Kavram\u01313.6. Alg\u0131lanan Esenlik3.7. Kad\u0131n ve Spor3.8. Kad\u0131n<span class=\"excerpt-hellip\"> [\u2026]<\/span><\/p>\n","protected":false},"featured_media":0,"template":"","meta":{"_monsterinsights_skip_tracking":false,"_monsterinsights_sitenote_active":false,"_monsterinsights_sitenote_note":"","_monsterinsights_sitenote_category":0},"product_brand":[],"product_cat":[15563,15564],"product_tag":[],"class_list":{"0":"post-733685","1":"product","2":"type-product","3":"status-publish","5":"product_cat-hobi","6":"product_cat-spor","7":"pa_cilt-ciltsiz","8":"pa_tur-kitap","9":"pa_yayinevi-gazi-kitabevi","10":"pa_yazar-didem-yavuz-soyler-m-fatih-karahuseyinoglu","12":"first","13":"instock","14":"sale","15":"shipping-taxable","16":"purchasable","17":"product-type-simple"},"_links":{"self":[{"href":"https:\/\/roveyayinevi.com.tr\/index.php\/wp-json\/wp\/v2\/product\/733685","targetHints":{"allow":["GET"]}}],"collection":[{"href":"https:\/\/roveyayinevi.com.tr\/index.php\/wp-json\/wp\/v2\/product"}],"about":[{"href":"https:\/\/roveyayinevi.com.tr\/index.php\/wp-json\/wp\/v2\/types\/product"}],"wp:attachment":[{"href":"https:\/\/roveyayinevi.com.tr\/index.php\/wp-json\/wp\/v2\/media?parent=733685"}],"wp:term":[{"taxonomy":"product_brand","embeddable":true,"href":"https:\/\/roveyayinevi.com.tr\/index.php\/wp-json\/wp\/v2\/product_brand?post=733685"},{"taxonomy":"product_cat","embeddable":true,"href":"https:\/\/roveyayinevi.com.tr\/index.php\/wp-json\/wp\/v2\/product_cat?post=733685"},{"taxonomy":"product_tag","embeddable":true,"href":"https:\/\/roveyayinevi.com.tr\/index.php\/wp-json\/wp\/v2\/product_tag?post=733685"}],"curies":[{"name":"wp","href":"https:\/\/api.w.org\/{rel}","templated":true}]}}