{"id":733684,"date":"2025-08-27T22:14:54","date_gmt":"2025-08-27T19:14:54","guid":{"rendered":"https:\/\/roveyayinevi.com.tr\/index.php\/urun\/covid-19-salgininin-isletmelerin-finansal-tablolari-uzerine-etkisine-iliskin-arastirma-sonuclarinin-degerlendirilmesi\/"},"modified":"2026-04-16T02:41:34","modified_gmt":"2026-04-15T23:41:34","slug":"covid-19-salgininin-isletmelerin-finansal-tablolari-uzerine-etkisine-iliskin-arastirma-sonuclarinin-degerlendirilmesi","status":"publish","type":"product","link":"https:\/\/roveyayinevi.com.tr\/index.php\/urun\/covid-19-salgininin-isletmelerin-finansal-tablolari-uzerine-etkisine-iliskin-arastirma-sonuclarinin-degerlendirilmesi\/","title":{"rendered":"Covid 19 Salg\u0131n\u0131n\u0131n \u0130\u015fletmelerin Finansal Tablolar\u0131 \u00dczerine Etkisine \u0130li\u015fkin Ara\u015ft\u0131rma Sonu\u00e7lar\u0131n\u0131n De\u011ferlendirilmesi"},"content":{"rendered":"<p>Covid 19 Salg\u0131n\u0131n\u0131n \u0130\u015fletmelerin Finansal Tablolar\u0131 \u00dczerine Etkisine \u0130li\u015fkin Ara\u015ft\u0131rma Sonu\u00e7lar\u0131n\u0131n De\u011ferlendirilmesi<\/p>\n","protected":false},"excerpt":{"rendered":"<p>Covid 19 Salg\u0131n\u0131n\u0131n \u0130\u015fletmelerin Finansal Tablolar\u0131 \u00dczerine Etkisine \u0130li\u015fkin Ara\u015ft\u0131rma Sonu\u00e7lar\u0131n\u0131n De\u011ferlendirilmesi<\/p>\n","protected":false},"featured_media":0,"template":"","meta":{"_monsterinsights_skip_tracking":false,"_monsterinsights_sitenote_active":false,"_monsterinsights_sitenote_note":"","_monsterinsights_sitenote_category":0},"product_brand":[],"product_cat":[17249,13043],"product_tag":[],"class_list":{"0":"post-733684","1":"product","2":"type-product","3":"status-publish","5":"product_cat-borsa-finans","6":"product_cat-ekonomi","7":"pa_cilt-ciltli","8":"pa_tur-kitap","9":"pa_yayinevi-gazi-kitabevi","10":"pa_yazar-gazi-kitabevi-kolektif","12":"first","13":"instock","14":"sale","15":"shipping-taxable","16":"purchasable","17":"product-type-simple"},"_links":{"self":[{"href":"https:\/\/roveyayinevi.com.tr\/index.php\/wp-json\/wp\/v2\/product\/733684","targetHints":{"allow":["GET"]}}],"collection":[{"href":"https:\/\/roveyayinevi.com.tr\/index.php\/wp-json\/wp\/v2\/product"}],"about":[{"href":"https:\/\/roveyayinevi.com.tr\/index.php\/wp-json\/wp\/v2\/types\/product"}],"wp:attachment":[{"href":"https:\/\/roveyayinevi.com.tr\/index.php\/wp-json\/wp\/v2\/media?parent=733684"}],"wp:term":[{"taxonomy":"product_brand","embeddable":true,"href":"https:\/\/roveyayinevi.com.tr\/index.php\/wp-json\/wp\/v2\/product_brand?post=733684"},{"taxonomy":"product_cat","embeddable":true,"href":"https:\/\/roveyayinevi.com.tr\/index.php\/wp-json\/wp\/v2\/product_cat?post=733684"},{"taxonomy":"product_tag","embeddable":true,"href":"https:\/\/roveyayinevi.com.tr\/index.php\/wp-json\/wp\/v2\/product_tag?post=733684"}],"curies":[{"name":"wp","href":"https:\/\/api.w.org\/{rel}","templated":true}]}}