{"id":733683,"date":"2025-08-27T22:14:53","date_gmt":"2025-08-27T19:14:53","guid":{"rendered":"https:\/\/roveyayinevi.com.tr\/index.php\/urun\/avrupa-birligi-turkiye-ve-dunyada-cevre-dostu-yenilenebilir-enerji-politikalarinin-uygulanmasinda-devletin-rolu\/"},"modified":"2026-04-16T02:41:34","modified_gmt":"2026-04-15T23:41:34","slug":"avrupa-birligi-turkiye-ve-dunyada-cevre-dostu-yenilenebilir-enerji-politikalarinin-uygulanmasinda-devletin-rolu","status":"publish","type":"product","link":"https:\/\/roveyayinevi.com.tr\/index.php\/urun\/avrupa-birligi-turkiye-ve-dunyada-cevre-dostu-yenilenebilir-enerji-politikalarinin-uygulanmasinda-devletin-rolu\/","title":{"rendered":"Avrupa Birli\u011fi, T\u00fcrkiye ve D\u00fcnya&#8217;da \u00c7evre Dostu Yenilenebilir Enerji Politikalar\u0131n\u0131n Uygulanmas\u0131nda Devletin Rol\u00fc"},"content":{"rendered":"<p>Avrupa Birli\u011fi, T\u00fcrkiye ve D\u00fcnya&#8217;da \u00c7evre Dostu Yenilenebilir Enerji Politikalar\u0131n\u0131n Uygulanmas\u0131nda Devletin Rol\u00fc<\/p>\n","protected":false},"excerpt":{"rendered":"<p>Avrupa Birli\u011fi, T\u00fcrkiye ve D\u00fcnya&#8217;da \u00c7evre Dostu Yenilenebilir Enerji Politikalar\u0131n\u0131n Uygulanmas\u0131nda Devletin Rol\u00fc<\/p>\n","protected":false},"featured_media":0,"template":"","meta":{"_monsterinsights_skip_tracking":false,"_monsterinsights_sitenote_active":false,"_monsterinsights_sitenote_note":"","_monsterinsights_sitenote_category":0},"product_brand":[],"product_cat":[13043,14381],"product_tag":[],"class_list":{"0":"post-733683","1":"product","2":"type-product","3":"status-publish","5":"product_cat-ekonomi","6":"product_cat-isletme-muhasebe-maliye","7":"pa_cilt-ciltsiz","8":"pa_tur-kitap","9":"pa_yayinevi-gazi-kitabevi","10":"pa_yazar-ibrahim-akdogan","12":"first","13":"instock","14":"sale","15":"shipping-taxable","16":"purchasable","17":"product-type-simple"},"_links":{"self":[{"href":"https:\/\/roveyayinevi.com.tr\/index.php\/wp-json\/wp\/v2\/product\/733683","targetHints":{"allow":["GET"]}}],"collection":[{"href":"https:\/\/roveyayinevi.com.tr\/index.php\/wp-json\/wp\/v2\/product"}],"about":[{"href":"https:\/\/roveyayinevi.com.tr\/index.php\/wp-json\/wp\/v2\/types\/product"}],"wp:attachment":[{"href":"https:\/\/roveyayinevi.com.tr\/index.php\/wp-json\/wp\/v2\/media?parent=733683"}],"wp:term":[{"taxonomy":"product_brand","embeddable":true,"href":"https:\/\/roveyayinevi.com.tr\/index.php\/wp-json\/wp\/v2\/product_brand?post=733683"},{"taxonomy":"product_cat","embeddable":true,"href":"https:\/\/roveyayinevi.com.tr\/index.php\/wp-json\/wp\/v2\/product_cat?post=733683"},{"taxonomy":"product_tag","embeddable":true,"href":"https:\/\/roveyayinevi.com.tr\/index.php\/wp-json\/wp\/v2\/product_tag?post=733683"}],"curies":[{"name":"wp","href":"https:\/\/api.w.org\/{rel}","templated":true}]}}