{"id":733682,"date":"2025-08-27T22:14:52","date_gmt":"2025-08-27T19:14:52","guid":{"rendered":"https:\/\/roveyayinevi.com.tr\/index.php\/urun\/ekolojik-sosyal-ve-ekonomik-cevre-boyutlariyla-entegre-raporlama-turkiye-agi-erta\/"},"modified":"2026-04-16T02:41:34","modified_gmt":"2026-04-15T23:41:34","slug":"ekolojik-sosyal-ve-ekonomik-cevre-boyutlariyla-entegre-raporlama-turkiye-agi-erta","status":"publish","type":"product","link":"https:\/\/roveyayinevi.com.tr\/index.php\/urun\/ekolojik-sosyal-ve-ekonomik-cevre-boyutlariyla-entegre-raporlama-turkiye-agi-erta\/","title":{"rendered":"Ekolojik, Sosyal ve Ekonomik \u00c7evre Boyutlar\u0131yla Entegre Raporlama T\u00fcrkiye A\u011f\u0131 &#8211; ERTA"},"content":{"rendered":"<p>Giri\u015f2. Entegre Raporlama Kavramsal \u00c7er\u00e7eve3. Entegre Raporlaman\u0131n \u0130\u00e7erik \u00d6\u011feleri4. Entegre Raporlaman\u0131n Sermaye \u00d6\u011feleri5. Entegre Raporlama K\u0131lavuz \u0130lkeleri6. Entegre Raporlaman\u0131n Faydalar\u01317. Entegre Raporlama ile \u0130lgili Uluslararas\u0131 Kurulu\u015flar8. Entegre Raporlama T\u00fcrkiye A\u011f\u0131 (ERTA)9. Entegre Raporlama ile \u0130lgili \u00d6ncel \u00c7al\u0131\u015fmalar..10. Entegre Raporun, \u0130\u015fletmeler, \u00dclke Ekonomileri, Sosyal ve Ekolojik \u00c7evre A\u00e7\u0131s\u0131ndan \u00d6nemi<\/p>\n","protected":false},"excerpt":{"rendered":"<p>Giri\u015f2. Entegre Raporlama Kavramsal \u00c7er\u00e7eve3. Entegre Raporlaman\u0131n \u0130\u00e7erik \u00d6\u011feleri4. Entegre Raporlaman\u0131n Sermaye \u00d6\u011feleri5. Entegre Raporlama K\u0131lavuz \u0130lkeleri6. Entegre Raporlaman\u0131n Faydalar\u01317. Entegre Raporlama ile \u0130lgili Uluslararas\u0131 Kurulu\u015flar8.<span class=\"excerpt-hellip\"> [\u2026]<\/span><\/p>\n","protected":false},"featured_media":0,"template":"","meta":{"_monsterinsights_skip_tracking":false,"_monsterinsights_sitenote_active":false,"_monsterinsights_sitenote_note":"","_monsterinsights_sitenote_category":0},"product_brand":[],"product_cat":[13043,14381],"product_tag":[],"class_list":{"0":"post-733682","1":"product","2":"type-product","3":"status-publish","5":"product_cat-ekonomi","6":"product_cat-isletme-muhasebe-maliye","7":"pa_cilt-ciltsiz","8":"pa_tur-kitap","9":"pa_yayinevi-gazi-kitabevi","10":"pa_yazar-mehmet-sirin-yakut","12":"first","13":"instock","14":"sale","15":"shipping-taxable","16":"purchasable","17":"product-type-simple"},"_links":{"self":[{"href":"https:\/\/roveyayinevi.com.tr\/index.php\/wp-json\/wp\/v2\/product\/733682","targetHints":{"allow":["GET"]}}],"collection":[{"href":"https:\/\/roveyayinevi.com.tr\/index.php\/wp-json\/wp\/v2\/product"}],"about":[{"href":"https:\/\/roveyayinevi.com.tr\/index.php\/wp-json\/wp\/v2\/types\/product"}],"wp:attachment":[{"href":"https:\/\/roveyayinevi.com.tr\/index.php\/wp-json\/wp\/v2\/media?parent=733682"}],"wp:term":[{"taxonomy":"product_brand","embeddable":true,"href":"https:\/\/roveyayinevi.com.tr\/index.php\/wp-json\/wp\/v2\/product_brand?post=733682"},{"taxonomy":"product_cat","embeddable":true,"href":"https:\/\/roveyayinevi.com.tr\/index.php\/wp-json\/wp\/v2\/product_cat?post=733682"},{"taxonomy":"product_tag","embeddable":true,"href":"https:\/\/roveyayinevi.com.tr\/index.php\/wp-json\/wp\/v2\/product_tag?post=733682"}],"curies":[{"name":"wp","href":"https:\/\/api.w.org\/{rel}","templated":true}]}}