{"id":733678,"date":"2025-08-27T22:14:48","date_gmt":"2025-08-27T19:14:48","guid":{"rendered":"https:\/\/roveyayinevi.com.tr\/index.php\/urun\/hayattan-sahneler-levayih-i-hayat\/"},"modified":"2026-04-16T02:41:34","modified_gmt":"2026-04-15T23:41:34","slug":"hayattan-sahneler-levayih-i-hayat","status":"publish","type":"product","link":"https:\/\/roveyayinevi.com.tr\/index.php\/urun\/hayattan-sahneler-levayih-i-hayat\/","title":{"rendered":"Hayattan Sahneler &#8211; Lev\u00e2yih-i Hayat"},"content":{"rendered":"<p>\u201cD\u00fcnyan\u0131n neye tahamm\u00fcl\u00fc var Fehame? Unut! Unut! Biraz da d\u00fcnyan\u0131n zevkini s\u00fcrmeye \u00e7al\u0131\u015f.\u201d   Fatma Aliye\u2019nin, Hayattan Sahneler (Lev\u00e2yih-i Hayat) adl\u0131 eseri mektup tarz\u0131nda kurgulanm\u0131\u015f olup iyi ailelerde yeti\u015fmi\u015f, zengin, k\u00fclt\u00fcrl\u00fc ve \u00fcst s\u0131n\u0131ftan akraba be\u015f kad\u0131n\u0131n -Fehame, Mehabe, Sabahat, Nebahat, \u0130timat- birbirine g\u00f6nderdi\u011fi on bir mektuptan olu\u015fur. Kahramanlar\u0131n karakterlerine uygun isimlerle adland\u0131r\u0131ld\u0131\u011f\u0131 romanda, evlilikteki mutsuzluk ve mutluluk, e\u015fler aras\u0131ndaki uyum, gayrime\u015fru a\u015fklar\u0131n \u00e7irkinli\u011fi, e\u011fitimin \u00f6nemi, kocas\u0131n\u0131 sevmeden kendi r\u0131zas\u0131 d\u0131\u015f\u0131nda evlendirilen kad\u0131nlar\u0131n ya\u015fad\u0131\u011f\u0131 sorunlar, a\u015fk ve muhabbet kavramlar\u0131, kocan\u0131n sadakatsizli\u011fi gibi konular tart\u0131\u015f\u0131l\u0131r. Hayattan Sahneler (Lev\u00e2yih-i Hayat) kad\u0131n edebiyat\u0131n\u0131n ilk \u00f6rneklerinden ve kad\u0131n sorununun en detayl\u0131 bi\u00e7imde i\u015flendi\u011fi bir roman olmas\u0131 bak\u0131m\u0131ndan \u00f6nem arz etmektedir. Tanzimat d\u00f6neminde kad\u0131n\u0131n iyi bir e\u015f, iyi bir anne olmak i\u00e7in e\u011fitilmesi gerekti\u011fi anlay\u0131\u015f\u0131, eserdeki mutsuz evlilik \u00f6rnekleriyle ele\u015ftirilir. Kad\u0131n duyarl\u0131l\u0131\u011f\u0131yla dolu olan sat\u0131rlarda kahramanlar\u0131n kad\u0131n sorunlar\u0131yla ilgili g\u00f6r\u00fc\u015flerini kendi ya\u015famlar\u0131ndan yola \u00e7\u0131karak ortaya koymalar\u0131, esere hem toplumsal hem de bireysel bir nitelik kazand\u0131rmaktad\u0131r. 1897-98 y\u0131l\u0131nda ilk bask\u0131s\u0131 yap\u0131lan Hayattan Sahneler (Lev\u00e2yih-i Hayat), Bo\u011fazi\u00e7i \u00dcniversitesi T\u00fcrk Dili ve Edebiyat\u0131 B\u00f6l\u00fcm\u00fc\u2019nde \u00f6\u011fretim \u00fcyesi olan T\u00fclay Gen\u00e7t\u00fcrk Demircio\u011flu taraf\u0131ndan yay\u0131na haz\u0131rlanm\u0131\u015ft\u0131r. Eserin bu bask\u0131s\u0131 d\u00f6nemin diline ve ruhuna olabildi\u011fince uygun, fakat g\u00fcn\u00fcm\u00fcz okuru i\u00e7in de anla\u015f\u0131labilir olmas\u0131 ama\u00e7lanarak \u00e7evrilmi\u015ftir. <\/p>\n","protected":false},"excerpt":{"rendered":"<p>\u201cD\u00fcnyan\u0131n neye tahamm\u00fcl\u00fc var Fehame? Unut! Unut! Biraz da d\u00fcnyan\u0131n zevkini s\u00fcrmeye \u00e7al\u0131\u015f.\u201d Fatma Aliye\u2019nin, Hayattan Sahneler (Lev\u00e2yih-i Hayat) adl\u0131 eseri mektup tarz\u0131nda kurgulanm\u0131\u015f olup iyi<span class=\"excerpt-hellip\"> [\u2026]<\/span><\/p>\n","protected":false},"featured_media":0,"template":"","meta":{"_monsterinsights_skip_tracking":false,"_monsterinsights_sitenote_active":false,"_monsterinsights_sitenote_note":"","_monsterinsights_sitenote_category":0},"product_brand":[],"product_cat":[12291,12711],"product_tag":[],"class_list":{"0":"post-733678","1":"product","2":"type-product","3":"status-publish","5":"product_cat-edebiyat","6":"product_cat-roman-oyku","7":"pa_cilt-ciltli","8":"pa_tur-kitap","9":"pa_yayinevi-koridor-yayincilik","10":"pa_yazar-fatma-aliye","12":"first","13":"instock","14":"sale","15":"shipping-taxable","16":"purchasable","17":"product-type-simple"},"_links":{"self":[{"href":"https:\/\/roveyayinevi.com.tr\/index.php\/wp-json\/wp\/v2\/product\/733678","targetHints":{"allow":["GET"]}}],"collection":[{"href":"https:\/\/roveyayinevi.com.tr\/index.php\/wp-json\/wp\/v2\/product"}],"about":[{"href":"https:\/\/roveyayinevi.com.tr\/index.php\/wp-json\/wp\/v2\/types\/product"}],"wp:attachment":[{"href":"https:\/\/roveyayinevi.com.tr\/index.php\/wp-json\/wp\/v2\/media?parent=733678"}],"wp:term":[{"taxonomy":"product_brand","embeddable":true,"href":"https:\/\/roveyayinevi.com.tr\/index.php\/wp-json\/wp\/v2\/product_brand?post=733678"},{"taxonomy":"product_cat","embeddable":true,"href":"https:\/\/roveyayinevi.com.tr\/index.php\/wp-json\/wp\/v2\/product_cat?post=733678"},{"taxonomy":"product_tag","embeddable":true,"href":"https:\/\/roveyayinevi.com.tr\/index.php\/wp-json\/wp\/v2\/product_tag?post=733678"}],"curies":[{"name":"wp","href":"https:\/\/api.w.org\/{rel}","templated":true}]}}