{"id":733672,"date":"2025-08-27T22:14:40","date_gmt":"2025-08-27T19:14:40","guid":{"rendered":"https:\/\/roveyayinevi.com.tr\/index.php\/urun\/kalbim-sana-ait\/"},"modified":"2026-04-16T02:41:34","modified_gmt":"2026-04-15T23:41:34","slug":"kalbim-sana-ait","status":"publish","type":"product","link":"https:\/\/roveyayinevi.com.tr\/index.php\/urun\/kalbim-sana-ait\/","title":{"rendered":"Kalbim Sana Ait"},"content":{"rendered":"<p>\u201cDuygular bizim en iyi pusulam\u0131zd\u0131r.\u201d   Flint Hopkins, hukuk b\u00fcrosunun \u00fczerindeki daire i\u00e7in m\u00fckemmel bir kirac\u0131 buldu\u011funda i\u015flerin tepetaklak olaca\u011f\u0131ndan habersizdir. Yeni kirac\u0131s\u0131 Ellen m\u00fczik terapisti olman\u0131n hakk\u0131n\u0131 verir: G\u00fcn boyunca s\u00f6ylenen \u015fark\u0131lar ve susmayan m\u00fczik sesi gen\u00e7 adam\u0131n kozas\u0131n\u0131n i\u00e7ine s\u0131zar. Ac\u0131mas\u0131z avukat, kendi iyili\u011fini d\u00fc\u015f\u00fcnerek bu fazla \u00e7ekici, s\u00fcrekli sevdi\u011fi melodileri m\u0131r\u0131ldanan k\u0131z\u0131l sa\u00e7l\u0131 kad\u0131na tahliye bildirisi g\u00f6nderir. Ancak Flint\u2019in otizmli o\u011flu Harrison ondan ho\u015flanm\u0131\u015ft\u0131r ve \u015fans Ellen\u2019dan yanad\u0131r.   Flint ve Ellen\u2019\u0131n aras\u0131ndaki tutku-nefret ili\u015fkisi g\u00fczel ve trajik bir hik\u00e2yeye d\u00f6n\u00fc\u015f\u00fcr. Hayat \u00f6nlerine engeller koyarken a\u015fklar\u0131na sahip \u00e7\u0131kmak i\u00e7in vermeleri gereken zor bir karar vard\u0131r. A\u015fk m\u0131 yoksa sorumluluklar m\u0131 galip gelecektir?<\/p>\n","protected":false},"excerpt":{"rendered":"<p>\u201cDuygular bizim en iyi pusulam\u0131zd\u0131r.\u201d Flint Hopkins, hukuk b\u00fcrosunun \u00fczerindeki daire i\u00e7in m\u00fckemmel bir kirac\u0131 buldu\u011funda i\u015flerin tepetaklak olaca\u011f\u0131ndan habersizdir. Yeni kirac\u0131s\u0131 Ellen m\u00fczik terapisti olman\u0131n<span class=\"excerpt-hellip\"> [\u2026]<\/span><\/p>\n","protected":false},"featured_media":0,"template":"","meta":{"_monsterinsights_skip_tracking":false,"_monsterinsights_sitenote_active":false,"_monsterinsights_sitenote_note":"","_monsterinsights_sitenote_category":0},"product_brand":[],"product_cat":[12291,12711],"product_tag":[],"class_list":{"0":"post-733672","1":"product","2":"type-product","3":"status-publish","5":"product_cat-edebiyat","6":"product_cat-roman-oyku","7":"pa_cilt-ciltsiz","8":"pa_tur-kitap","9":"pa_yayinevi-nemesis-kitap","10":"pa_yazar-jewel-e-ann","12":"first","13":"instock","14":"sale","15":"shipping-taxable","16":"purchasable","17":"product-type-simple"},"_links":{"self":[{"href":"https:\/\/roveyayinevi.com.tr\/index.php\/wp-json\/wp\/v2\/product\/733672","targetHints":{"allow":["GET"]}}],"collection":[{"href":"https:\/\/roveyayinevi.com.tr\/index.php\/wp-json\/wp\/v2\/product"}],"about":[{"href":"https:\/\/roveyayinevi.com.tr\/index.php\/wp-json\/wp\/v2\/types\/product"}],"wp:attachment":[{"href":"https:\/\/roveyayinevi.com.tr\/index.php\/wp-json\/wp\/v2\/media?parent=733672"}],"wp:term":[{"taxonomy":"product_brand","embeddable":true,"href":"https:\/\/roveyayinevi.com.tr\/index.php\/wp-json\/wp\/v2\/product_brand?post=733672"},{"taxonomy":"product_cat","embeddable":true,"href":"https:\/\/roveyayinevi.com.tr\/index.php\/wp-json\/wp\/v2\/product_cat?post=733672"},{"taxonomy":"product_tag","embeddable":true,"href":"https:\/\/roveyayinevi.com.tr\/index.php\/wp-json\/wp\/v2\/product_tag?post=733672"}],"curies":[{"name":"wp","href":"https:\/\/api.w.org\/{rel}","templated":true}]}}