{"id":733670,"date":"2025-08-27T22:14:38","date_gmt":"2025-08-27T19:14:38","guid":{"rendered":"https:\/\/roveyayinevi.com.tr\/index.php\/urun\/galakside-inecek-var\/"},"modified":"2026-04-16T02:41:33","modified_gmt":"2026-04-15T23:41:33","slug":"galakside-inecek-var","status":"publish","type":"product","link":"https:\/\/roveyayinevi.com.tr\/index.php\/urun\/galakside-inecek-var\/","title":{"rendered":"Galakside \u0130necek Var"},"content":{"rendered":"<p>Yol boyunca satranc\u0131n piyon ta\u015flar\u0131 gibi siper alm\u0131\u015f a\u011fa\u00e7lar\u0131 sayd\u0131 Kayra. Yeni bir yere ta\u015f\u0131nman\u0131n heyecan\u0131ndan \u00e7ok al\u0131\u015ft\u0131\u011f\u0131 bir yerden ayr\u0131lman\u0131n buruklu\u011funu ya\u015f\u0131yordu. Yola \u00e7\u0131kt\u0131klar\u0131 andan itibaren merakl\u0131 bak\u0131\u015flarla her yeri izlemeye ba\u015flad\u0131. Farkl\u0131 bir duygu bar\u0131nd\u0131r\u0131yordu i\u00e7inde. Ne zaman b\u00f6yle hissetse kendini bir maceran\u0131n ortas\u0131nda buluverirdi. Acaba bu kasabada onu bekleyen macera neydi? <\/p>\n","protected":false},"excerpt":{"rendered":"<p>Yol boyunca satranc\u0131n piyon ta\u015flar\u0131 gibi siper alm\u0131\u015f a\u011fa\u00e7lar\u0131 sayd\u0131 Kayra. Yeni bir yere ta\u015f\u0131nman\u0131n heyecan\u0131ndan \u00e7ok al\u0131\u015ft\u0131\u011f\u0131 bir yerden ayr\u0131lman\u0131n buruklu\u011funu ya\u015f\u0131yordu. Yola \u00e7\u0131kt\u0131klar\u0131 andan<span class=\"excerpt-hellip\"> [\u2026]<\/span><\/p>\n","protected":false},"featured_media":0,"template":"","meta":{"_monsterinsights_skip_tracking":false,"_monsterinsights_sitenote_active":false,"_monsterinsights_sitenote_note":"","_monsterinsights_sitenote_category":0},"product_brand":[],"product_cat":[12274,12284],"product_tag":[],"class_list":{"0":"post-733670","1":"product","2":"type-product","3":"status-publish","5":"product_cat-cocuk-ve-genclik-kitaplari","6":"product_cat-hikayeler","7":"pa_cilt-ciltsiz","8":"pa_tur-kitap","9":"pa_yayinevi-gulnar-yayinlari","10":"pa_yazar-fatos-durmaz","12":"first","13":"instock","14":"sale","15":"shipping-taxable","16":"purchasable","17":"product-type-simple"},"_links":{"self":[{"href":"https:\/\/roveyayinevi.com.tr\/index.php\/wp-json\/wp\/v2\/product\/733670","targetHints":{"allow":["GET"]}}],"collection":[{"href":"https:\/\/roveyayinevi.com.tr\/index.php\/wp-json\/wp\/v2\/product"}],"about":[{"href":"https:\/\/roveyayinevi.com.tr\/index.php\/wp-json\/wp\/v2\/types\/product"}],"wp:attachment":[{"href":"https:\/\/roveyayinevi.com.tr\/index.php\/wp-json\/wp\/v2\/media?parent=733670"}],"wp:term":[{"taxonomy":"product_brand","embeddable":true,"href":"https:\/\/roveyayinevi.com.tr\/index.php\/wp-json\/wp\/v2\/product_brand?post=733670"},{"taxonomy":"product_cat","embeddable":true,"href":"https:\/\/roveyayinevi.com.tr\/index.php\/wp-json\/wp\/v2\/product_cat?post=733670"},{"taxonomy":"product_tag","embeddable":true,"href":"https:\/\/roveyayinevi.com.tr\/index.php\/wp-json\/wp\/v2\/product_tag?post=733670"}],"curies":[{"name":"wp","href":"https:\/\/api.w.org\/{rel}","templated":true}]}}