{"id":733669,"date":"2025-08-27T22:14:37","date_gmt":"2025-08-27T19:14:37","guid":{"rendered":"https:\/\/roveyayinevi.com.tr\/index.php\/urun\/sokagin-sesleri\/"},"modified":"2026-04-16T02:41:33","modified_gmt":"2026-04-15T23:41:33","slug":"sokagin-sesleri","status":"publish","type":"product","link":"https:\/\/roveyayinevi.com.tr\/index.php\/urun\/sokagin-sesleri\/","title":{"rendered":"Soka\u011f\u0131n Sesleri"},"content":{"rendered":"<p>Bir sokakta, caddede yu\u0308ru\u0308rken hi\u00e7 duymadan yan\u0131ndan ge\u00e7iverdi\u011fimiz ya da durup uzun uzun dinledi\u011fimiz bir mu\u0308zik sokak mu\u0308zisyeninin yapt\u0131\u011f\u0131: Enstru\u0308mantal, ba\u011f\u0131ra \u00e7a\u011f\u0131ra, halayl\u0131, hu\u0308zu\u0308nlu\u0308, gitarl\u0131, santurlu, trompetli, sazl\u0131, kemanl\u0131, darbukal\u0131&#8230; Sedat Anar, Soka\u011f\u0131n Sesleri\u2019nde sokak mu\u0308zisyenli\u011finin Osmanl\u0131\u2019daki yerini k\u0131saca ele ald\u0131ktan sonra 1990\u2019l\u0131 y\u0131llardan itibaren sokak mu\u0308zisyenli\u011fi yapm\u0131\u015f ve halen yapmakta olan isimlerin hik\u00e2yelerine arac\u0131l\u0131k ediyor, sokak mu\u0308zisyenli\u011finin ger\u00e7e\u011fini sergiliyor. Belediyelerin \u00e7\u0131kard\u0131\u011f\u0131 engeller, zab\u0131talar, polisler&#8230; Sokak mu\u0308zisyenlerinin \u00e7almaya ba\u015flamas\u0131yla canlanan, hayat bulan sokaklar&#8230; Dinleyicilerle ya\u015fanan gergin anlar&#8230; Mu\u0308zi\u011fin bu\u0308yu\u0308su\u0308ne kap\u0131lan bir \u00e7ocu\u011fun yana\u011fa kondurdu\u011fu bir \u00f6pu\u0308cu\u0308k&#8230; Tam te\u00e7hizatl\u0131 konserlerle soka\u011f\u0131n yal\u0131nl\u0131\u011f\u0131 aras\u0131ndaki farklar&#8230; Sokaklardan albu\u0308m \u00e7al\u0131\u015fmalar\u0131na uzanan yollar&#8230; Sokakta olman\u0131n verdi\u011fi \u00f6zgu\u0308rlu\u0308\u011fu\u0308n yarat\u0131c\u0131l\u0131\u011fa katk\u0131lar\u0131&#8230; Kad\u0131n sokak mu\u0308zisyeni olman\u0131n zorluklar\u0131&#8230; Avrupa\u2019da sokak mu\u0308zi\u011fi&#8230; Kendisi de bir sokak mu\u0308zisyeni olan Anar\u2019\u0131n \u201cBizon\u201d Murat\u2019la, \u00d6zgu\u0308r Yal\u00e7\u0131n\u2019la, Murat Su\u0308ngu\u0308\u2019yle, Mu\u0308bin Du\u0308nen\u2019le, Tuncay Korkmaz\u2019la, Ozan \u00d6zdemir\u2019le, Delil \u00d6ncu\u0308\u2019yle, Muttalip Kaynak\u2019la, Or\u00e7un Atilla\u2019yla, Duygu Demir\u2019le, Burcu Uzunhasano\u011flu ve \u00d6zge Unkap\u2019la, Dilan Balkay\u2019la, Azade Simge\u2019yle, Asl\u0131 Bu\u0308yu\u0308kk\u00f6ksal\u2019la, Benjamin Stein\u2019la, Zakaria Haffar\u2019la yapt\u0131\u011f\u0131 s\u00f6yle\u015filer mu\u0308zi\u011fin en saf hallerinden birini yapan sokak mu\u0308zisyenlerinin du\u0308nyas\u0131n\u0131 daha yak\u0131ndan tan\u0131mak i\u00e7in e\u015fsiz bir kaynak niteli\u011finde.<\/p>\n","protected":false},"excerpt":{"rendered":"<p>Bir sokakta, caddede yu\u0308ru\u0308rken hi\u00e7 duymadan yan\u0131ndan ge\u00e7iverdi\u011fimiz ya da durup uzun uzun dinledi\u011fimiz bir mu\u0308zik sokak mu\u0308zisyeninin yapt\u0131\u011f\u0131: Enstru\u0308mantal, ba\u011f\u0131ra \u00e7a\u011f\u0131ra, halayl\u0131, hu\u0308zu\u0308nlu\u0308, gitarl\u0131, santurlu,<span class=\"excerpt-hellip\"> [\u2026]<\/span><\/p>\n","protected":false},"featured_media":0,"template":"","meta":{"_monsterinsights_skip_tracking":false,"_monsterinsights_sitenote_active":false,"_monsterinsights_sitenote_note":"","_monsterinsights_sitenote_category":0},"product_brand":[],"product_cat":[12274,12649],"product_tag":[],"class_list":{"0":"post-733669","1":"product","2":"type-product","3":"status-publish","5":"product_cat-cocuk-ve-genclik-kitaplari","6":"product_cat-hobi-muzik","7":"pa_cilt-ciltsiz","8":"pa_tur-kitap","9":"pa_yayinevi-iletisim-yayinlari","10":"pa_yazar-sedat-anar","12":"first","13":"instock","14":"sale","15":"shipping-taxable","16":"purchasable","17":"product-type-simple"},"_links":{"self":[{"href":"https:\/\/roveyayinevi.com.tr\/index.php\/wp-json\/wp\/v2\/product\/733669","targetHints":{"allow":["GET"]}}],"collection":[{"href":"https:\/\/roveyayinevi.com.tr\/index.php\/wp-json\/wp\/v2\/product"}],"about":[{"href":"https:\/\/roveyayinevi.com.tr\/index.php\/wp-json\/wp\/v2\/types\/product"}],"wp:attachment":[{"href":"https:\/\/roveyayinevi.com.tr\/index.php\/wp-json\/wp\/v2\/media?parent=733669"}],"wp:term":[{"taxonomy":"product_brand","embeddable":true,"href":"https:\/\/roveyayinevi.com.tr\/index.php\/wp-json\/wp\/v2\/product_brand?post=733669"},{"taxonomy":"product_cat","embeddable":true,"href":"https:\/\/roveyayinevi.com.tr\/index.php\/wp-json\/wp\/v2\/product_cat?post=733669"},{"taxonomy":"product_tag","embeddable":true,"href":"https:\/\/roveyayinevi.com.tr\/index.php\/wp-json\/wp\/v2\/product_tag?post=733669"}],"curies":[{"name":"wp","href":"https:\/\/api.w.org\/{rel}","templated":true}]}}