{"id":733668,"date":"2025-08-27T22:14:35","date_gmt":"2025-08-27T19:14:35","guid":{"rendered":"https:\/\/roveyayinevi.com.tr\/index.php\/urun\/kumdan-yurek\/"},"modified":"2026-04-16T02:41:33","modified_gmt":"2026-04-15T23:41:33","slug":"kumdan-yurek","status":"publish","type":"product","link":"https:\/\/roveyayinevi.com.tr\/index.php\/urun\/kumdan-yurek\/","title":{"rendered":"Kumdan Y\u00fcrek"},"content":{"rendered":"<p>Kumdan Yu\u0308rek, 1960\u2019lar\u0131n Zanzibar\u0131\u2019ndan 1990\u2019lar\u0131n Londras\u0131\u2019na uzanan yu\u0308rek par\u00e7alay\u0131c\u0131 bir su\u0308rgu\u0308n, g\u00f6\u00e7 ve ihanet hik\u00e2yesi. Anne-babas\u0131n\u0131n geleneksel Zanzibar toplumunda ayr\u0131 olmalar\u0131na anlam veremeyen Salim, s\u0131r ve k\u00e2bus dolu bu du\u0308nyadan amcas\u0131 Amir\u2019in yard\u0131m\u0131yla uzakla\u015f\u0131p Londra\u2019ya yerle\u015fir. Ama Londra, umdu\u011fu gibi bir cennet olmaktan \u00e7ok uzakt\u0131r. \u0130ngiltere\u2019de ya\u015fad\u0131g\u0131 ac\u0131 tecru\u0308belerle olgunla\u015fan Salim bir yandan da ailesinin bu\u0308yu\u0308k ve karanl\u0131k s\u0131rr\u0131n\u0131 merak etmeyi su\u0308rdu\u0308ru\u0308r. Zanzibar\u2019\u0131 ziyaretinde babas\u0131n\u0131n ona a\u00e7\u0131klad\u0131\u011f\u0131 aile s\u0131rr\u0131 Salim\u2019i derin bir kedere su\u0308ru\u0308kler. Kumdan Yu\u0308rek, Shakespeareyen bir s\u0131rr\u0131n etraf\u0131nda \u00f6ru\u0308lmu\u0308\u015f unutulmaz bir roman. \u201cKumdan Yu\u0308rek, s\u0131n\u0131f, cinsiyet ve ask\u0131n iktidar iliskilerine bag\u0131ml\u0131l\u0131g\u0131n\u0131 yu\u0308rek burkucu bir \u015fekilde g\u00f6steren bir \u015faheser.\u201d Kam\u0131la Shams\u0131e \u201cKumdan Yu\u0308rek, hu\u0308zu\u0308nle zarafetin muazzam bir kar\u0131\u015f\u0131m\u0131.\u201d Suzy Keay<\/p>\n","protected":false},"excerpt":{"rendered":"<p>Kumdan Yu\u0308rek, 1960\u2019lar\u0131n Zanzibar\u0131\u2019ndan 1990\u2019lar\u0131n Londras\u0131\u2019na uzanan yu\u0308rek par\u00e7alay\u0131c\u0131 bir su\u0308rgu\u0308n, g\u00f6\u00e7 ve ihanet hik\u00e2yesi. Anne-babas\u0131n\u0131n geleneksel Zanzibar toplumunda ayr\u0131 olmalar\u0131na anlam veremeyen Salim, s\u0131r ve<span class=\"excerpt-hellip\"> [\u2026]<\/span><\/p>\n","protected":false},"featured_media":0,"template":"","meta":{"_monsterinsights_skip_tracking":false,"_monsterinsights_sitenote_active":false,"_monsterinsights_sitenote_note":"","_monsterinsights_sitenote_category":0},"product_brand":[],"product_cat":[12291,12711],"product_tag":[],"class_list":{"0":"post-733668","1":"product","2":"type-product","3":"status-publish","5":"product_cat-edebiyat","6":"product_cat-roman-oyku","7":"pa_cilt-ciltsiz","8":"pa_tur-kitap","9":"pa_yayinevi-iletisim-yayinlari","10":"pa_yazar-abdulrazak-gurnah","12":"first","13":"instock","14":"sale","15":"shipping-taxable","16":"purchasable","17":"product-type-simple"},"_links":{"self":[{"href":"https:\/\/roveyayinevi.com.tr\/index.php\/wp-json\/wp\/v2\/product\/733668","targetHints":{"allow":["GET"]}}],"collection":[{"href":"https:\/\/roveyayinevi.com.tr\/index.php\/wp-json\/wp\/v2\/product"}],"about":[{"href":"https:\/\/roveyayinevi.com.tr\/index.php\/wp-json\/wp\/v2\/types\/product"}],"wp:attachment":[{"href":"https:\/\/roveyayinevi.com.tr\/index.php\/wp-json\/wp\/v2\/media?parent=733668"}],"wp:term":[{"taxonomy":"product_brand","embeddable":true,"href":"https:\/\/roveyayinevi.com.tr\/index.php\/wp-json\/wp\/v2\/product_brand?post=733668"},{"taxonomy":"product_cat","embeddable":true,"href":"https:\/\/roveyayinevi.com.tr\/index.php\/wp-json\/wp\/v2\/product_cat?post=733668"},{"taxonomy":"product_tag","embeddable":true,"href":"https:\/\/roveyayinevi.com.tr\/index.php\/wp-json\/wp\/v2\/product_tag?post=733668"}],"curies":[{"name":"wp","href":"https:\/\/api.w.org\/{rel}","templated":true}]}}