{"id":733665,"date":"2025-08-27T22:14:32","date_gmt":"2025-08-27T19:14:32","guid":{"rendered":"https:\/\/roveyayinevi.com.tr\/index.php\/urun\/onlar-goctu-buradan\/"},"modified":"2026-04-16T02:41:33","modified_gmt":"2026-04-15T23:41:33","slug":"onlar-goctu-buradan","status":"publish","type":"product","link":"https:\/\/roveyayinevi.com.tr\/index.php\/urun\/onlar-goctu-buradan\/","title":{"rendered":"Onlar G\u00f6\u00e7t\u00fc Buradan"},"content":{"rendered":"<p>T\u00fcrkiye, son y\u0131llarda tarihinin en b\u00fcy\u00fck beyin g\u00f6\u00e7\u00fc dalgas\u0131n\u0131 ya\u015f\u0131yor. Yaln\u0131zca ge\u00e7ti\u011fimiz be\u015f senede, \u00e7o\u011funlu\u011fu y\u00fcksek\u00f6\u011frenim g\u00f6rm\u00fc\u015f gen\u00e7 ku\u015faktan on binlerce ki\u015fi yurtd\u0131\u015f\u0131na yerle\u015fme karar\u0131 ald\u0131.   Peki, bu insanlar\u0131 b\u00f6ylesi zor bir karar\u0131 vermeye iten sebepler neler?   Ya gittikten sonras\u0131? Arad\u0131klar\u0131n\u0131 bulabildiler mi, d\u00f6nmeyi d\u00fc\u015f\u00fcn\u00fcyorlar m\u0131, neleri \u00f6zlediler, neleri hi\u00e7 \u00f6zlemediler?   Evrim Kuran, Onlar G\u00f6\u00e7t\u00fc Buradan\u2019da T\u00fcrkiye\u2019nin her k\u00f6\u015fesinden 118 \u00fclke, 728 kente da\u011f\u0131lm\u0131\u015f 3.253 g\u00f6\u00e7menle g\u00f6r\u00fc\u015ferek yapt\u0131\u011f\u0131 ara\u015ft\u0131rman\u0131n sonu\u00e7lar\u0131n\u0131 anlat\u0131yor ve yorumluyor. Bunu yaparken onlar\u0131n sesini bize duyurmay\u0131 ihmal etmedi\u011fi gibi, kendi tecr\u00fcbelerini ve duygular\u0131n\u0131 da aktar\u0131yor.   Hem yurtd\u0131\u015f\u0131na yerle\u015fmeyi akl\u0131ndan ge\u00e7iren hem de T\u00fcrkiye\u2019nin yurtd\u0131\u015f\u0131na verdi\u011fi g\u00f6\u00e7 olgusunu anlamland\u0131rmak isteyenler i\u00e7in bir ba\u015fvuru kitab\u0131&#8230;   Bir g\u00f6\u00e7men ve bir ku\u015fak ara\u015ft\u0131rmac\u0131s\u0131 olarak \u00e7\u0131kt\u0131\u011f\u0131m bu yolculukta y\u00fczlerce farkl\u0131 hik\u00e2yeyi do\u011frudan dinleme f\u0131rsat\u0131m oldu. Bulgular\u0131n g\u00f6\u00e7men dostlar\u0131ma yaln\u0131z olmad\u0131klar\u0131n\u0131 hat\u0131rlatmas\u0131n\u0131, g\u00f6\u00e7meyi d\u00fc\u015f\u00fcnenleri yarg\u0131lar ya da yorumlarla de\u011fil ger\u00e7eklerle bulu\u015fturmas\u0131n\u0131 ve en \u00f6nemlisi de kural koyucunun \u00fclkenin k\u0131ymetlerinin \u00fclkede kalmalar\u0131n\u0131 kolayla\u015ft\u0131r\u0131c\u0131 tedbirler almas\u0131n\u0131 sa\u011flamas\u0131n\u0131 dilerim. \u00c7\u00fcnk\u00fc onlar, o g\u00fczelim nesil, g\u00f6\u00e7t\u00fc buradan. Evrim Kuran<\/p>\n","protected":false},"excerpt":{"rendered":"<p>T\u00fcrkiye, son y\u0131llarda tarihinin en b\u00fcy\u00fck beyin g\u00f6\u00e7\u00fc dalgas\u0131n\u0131 ya\u015f\u0131yor. Yaln\u0131zca ge\u00e7ti\u011fimiz be\u015f senede, \u00e7o\u011funlu\u011fu y\u00fcksek\u00f6\u011frenim g\u00f6rm\u00fc\u015f gen\u00e7 ku\u015faktan on binlerce ki\u015fi yurtd\u0131\u015f\u0131na yerle\u015fme karar\u0131 ald\u0131.<span class=\"excerpt-hellip\"> [\u2026]<\/span><\/p>\n","protected":false},"featured_media":0,"template":"","meta":{"_monsterinsights_skip_tracking":false,"_monsterinsights_sitenote_active":false,"_monsterinsights_sitenote_note":"","_monsterinsights_sitenote_category":0},"product_brand":[],"product_cat":[12835,12324],"product_tag":[],"class_list":{"0":"post-733665","1":"product","2":"type-product","3":"status-publish","5":"product_cat-genel-sosyoloji","6":"product_cat-sosyoloji","7":"pa_cilt-ciltsiz","8":"pa_tur-kitap","9":"pa_yayinevi-mundi","10":"pa_yazar-evrim-kuran","12":"first","13":"instock","14":"sale","15":"shipping-taxable","16":"purchasable","17":"product-type-simple"},"_links":{"self":[{"href":"https:\/\/roveyayinevi.com.tr\/index.php\/wp-json\/wp\/v2\/product\/733665","targetHints":{"allow":["GET"]}}],"collection":[{"href":"https:\/\/roveyayinevi.com.tr\/index.php\/wp-json\/wp\/v2\/product"}],"about":[{"href":"https:\/\/roveyayinevi.com.tr\/index.php\/wp-json\/wp\/v2\/types\/product"}],"wp:attachment":[{"href":"https:\/\/roveyayinevi.com.tr\/index.php\/wp-json\/wp\/v2\/media?parent=733665"}],"wp:term":[{"taxonomy":"product_brand","embeddable":true,"href":"https:\/\/roveyayinevi.com.tr\/index.php\/wp-json\/wp\/v2\/product_brand?post=733665"},{"taxonomy":"product_cat","embeddable":true,"href":"https:\/\/roveyayinevi.com.tr\/index.php\/wp-json\/wp\/v2\/product_cat?post=733665"},{"taxonomy":"product_tag","embeddable":true,"href":"https:\/\/roveyayinevi.com.tr\/index.php\/wp-json\/wp\/v2\/product_tag?post=733665"}],"curies":[{"name":"wp","href":"https:\/\/api.w.org\/{rel}","templated":true}]}}